{"id":362,"date":"2018-03-02T14:54:59","date_gmt":"2018-03-02T14:54:59","guid":{"rendered":"https:\/\/groupebeauchesne.com\/?page_id=362"},"modified":"2019-05-21T19:51:29","modified_gmt":"2019-05-21T19:51:29","slug":"about","status":"publish","type":"page","link":"https:\/\/groupebeauchesne.com\/en\/about\/","title":{"rendered":"About"},"content":{"rendered":"<div class=\"wpb-content-wrapper\"><p>[vc_row css_animation=&#8221;&#8221; row_type=&#8221;row&#8221; use_row_as_full_screen_section=&#8221;no&#8221; type=&#8221;grid&#8221; angled_section=&#8221;no&#8221; text_align=&#8221;left&#8221; background_image_as_pattern=&#8221;without_pattern&#8221; el_id=&#8221;template-simple&#8221; z_index=&#8221;&#8221;][vc_column width=&#8221;5\/6&#8243; offset=&#8221;vc_col-sm-offset-1&#8243;][vc_column_text]<img loading=\"lazy\" decoding=\"async\" class=\"alignleft size-full wp-image-157\" src=\"https:\/\/groupebeauchesne.com\/wp-content\/uploads\/2018\/02\/boom-truck.jpg\" alt=\"\" width=\"768\" height=\"513\" \/> After it was founded in 1964, \u00c9douard Beauchesne quickly established itself as a leader in the delivery of drywall and various related accessories. The company also became a pioneer in delivery by boom truck, thereby allowing us to achieve a delivery efficiency and a service quality that are still at the heart of our identity today.<\/p>\n<p>To meet the new demands of its growing client base, at the start of the \u201880s, the company acquired a factory that specialized in the production of steel structural components. Known today as <a href=\"http:\/\/www.ebmetal.ca\/\" target=\"_blank\" rel=\"noopener\">EB METAL<\/a>, this division of Groupe Beauchesne produces thousands of metallic studs every day and possesses the largest metal inventory in Canada. Do you need it? We have it, or we\u2019ll make it for you!<\/p>\n<p>Always concerned with offering the best service to our customers, over time, we\u2019ve integrated acoustic ceiling products. We\u2019ve quickly developed expertise with this product range, so that today, we\u2019re one of the two distributors of <a href=\"https:\/\/www.armstrongceilings.com\/commercial\/fr-ca\/\">Armstrong<\/a> ceilings.<\/p>\n<p>With its three branches in Greater Montr\u00e9al (St-Mathieu -de-Beloeil, St-Hubert, and Laval), and having participated in large-scale projects such as the brand-new CHUM and the planning of the Desjardins offices in the mast of the Olympic Stadium, \u00c9douard Beauchesne (1985) Inc. is an undisputed leader in the field of interior systems.<\/p>\n<p>With the creation of Groupe Beauchesne through the addition of Distribution Ste-Foy in 1978,\u00a0we\u2019ve become the largest distributor of interior systems in Quebec. We developed, year after year, strategic partnership that allow us to have one of the highest volume of gypsum purchases in Canada. Thanks to this buying power, we can constantly offer competitive prices to all our customers.<\/p>\n<p>In short, whether it\u2019s for drywall, concrete panels, insulation, ceilings, mouldings, metal frames, joint cement, or all the necessities in terms of specialized tools and fasteners, Groupe Beauchesne is <strong>\u201cTHE BENCHMARK IN INTERIOR SYSTEMS.\u201d<\/strong>[\/vc_column_text][\/vc_column][\/vc_row]<\/p>\n<\/div>","protected":false},"excerpt":{"rendered":"<p>[vc_row css_animation=&#8221;&#8221; row_type=&#8221;row&#8221; use_row_as_full_screen_section=&#8221;no&#8221; type=&#8221;grid&#8221; angled_section=&#8221;no&#8221; text_align=&#8221;left&#8221; background_image_as_pattern=&#8221;without_pattern&#8221; el_id=&#8221;template-simple&#8221; z_index=&#8221;&#8221;][vc_column width=&#8221;5\/6&#8243; offset=&#8221;vc_col-sm-offset-1&#8243;][vc_column_text] After it was founded in 1964, \u00c9douard Beauchesne quickly established itself as a leader in the delivery of drywall and various related accessories. The company also became a pioneer in delivery by boom&#8230;<\/p>\n","protected":false},"author":1,"featured_media":0,"parent":0,"menu_order":0,"comment_status":"closed","ping_status":"closed","template":"full_width.php","meta":{"_acf_changed":false,"footnotes":""},"class_list":["post-362","page","type-page","status-publish","hentry"],"acf":[],"yoast_head":"<!-- This site is optimized with the Yoast SEO plugin v27.4 - https:\/\/yoast.com\/product\/yoast-seo-wordpress\/ -->\n<title>About | Groupe Beauchesne<\/title>\n<meta name=\"description\" content=\"Whether it\u2019s for drywall, concrete panels, insulation, ceilings, mouldings, metal frames, Groupe Beauchesne is \u201cTHE benchmark in interior systems.\u201d\" \/>\n<meta name=\"robots\" content=\"index, follow, max-snippet:-1, max-image-preview:large, max-video-preview:-1\" \/>\n<link rel=\"canonical\" href=\"https:\/\/groupebeauchesne.com\/en\/about\/\" \/>\n<meta property=\"og:locale\" content=\"en_US\" \/>\n<meta property=\"og:type\" content=\"article\" \/>\n<meta property=\"og:title\" content=\"About | Groupe Beauchesne\" \/>\n<meta property=\"og:description\" content=\"Whether it\u2019s for drywall, concrete panels, insulation, ceilings, mouldings, metal frames, Groupe Beauchesne is \u201cTHE benchmark in interior systems.\u201d\" \/>\n<meta property=\"og:url\" content=\"https:\/\/groupebeauchesne.com\/en\/about\/\" \/>\n<meta property=\"og:site_name\" content=\"Groupe Beauchesne\" \/>\n<meta property=\"article:modified_time\" content=\"2019-05-21T19:51:29+00:00\" \/>\n<meta property=\"og:image\" content=\"https:\/\/groupebeauchesne.com\/wp-content\/uploads\/2018\/02\/boom-truck.jpg\" \/>\n<meta name=\"twitter:card\" content=\"summary_large_image\" \/>\n<meta name=\"twitter:label1\" content=\"Est. reading time\" \/>\n\t<meta name=\"twitter:data1\" content=\"2 minutes\" \/>\n<script type=\"application\/ld+json\" class=\"yoast-schema-graph\">{\"@context\":\"https:\\\/\\\/schema.org\",\"@graph\":[{\"@type\":\"WebPage\",\"@id\":\"https:\\\/\\\/groupebeauchesne.com\\\/en\\\/about\\\/\",\"url\":\"https:\\\/\\\/groupebeauchesne.com\\\/en\\\/about\\\/\",\"name\":\"About | Groupe Beauchesne\",\"isPartOf\":{\"@id\":\"https:\\\/\\\/groupebeauchesne.com\\\/#website\"},\"primaryImageOfPage\":{\"@id\":\"https:\\\/\\\/groupebeauchesne.com\\\/en\\\/about\\\/#primaryimage\"},\"image\":{\"@id\":\"https:\\\/\\\/groupebeauchesne.com\\\/en\\\/about\\\/#primaryimage\"},\"thumbnailUrl\":\"https:\\\/\\\/groupebeauchesne.com\\\/wp-content\\\/uploads\\\/2018\\\/02\\\/boom-truck.jpg\",\"datePublished\":\"2018-03-02T14:54:59+00:00\",\"dateModified\":\"2019-05-21T19:51:29+00:00\",\"description\":\"Whether it\u2019s for drywall, concrete panels, insulation, ceilings, mouldings, metal frames, Groupe Beauchesne is \u201cTHE benchmark in interior systems.\u201d\",\"breadcrumb\":{\"@id\":\"https:\\\/\\\/groupebeauchesne.com\\\/en\\\/about\\\/#breadcrumb\"},\"inLanguage\":\"en-CA\",\"potentialAction\":[{\"@type\":\"ReadAction\",\"target\":[\"https:\\\/\\\/groupebeauchesne.com\\\/en\\\/about\\\/\"]}]},{\"@type\":\"ImageObject\",\"inLanguage\":\"en-CA\",\"@id\":\"https:\\\/\\\/groupebeauchesne.com\\\/en\\\/about\\\/#primaryimage\",\"url\":\"https:\\\/\\\/groupebeauchesne.com\\\/wp-content\\\/uploads\\\/2018\\\/02\\\/boom-truck.jpg\",\"contentUrl\":\"https:\\\/\\\/groupebeauchesne.com\\\/wp-content\\\/uploads\\\/2018\\\/02\\\/boom-truck.jpg\"},{\"@type\":\"BreadcrumbList\",\"@id\":\"https:\\\/\\\/groupebeauchesne.com\\\/en\\\/about\\\/#breadcrumb\",\"itemListElement\":[{\"@type\":\"ListItem\",\"position\":1,\"name\":\"Home\",\"item\":\"https:\\\/\\\/groupebeauchesne.com\\\/en\\\/\"},{\"@type\":\"ListItem\",\"position\":2,\"name\":\"About\"}]},{\"@type\":\"WebSite\",\"@id\":\"https:\\\/\\\/groupebeauchesne.com\\\/#website\",\"url\":\"https:\\\/\\\/groupebeauchesne.com\\\/\",\"name\":\"Groupe Beauchesne\",\"description\":\"La r\u00e9f\u00e9rence en syst\u00e8me d\u2019int\u00e9rieur\",\"potentialAction\":[{\"@type\":\"SearchAction\",\"target\":{\"@type\":\"EntryPoint\",\"urlTemplate\":\"https:\\\/\\\/groupebeauchesne.com\\\/?s={search_term_string}\"},\"query-input\":{\"@type\":\"PropertyValueSpecification\",\"valueRequired\":true,\"valueName\":\"search_term_string\"}}],\"inLanguage\":\"en-CA\"}]}<\/script>\n<!-- \/ Yoast SEO plugin. -->","yoast_head_json":{"title":"About | Groupe Beauchesne","description":"Whether it\u2019s for drywall, concrete panels, insulation, ceilings, mouldings, metal frames, Groupe Beauchesne is \u201cTHE benchmark in interior systems.\u201d","robots":{"index":"index","follow":"follow","max-snippet":"max-snippet:-1","max-image-preview":"max-image-preview:large","max-video-preview":"max-video-preview:-1"},"canonical":"https:\/\/groupebeauchesne.com\/en\/about\/","og_locale":"en_US","og_type":"article","og_title":"About | Groupe Beauchesne","og_description":"Whether it\u2019s for drywall, concrete panels, insulation, ceilings, mouldings, metal frames, Groupe Beauchesne is \u201cTHE benchmark in interior systems.\u201d","og_url":"https:\/\/groupebeauchesne.com\/en\/about\/","og_site_name":"Groupe Beauchesne","article_modified_time":"2019-05-21T19:51:29+00:00","og_image":[{"url":"https:\/\/groupebeauchesne.com\/wp-content\/uploads\/2018\/02\/boom-truck.jpg","type":"","width":"","height":""}],"twitter_card":"summary_large_image","twitter_misc":{"Est. reading time":"2 minutes"},"schema":{"@context":"https:\/\/schema.org","@graph":[{"@type":"WebPage","@id":"https:\/\/groupebeauchesne.com\/en\/about\/","url":"https:\/\/groupebeauchesne.com\/en\/about\/","name":"About | Groupe Beauchesne","isPartOf":{"@id":"https:\/\/groupebeauchesne.com\/#website"},"primaryImageOfPage":{"@id":"https:\/\/groupebeauchesne.com\/en\/about\/#primaryimage"},"image":{"@id":"https:\/\/groupebeauchesne.com\/en\/about\/#primaryimage"},"thumbnailUrl":"https:\/\/groupebeauchesne.com\/wp-content\/uploads\/2018\/02\/boom-truck.jpg","datePublished":"2018-03-02T14:54:59+00:00","dateModified":"2019-05-21T19:51:29+00:00","description":"Whether it\u2019s for drywall, concrete panels, insulation, ceilings, mouldings, metal frames, Groupe Beauchesne is \u201cTHE benchmark in interior systems.\u201d","breadcrumb":{"@id":"https:\/\/groupebeauchesne.com\/en\/about\/#breadcrumb"},"inLanguage":"en-CA","potentialAction":[{"@type":"ReadAction","target":["https:\/\/groupebeauchesne.com\/en\/about\/"]}]},{"@type":"ImageObject","inLanguage":"en-CA","@id":"https:\/\/groupebeauchesne.com\/en\/about\/#primaryimage","url":"https:\/\/groupebeauchesne.com\/wp-content\/uploads\/2018\/02\/boom-truck.jpg","contentUrl":"https:\/\/groupebeauchesne.com\/wp-content\/uploads\/2018\/02\/boom-truck.jpg"},{"@type":"BreadcrumbList","@id":"https:\/\/groupebeauchesne.com\/en\/about\/#breadcrumb","itemListElement":[{"@type":"ListItem","position":1,"name":"Home","item":"https:\/\/groupebeauchesne.com\/en\/"},{"@type":"ListItem","position":2,"name":"About"}]},{"@type":"WebSite","@id":"https:\/\/groupebeauchesne.com\/#website","url":"https:\/\/groupebeauchesne.com\/","name":"Groupe Beauchesne","description":"La r\u00e9f\u00e9rence en syst\u00e8me d\u2019int\u00e9rieur","potentialAction":[{"@type":"SearchAction","target":{"@type":"EntryPoint","urlTemplate":"https:\/\/groupebeauchesne.com\/?s={search_term_string}"},"query-input":{"@type":"PropertyValueSpecification","valueRequired":true,"valueName":"search_term_string"}}],"inLanguage":"en-CA"}]}},"_links":{"self":[{"href":"https:\/\/groupebeauchesne.com\/en\/wp-json\/wp\/v2\/pages\/362","targetHints":{"allow":["GET"]}}],"collection":[{"href":"https:\/\/groupebeauchesne.com\/en\/wp-json\/wp\/v2\/pages"}],"about":[{"href":"https:\/\/groupebeauchesne.com\/en\/wp-json\/wp\/v2\/types\/page"}],"author":[{"embeddable":true,"href":"https:\/\/groupebeauchesne.com\/en\/wp-json\/wp\/v2\/users\/1"}],"replies":[{"embeddable":true,"href":"https:\/\/groupebeauchesne.com\/en\/wp-json\/wp\/v2\/comments?post=362"}],"version-history":[{"count":6,"href":"https:\/\/groupebeauchesne.com\/en\/wp-json\/wp\/v2\/pages\/362\/revisions"}],"predecessor-version":[{"id":720,"href":"https:\/\/groupebeauchesne.com\/en\/wp-json\/wp\/v2\/pages\/362\/revisions\/720"}],"wp:attachment":[{"href":"https:\/\/groupebeauchesne.com\/en\/wp-json\/wp\/v2\/media?parent=362"}],"curies":[{"name":"wp","href":"https:\/\/api.w.org\/{rel}","templated":true}]}}