{"id":366,"date":"2018-03-02T14:57:13","date_gmt":"2018-03-02T14:57:13","guid":{"rendered":"https:\/\/groupebeauchesne.com\/?page_id=366"},"modified":"2021-08-27T18:16:45","modified_gmt":"2021-08-27T18:16:45","slug":"jobs","status":"publish","type":"page","link":"https:\/\/groupebeauchesne.com\/en\/jobs\/","title":{"rendered":"Jobs"},"content":{"rendered":"<div class=\"wpb-content-wrapper\"><p>[vc_row css_animation=&#8221;&#8221; row_type=&#8221;row&#8221; use_row_as_full_screen_section=&#8221;no&#8221; type=&#8221;grid&#8221; angled_section=&#8221;no&#8221; text_align=&#8221;left&#8221; background_image_as_pattern=&#8221;without_pattern&#8221; el_id=&#8221;template-carriere&#8221; z_index=&#8221;&#8221;][vc_column][vc_column_text]<\/p>\n<h3>Available Jobs<\/h3>\n<p>[\/vc_column_text][vc_column_text]\t\t<div class=\"emplois-container\">\n\t\t\t<p>No job currently available<\/p>\n\t\t<\/div>\n\t[\/vc_column_text][vc_separator type=&#8221;normal&#8221; color=&#8221;#000000&#8243; thickness=&#8221;1&#8243; up=&#8221;20&#8243; down=&#8221;30&#8243;][vc_column_text]<\/p>\n<h4>The strength of a team<\/h4>\n<p>The success of Groupe Beauchesne lies in its ability to count on a trained team of talented, dedicated individuals who are concerned with customer service.<\/p>\n<p>Working for Groupe Beauchesne means working in a stable environment that has been in operation for over 50 years and that employs nearly 150 people. It also means working in an environment where you can advance and build your career. The evidence: more than 10% of our employees have been with us for over 30 years, and nearly 20% have been here for at least 20 years!<\/p>\n<h4>What we\u2019re looking for in a candidate<\/h4>\n<p>At Beauchesne, we evaluate the potential of the candidates above all. We also attach great importance to the values \u200b\u200band personality of the candidates.<\/p>\n<p>YOUR future job awaits you. Become THE Benchmark!<\/p>\n<p>Do you have questions about the positions available with us? Don\u2019t hesitate to <a href=\"mailto:rh@groupebeauchesne.com\">contact us<\/a>![\/vc_column_text][\/vc_column][\/vc_row]<\/p>\n<\/div>","protected":false},"excerpt":{"rendered":"<p>[vc_row css_animation=&#8221;&#8221; row_type=&#8221;row&#8221; use_row_as_full_screen_section=&#8221;no&#8221; type=&#8221;grid&#8221; angled_section=&#8221;no&#8221; text_align=&#8221;left&#8221; background_image_as_pattern=&#8221;without_pattern&#8221; el_id=&#8221;template-carriere&#8221; z_index=&#8221;&#8221;][vc_column][vc_column_text] Available Jobs [\/vc_column_text][vc_column_text][\/vc_column_text][vc_separator type=&#8221;normal&#8221; color=&#8221;#000000&#8243; thickness=&#8221;1&#8243; up=&#8221;20&#8243; down=&#8221;30&#8243;][vc_column_text] The strength of a team The success of Groupe Beauchesne lies in its ability to count on a trained team of talented, dedicated individuals who are concerned&#8230;<\/p>\n","protected":false},"author":1,"featured_media":0,"parent":0,"menu_order":0,"comment_status":"closed","ping_status":"closed","template":"full_width.php","meta":{"_acf_changed":false,"footnotes":""},"class_list":["post-366","page","type-page","status-publish","hentry"],"acf":[],"yoast_head":"<!-- This site is optimized with the Yoast SEO plugin v27.2 - https:\/\/yoast.com\/product\/yoast-seo-wordpress\/ -->\n<title>Jobs | Groupe Beauchesne<\/title>\n<meta name=\"description\" content=\"YOUR future job awaits you. Become THE Benchmark! Do you have questions about the jobs available with us? Don\u2019t hesitate to contact us!\" \/>\n<meta name=\"robots\" content=\"index, follow, max-snippet:-1, max-image-preview:large, max-video-preview:-1\" \/>\n<link rel=\"canonical\" href=\"https:\/\/groupebeauchesne.com\/en\/jobs\/\" \/>\n<meta property=\"og:locale\" content=\"en_US\" \/>\n<meta property=\"og:type\" content=\"article\" \/>\n<meta property=\"og:title\" content=\"Jobs | Groupe Beauchesne\" \/>\n<meta property=\"og:description\" content=\"YOUR future job awaits you. Become THE Benchmark! Do you have questions about the jobs available with us? Don\u2019t hesitate to contact us!\" \/>\n<meta property=\"og:url\" content=\"https:\/\/groupebeauchesne.com\/en\/jobs\/\" \/>\n<meta property=\"og:site_name\" content=\"Groupe Beauchesne\" \/>\n<meta property=\"article:modified_time\" content=\"2021-08-27T18:16:45+00:00\" \/>\n<meta property=\"og:image\" content=\"https:\/\/groupebeauchesne.com\/wp-content\/uploads\/2018\/02\/slider-bg1.jpg\" \/>\n<meta name=\"twitter:card\" content=\"summary_large_image\" \/>\n<meta name=\"twitter:label1\" content=\"Est. reading time\" \/>\n\t<meta name=\"twitter:data1\" content=\"1 minute\" \/>\n<script type=\"application\/ld+json\" class=\"yoast-schema-graph\">{\"@context\":\"https:\/\/schema.org\",\"@graph\":[{\"@type\":\"WebPage\",\"@id\":\"https:\/\/groupebeauchesne.com\/en\/jobs\/\",\"url\":\"https:\/\/groupebeauchesne.com\/en\/jobs\/\",\"name\":\"Jobs | Groupe Beauchesne\",\"isPartOf\":{\"@id\":\"https:\/\/groupebeauchesne.com\/#website\"},\"datePublished\":\"2018-03-02T14:57:13+00:00\",\"dateModified\":\"2021-08-27T18:16:45+00:00\",\"description\":\"YOUR future job awaits you. Become THE Benchmark! Do you have questions about the jobs available with us? Don\u2019t hesitate to contact us!\",\"breadcrumb\":{\"@id\":\"https:\/\/groupebeauchesne.com\/en\/jobs\/#breadcrumb\"},\"inLanguage\":\"en-CA\",\"potentialAction\":[{\"@type\":\"ReadAction\",\"target\":[\"https:\/\/groupebeauchesne.com\/en\/jobs\/\"]}]},{\"@type\":\"BreadcrumbList\",\"@id\":\"https:\/\/groupebeauchesne.com\/en\/jobs\/#breadcrumb\",\"itemListElement\":[{\"@type\":\"ListItem\",\"position\":1,\"name\":\"Home\",\"item\":\"https:\/\/groupebeauchesne.com\/en\/\"},{\"@type\":\"ListItem\",\"position\":2,\"name\":\"Jobs\"}]},{\"@type\":\"WebSite\",\"@id\":\"https:\/\/groupebeauchesne.com\/#website\",\"url\":\"https:\/\/groupebeauchesne.com\/\",\"name\":\"Groupe Beauchesne\",\"description\":\"La r\u00e9f\u00e9rence en syst\u00e8me d\u2019int\u00e9rieur\",\"potentialAction\":[{\"@type\":\"SearchAction\",\"target\":{\"@type\":\"EntryPoint\",\"urlTemplate\":\"https:\/\/groupebeauchesne.com\/?s={search_term_string}\"},\"query-input\":{\"@type\":\"PropertyValueSpecification\",\"valueRequired\":true,\"valueName\":\"search_term_string\"}}],\"inLanguage\":\"en-CA\"}]}<\/script>\n<!-- \/ Yoast SEO plugin. -->","yoast_head_json":{"title":"Jobs | Groupe Beauchesne","description":"YOUR future job awaits you. Become THE Benchmark! Do you have questions about the jobs available with us? Don\u2019t hesitate to contact us!","robots":{"index":"index","follow":"follow","max-snippet":"max-snippet:-1","max-image-preview":"max-image-preview:large","max-video-preview":"max-video-preview:-1"},"canonical":"https:\/\/groupebeauchesne.com\/en\/jobs\/","og_locale":"en_US","og_type":"article","og_title":"Jobs | Groupe Beauchesne","og_description":"YOUR future job awaits you. Become THE Benchmark! Do you have questions about the jobs available with us? Don\u2019t hesitate to contact us!","og_url":"https:\/\/groupebeauchesne.com\/en\/jobs\/","og_site_name":"Groupe Beauchesne","article_modified_time":"2021-08-27T18:16:45+00:00","og_image":[{"url":"https:\/\/groupebeauchesne.com\/wp-content\/uploads\/2018\/02\/slider-bg1.jpg","type":"","width":"","height":""}],"twitter_card":"summary_large_image","twitter_misc":{"Est. reading time":"1 minute"},"schema":{"@context":"https:\/\/schema.org","@graph":[{"@type":"WebPage","@id":"https:\/\/groupebeauchesne.com\/en\/jobs\/","url":"https:\/\/groupebeauchesne.com\/en\/jobs\/","name":"Jobs | Groupe Beauchesne","isPartOf":{"@id":"https:\/\/groupebeauchesne.com\/#website"},"datePublished":"2018-03-02T14:57:13+00:00","dateModified":"2021-08-27T18:16:45+00:00","description":"YOUR future job awaits you. Become THE Benchmark! Do you have questions about the jobs available with us? Don\u2019t hesitate to contact us!","breadcrumb":{"@id":"https:\/\/groupebeauchesne.com\/en\/jobs\/#breadcrumb"},"inLanguage":"en-CA","potentialAction":[{"@type":"ReadAction","target":["https:\/\/groupebeauchesne.com\/en\/jobs\/"]}]},{"@type":"BreadcrumbList","@id":"https:\/\/groupebeauchesne.com\/en\/jobs\/#breadcrumb","itemListElement":[{"@type":"ListItem","position":1,"name":"Home","item":"https:\/\/groupebeauchesne.com\/en\/"},{"@type":"ListItem","position":2,"name":"Jobs"}]},{"@type":"WebSite","@id":"https:\/\/groupebeauchesne.com\/#website","url":"https:\/\/groupebeauchesne.com\/","name":"Groupe Beauchesne","description":"La r\u00e9f\u00e9rence en syst\u00e8me d\u2019int\u00e9rieur","potentialAction":[{"@type":"SearchAction","target":{"@type":"EntryPoint","urlTemplate":"https:\/\/groupebeauchesne.com\/?s={search_term_string}"},"query-input":{"@type":"PropertyValueSpecification","valueRequired":true,"valueName":"search_term_string"}}],"inLanguage":"en-CA"}]}},"_links":{"self":[{"href":"https:\/\/groupebeauchesne.com\/en\/wp-json\/wp\/v2\/pages\/366","targetHints":{"allow":["GET"]}}],"collection":[{"href":"https:\/\/groupebeauchesne.com\/en\/wp-json\/wp\/v2\/pages"}],"about":[{"href":"https:\/\/groupebeauchesne.com\/en\/wp-json\/wp\/v2\/types\/page"}],"author":[{"embeddable":true,"href":"https:\/\/groupebeauchesne.com\/en\/wp-json\/wp\/v2\/users\/1"}],"replies":[{"embeddable":true,"href":"https:\/\/groupebeauchesne.com\/en\/wp-json\/wp\/v2\/comments?post=366"}],"version-history":[{"count":6,"href":"https:\/\/groupebeauchesne.com\/en\/wp-json\/wp\/v2\/pages\/366\/revisions"}],"predecessor-version":[{"id":3051,"href":"https:\/\/groupebeauchesne.com\/en\/wp-json\/wp\/v2\/pages\/366\/revisions\/3051"}],"wp:attachment":[{"href":"https:\/\/groupebeauchesne.com\/en\/wp-json\/wp\/v2\/media?parent=366"}],"curies":[{"name":"wp","href":"https:\/\/api.w.org\/{rel}","templated":true}]}}