{"id":368,"date":"2018-03-02T14:57:55","date_gmt":"2018-03-02T14:57:55","guid":{"rendered":"https:\/\/groupebeauchesne.com\/?page_id=368"},"modified":"2025-11-25T13:25:11","modified_gmt":"2025-11-25T18:25:11","slug":"contact","status":"publish","type":"page","link":"https:\/\/groupebeauchesne.com\/en\/contact\/","title":{"rendered":"Contact"},"content":{"rendered":"<div class=\"wpb-content-wrapper\"><p>[vc_row css_animation=&#8221;&#8221; row_type=&#8221;row&#8221; use_row_as_full_screen_section=&#8221;no&#8221; type=&#8221;full_width&#8221; angled_section=&#8221;no&#8221; text_align=&#8221;left&#8221; background_image_as_pattern=&#8221;without_pattern&#8221; el_id=&#8221;contact1&#8243; z_index=&#8221;&#8221;][vc_column]<div class='google_map_shortcode_holder' style='height:400px;'><div class='qode_google_map' style='height:400px;' id='map_canvas_69101' data-addresses='[\"3211, chemin de l\u2019Industrie, St-Mathieu de Beloeil, QC J3G 0R9\",\"3775, boulevard Lite, St-Vincent-de-Paul-Laval, QC H7E 1A3\",\"3600, rue Richelieu, St-Hubert, QC J3Y 7B1\"]' data-custom-map-style='false' data-color-overlay='#393939' data-saturation='-100' data-lightness='-60' data-zoom='9' data-pin='https:\/\/groupebeauchesne.com\/wp-content\/uploads\/2021\/02\/pin.png' data-unique-id='69101' data-google-maps-scroll-wheel='false' data-snazzy-map-style='no' data-map-height='400'><\/div><div class='google_map_shortcode_overlay'><\/div><\/div>[\/vc_column][\/vc_row][vc_row css_animation=&#8221;&#8221; row_type=&#8221;row&#8221; use_row_as_full_screen_section=&#8221;no&#8221; type=&#8221;grid&#8221; angled_section=&#8221;no&#8221; text_align=&#8221;left&#8221; background_image_as_pattern=&#8221;without_pattern&#8221; el_id=&#8221;contact2&#8243; z_index=&#8221;&#8221; el_class=&#8221;bloc-padding&#8221;][vc_column width=&#8221;1\/2&#8243;][vc_column_text css=&#8221;&#8221;]<\/p>\n<h4>St-Mathieu de Beloeil<\/h4>\n<p>Order desk: <a href=\"tel:1-844-464-6856\">1-844-464-6856<\/a><br \/>\nAdministration: <a href=\"tel:4504646856\">(450) 464-6856<\/a><br \/>\n<a href=\"https:\/\/goo.gl\/maps\/sgzYpqih5Rv\" target=\"_blank\" rel=\"noopener noreferrer\">3211, chemin de l\u2019Industrie, St-Mathieu de Beloeil, QC J3G 0R9<\/a><\/p>\n<h4>Laval<\/h4>\n<p><a href=\"tel:4506641434\">(450) 664-1434<\/a><br \/>\n<a href=\"https:\/\/goo.gl\/maps\/DZhGuJdb6eu\" target=\"_blank\" rel=\"noopener noreferrer\">3775, boulevard Lite, St-Vincent-de-Paul-Laval, QC H7E 1A3<\/a><\/p>\n<h4>St-Hubert<\/h4>\n<p><a href=\"tel:4504661637\">(450) 466-1637<\/a><br \/>\n<a href=\"https:\/\/goo.gl\/maps\/Wr3Pnt6dQcM2\" target=\"_blank\" rel=\"noopener noreferrer\">3600, rue Richelieu, St-Hubert, QC J3Y 7B1<\/a>[\/vc_column_text][\/vc_column][vc_column width=&#8221;1\/2&#8243;]\n<div class=\"wpcf7 no-js\" id=\"wpcf7-f433-o1\" lang=\"fr-FR\" dir=\"ltr\" data-wpcf7-id=\"433\">\n<div class=\"screen-reader-response\"><p role=\"status\" aria-live=\"polite\" aria-atomic=\"true\"><\/p> <ul><\/ul><\/div>\n<form action=\"\/en\/wp-json\/wp\/v2\/pages\/368#wpcf7-f433-o1\" method=\"post\" class=\"wpcf7-form init default\" aria-label=\"Formulaire de contact\" novalidate=\"novalidate\" data-status=\"init\">\n<fieldset class=\"hidden-fields-container\"><input type=\"hidden\" name=\"_wpcf7\" value=\"433\" \/><input type=\"hidden\" name=\"_wpcf7_version\" value=\"6.1.5\" \/><input type=\"hidden\" name=\"_wpcf7_locale\" value=\"fr_FR\" \/><input type=\"hidden\" name=\"_wpcf7_unit_tag\" value=\"wpcf7-f433-o1\" \/><input type=\"hidden\" name=\"_wpcf7_container_post\" value=\"0\" \/><input type=\"hidden\" name=\"_wpcf7_posted_data_hash\" value=\"\" \/><input type=\"hidden\" name=\"_wpcf7_recaptcha_response\" value=\"\" \/>\n<\/fieldset>\n<div class=\"form-container acceptance_form\">\n\t<div class=\"form-item\">\n\t\t<p><span class=\"wpcf7-form-control-wrap\" data-name=\"nom\"><input size=\"40\" maxlength=\"400\" class=\"wpcf7-form-control wpcf7-text wpcf7-validates-as-required form-control\" aria-required=\"true\" aria-invalid=\"false\" placeholder=\"Name\" value=\"\" type=\"text\" name=\"nom\" \/><\/span>\n\t\t<\/p>\n\t<\/div>\n\t<div class=\"form-item\">\n\t\t<p><span class=\"wpcf7-form-control-wrap\" data-name=\"courriel\"><input size=\"40\" maxlength=\"400\" class=\"wpcf7-form-control wpcf7-email wpcf7-validates-as-required wpcf7-text wpcf7-validates-as-email form-control\" aria-required=\"true\" aria-invalid=\"false\" placeholder=\"Email\" value=\"\" type=\"email\" name=\"courriel\" \/><\/span>\n\t\t<\/p>\n\t<\/div>\n\t<div class=\"form-item\">\n\t\t<p><span class=\"wpcf7-form-control-wrap\" data-name=\"suject\"><input size=\"40\" maxlength=\"400\" class=\"wpcf7-form-control wpcf7-text wpcf7-validates-as-required form-control\" aria-required=\"true\" aria-invalid=\"false\" placeholder=\"Subject\" value=\"\" type=\"text\" name=\"suject\" \/><\/span>\n\t\t<\/p>\n\t<\/div>\n\t<div class=\"form-item\">\n\t\t<p><span class=\"wpcf7-form-control-wrap\" data-name=\"message\"><textarea cols=\"40\" rows=\"10\" maxlength=\"2000\" class=\"wpcf7-form-control wpcf7-textarea wpcf7-validates-as-required form-control\" aria-required=\"true\" aria-invalid=\"false\" placeholder=\"Message\" name=\"message\"><\/textarea><\/span>\n\t\t<\/p>\n\t<\/div>\n\t<div class=\"form-item\">\n\t\t<p><span class=\"wpcf7-form-control-wrap\" data-name=\"acceptance\"><span class=\"wpcf7-form-control wpcf7-acceptance\"><span class=\"wpcf7-list-item\"><label><input type=\"checkbox\" name=\"acceptance\" value=\"1\" id=\"acceptance\" aria-invalid=\"false\" \/><span class=\"wpcf7-list-item-label\">I agree and understand that my information will be used in accordance with the company's <a href=\"\/en\/privacy-policy\/\" target=\"_blank\">privacy policy<\/a>.<\/span><\/label><\/span><\/span><\/span>\n\t\t<\/p>\n\t<\/div>\n\t<div class=\"form-item\">\n\t\t<p><input class=\"wpcf7-form-control wpcf7-submit has-spinner\" type=\"submit\" value=\"Send\" \/>\n\t\t<\/p>\n\t<\/div>\n<\/div><input type=\"hidden\" id=\"ct_checkjs_cf7_da0d1111d2dc5d489242e60ebcbaf988\" name=\"ct_checkjs_cf7\" value=\"0\" \/><script >setTimeout(function(){var ct_input_name = \"ct_checkjs_cf7_da0d1111d2dc5d489242e60ebcbaf988\";if (document.getElementById(ct_input_name) !== null) {var ct_input_value = document.getElementById(ct_input_name).value;document.getElementById(ct_input_name).value = document.getElementById(ct_input_name).value.replace(ct_input_value, '7f92126b4844979cabf98055abbb65ee5993810ca149e7b48930e383a8f6426f');}}, 1000);<\/script><input\n                    class=\"apbct_special_field apbct_email_id__wp_contact_form_7\"\n                    name=\"apbct__email_id__wp_contact_form_7\"\n                    aria-label=\"apbct__label_id__wp_contact_form_7\"\n                    type=\"text\" size=\"30\" maxlength=\"200\" autocomplete=\"off\"\n                    value=\"\"\n                \/><input type='hidden' class='wpcf7-pum' value='{\"closepopup\":false,\"closedelay\":0,\"openpopup\":false,\"openpopup_id\":0}' \/><div class=\"wpcf7-response-output\" aria-hidden=\"true\"><\/div>\n<\/form>\n<\/div>\n[\/vc_column][\/vc_row]<\/p>\n<\/div>","protected":false},"excerpt":{"rendered":"<p>[vc_row css_animation=&#8221;&#8221; row_type=&#8221;row&#8221; use_row_as_full_screen_section=&#8221;no&#8221; type=&#8221;full_width&#8221; angled_section=&#8221;no&#8221; text_align=&#8221;left&#8221; background_image_as_pattern=&#8221;without_pattern&#8221; el_id=&#8221;contact1&#8243; z_index=&#8221;&#8221;][vc_column][\/vc_column][\/vc_row][vc_row css_animation=&#8221;&#8221; row_type=&#8221;row&#8221; use_row_as_full_screen_section=&#8221;no&#8221; type=&#8221;grid&#8221; angled_section=&#8221;no&#8221; text_align=&#8221;left&#8221; background_image_as_pattern=&#8221;without_pattern&#8221; el_id=&#8221;contact2&#8243; z_index=&#8221;&#8221; el_class=&#8221;bloc-padding&#8221;][vc_column width=&#8221;1\/2&#8243;][vc_column_text css=&#8221;&#8221;] St-Mathieu de Beloeil Order desk: 1-844-464-6856 Administration: (450) 464-6856 3211, chemin de l\u2019Industrie, St-Mathieu de Beloeil, QC J3G 0R9 Laval (450) 664-1434 3775,&#8230;<\/p>\n","protected":false},"author":1,"featured_media":0,"parent":0,"menu_order":0,"comment_status":"closed","ping_status":"closed","template":"full_width.php","meta":{"_acf_changed":false,"footnotes":""},"class_list":["post-368","page","type-page","status-publish","hentry"],"acf":[],"yoast_head":"<!-- This site is optimized with the Yoast SEO plugin v27.4 - https:\/\/yoast.com\/product\/yoast-seo-wordpress\/ -->\n<title>Contact | Groupe Beauchesne<\/title>\n<meta name=\"description\" content=\"Got big or small projects? Contact us now and we can help. We have 3 locations to serve every region: St-Mathieu de Beloeil, Laval &amp; St-Hubert.\" \/>\n<meta name=\"robots\" content=\"index, follow, max-snippet:-1, max-image-preview:large, max-video-preview:-1\" \/>\n<link rel=\"canonical\" href=\"https:\/\/groupebeauchesne.com\/en\/contact\/\" \/>\n<meta property=\"og:locale\" content=\"en_US\" \/>\n<meta property=\"og:type\" content=\"article\" \/>\n<meta property=\"og:title\" content=\"Contact | Groupe Beauchesne\" \/>\n<meta property=\"og:description\" content=\"Got big or small projects? Contact us now and we can help. We have 3 locations to serve every region: St-Mathieu de Beloeil, Laval &amp; St-Hubert.\" \/>\n<meta property=\"og:url\" content=\"https:\/\/groupebeauchesne.com\/en\/contact\/\" \/>\n<meta property=\"og:site_name\" content=\"Groupe Beauchesne\" \/>\n<meta property=\"article:modified_time\" content=\"2025-11-25T18:25:11+00:00\" \/>\n<meta property=\"og:image\" content=\"https:\/\/groupebeauchesne.com\/wp-content\/uploads\/2018\/02\/slider-bg1.jpg\" \/>\n<meta name=\"twitter:card\" content=\"summary_large_image\" \/>\n<meta name=\"twitter:label1\" content=\"Est. reading time\" \/>\n\t<meta name=\"twitter:data1\" content=\"1 minute\" \/>\n<script type=\"application\/ld+json\" class=\"yoast-schema-graph\">{\"@context\":\"https:\\\/\\\/schema.org\",\"@graph\":[{\"@type\":\"WebPage\",\"@id\":\"https:\\\/\\\/groupebeauchesne.com\\\/en\\\/contact\\\/\",\"url\":\"https:\\\/\\\/groupebeauchesne.com\\\/en\\\/contact\\\/\",\"name\":\"Contact | Groupe Beauchesne\",\"isPartOf\":{\"@id\":\"https:\\\/\\\/groupebeauchesne.com\\\/#website\"},\"datePublished\":\"2018-03-02T14:57:55+00:00\",\"dateModified\":\"2025-11-25T18:25:11+00:00\",\"description\":\"Got big or small projects? Contact us now and we can help. We have 3 locations to serve every region: St-Mathieu de Beloeil, Laval & St-Hubert.\",\"breadcrumb\":{\"@id\":\"https:\\\/\\\/groupebeauchesne.com\\\/en\\\/contact\\\/#breadcrumb\"},\"inLanguage\":\"en-CA\",\"potentialAction\":[{\"@type\":\"ReadAction\",\"target\":[\"https:\\\/\\\/groupebeauchesne.com\\\/en\\\/contact\\\/\"]}]},{\"@type\":\"BreadcrumbList\",\"@id\":\"https:\\\/\\\/groupebeauchesne.com\\\/en\\\/contact\\\/#breadcrumb\",\"itemListElement\":[{\"@type\":\"ListItem\",\"position\":1,\"name\":\"Home\",\"item\":\"https:\\\/\\\/groupebeauchesne.com\\\/en\\\/\"},{\"@type\":\"ListItem\",\"position\":2,\"name\":\"Contact\"}]},{\"@type\":\"WebSite\",\"@id\":\"https:\\\/\\\/groupebeauchesne.com\\\/#website\",\"url\":\"https:\\\/\\\/groupebeauchesne.com\\\/\",\"name\":\"Groupe Beauchesne\",\"description\":\"La r\u00e9f\u00e9rence en syst\u00e8me d\u2019int\u00e9rieur\",\"potentialAction\":[{\"@type\":\"SearchAction\",\"target\":{\"@type\":\"EntryPoint\",\"urlTemplate\":\"https:\\\/\\\/groupebeauchesne.com\\\/?s={search_term_string}\"},\"query-input\":{\"@type\":\"PropertyValueSpecification\",\"valueRequired\":true,\"valueName\":\"search_term_string\"}}],\"inLanguage\":\"en-CA\"}]}<\/script>\n<!-- \/ Yoast SEO plugin. -->","yoast_head_json":{"title":"Contact | Groupe Beauchesne","description":"Got big or small projects? Contact us now and we can help. We have 3 locations to serve every region: St-Mathieu de Beloeil, Laval & St-Hubert.","robots":{"index":"index","follow":"follow","max-snippet":"max-snippet:-1","max-image-preview":"max-image-preview:large","max-video-preview":"max-video-preview:-1"},"canonical":"https:\/\/groupebeauchesne.com\/en\/contact\/","og_locale":"en_US","og_type":"article","og_title":"Contact | Groupe Beauchesne","og_description":"Got big or small projects? Contact us now and we can help. We have 3 locations to serve every region: St-Mathieu de Beloeil, Laval & St-Hubert.","og_url":"https:\/\/groupebeauchesne.com\/en\/contact\/","og_site_name":"Groupe Beauchesne","article_modified_time":"2025-11-25T18:25:11+00:00","og_image":[{"url":"https:\/\/groupebeauchesne.com\/wp-content\/uploads\/2018\/02\/slider-bg1.jpg","type":"","width":"","height":""}],"twitter_card":"summary_large_image","twitter_misc":{"Est. reading time":"1 minute"},"schema":{"@context":"https:\/\/schema.org","@graph":[{"@type":"WebPage","@id":"https:\/\/groupebeauchesne.com\/en\/contact\/","url":"https:\/\/groupebeauchesne.com\/en\/contact\/","name":"Contact | Groupe Beauchesne","isPartOf":{"@id":"https:\/\/groupebeauchesne.com\/#website"},"datePublished":"2018-03-02T14:57:55+00:00","dateModified":"2025-11-25T18:25:11+00:00","description":"Got big or small projects? Contact us now and we can help. We have 3 locations to serve every region: St-Mathieu de Beloeil, Laval & St-Hubert.","breadcrumb":{"@id":"https:\/\/groupebeauchesne.com\/en\/contact\/#breadcrumb"},"inLanguage":"en-CA","potentialAction":[{"@type":"ReadAction","target":["https:\/\/groupebeauchesne.com\/en\/contact\/"]}]},{"@type":"BreadcrumbList","@id":"https:\/\/groupebeauchesne.com\/en\/contact\/#breadcrumb","itemListElement":[{"@type":"ListItem","position":1,"name":"Home","item":"https:\/\/groupebeauchesne.com\/en\/"},{"@type":"ListItem","position":2,"name":"Contact"}]},{"@type":"WebSite","@id":"https:\/\/groupebeauchesne.com\/#website","url":"https:\/\/groupebeauchesne.com\/","name":"Groupe Beauchesne","description":"La r\u00e9f\u00e9rence en syst\u00e8me d\u2019int\u00e9rieur","potentialAction":[{"@type":"SearchAction","target":{"@type":"EntryPoint","urlTemplate":"https:\/\/groupebeauchesne.com\/?s={search_term_string}"},"query-input":{"@type":"PropertyValueSpecification","valueRequired":true,"valueName":"search_term_string"}}],"inLanguage":"en-CA"}]}},"_links":{"self":[{"href":"https:\/\/groupebeauchesne.com\/en\/wp-json\/wp\/v2\/pages\/368","targetHints":{"allow":["GET"]}}],"collection":[{"href":"https:\/\/groupebeauchesne.com\/en\/wp-json\/wp\/v2\/pages"}],"about":[{"href":"https:\/\/groupebeauchesne.com\/en\/wp-json\/wp\/v2\/types\/page"}],"author":[{"embeddable":true,"href":"https:\/\/groupebeauchesne.com\/en\/wp-json\/wp\/v2\/users\/1"}],"replies":[{"embeddable":true,"href":"https:\/\/groupebeauchesne.com\/en\/wp-json\/wp\/v2\/comments?post=368"}],"version-history":[{"count":2,"href":"https:\/\/groupebeauchesne.com\/en\/wp-json\/wp\/v2\/pages\/368\/revisions"}],"predecessor-version":[{"id":3329,"href":"https:\/\/groupebeauchesne.com\/en\/wp-json\/wp\/v2\/pages\/368\/revisions\/3329"}],"wp:attachment":[{"href":"https:\/\/groupebeauchesne.com\/en\/wp-json\/wp\/v2\/media?parent=368"}],"curies":[{"name":"wp","href":"https:\/\/api.w.org\/{rel}","templated":true}]}}