{"id":372,"date":"2018-03-02T14:59:32","date_gmt":"2018-03-02T14:59:32","guid":{"rendered":"https:\/\/groupebeauchesne.com\/?page_id=372"},"modified":"2018-03-13T18:50:29","modified_gmt":"2018-03-13T18:50:29","slug":"services","status":"publish","type":"page","link":"https:\/\/groupebeauchesne.com\/en\/services\/","title":{"rendered":"Services"},"content":{"rendered":"<div class=\"wpb-content-wrapper\"><p>[vc_row css_animation=&#8221;&#8221; row_type=&#8221;row&#8221; use_row_as_full_screen_section=&#8221;no&#8221; type=&#8221;grid&#8221; angled_section=&#8221;no&#8221; text_align=&#8221;left&#8221; background_image_as_pattern=&#8221;without_pattern&#8221; z_index=&#8221;&#8221; el_class=&#8221;bloc-padding&#8221; el_id=&#8221;services1&#8243;][vc_column][vc_column_text]<\/p>\n<h4>Specialized Delivery<\/h4>\n<p>Whether you need us to deliver 1,000 sheets of drywall to a large construction project or need us to ship materials for your home renovation, we are here to help.[\/vc_column_text][\/vc_column][\/vc_row][vc_row row_type=&#8221;parallax&#8221; parallax_content_width=&#8221;in_grid&#8221; text_align=&#8221;left&#8221; background_image=&#8221;178&#8243; full_screen_section_height=&#8221;no&#8221; el_id=&#8221;services2&#8243; el_class=&#8221;parallax-1500&#8243;][vc_column][vc_column_text]<\/p>\n<h4>We offer<\/h4>\n<p>[\/vc_column_text][vc_row_inner row_type=&#8221;row&#8221; type=&#8221;full_width&#8221; text_align=&#8221;left&#8221; css_animation=&#8221;&#8221;][vc_column_inner width=&#8221;1\/3&#8243;][vc_column_text]<\/p>\n<h5>Boom Truck<\/h5>\n<p>Our extensive fleet of boom trucks is always at your disposal for a safe, efficient, on-time delivery. Your satisfaction is our priority!<\/p>\n<p>Our qualified operators and delivery staff can perform virtually any type of delivery, whether it\u2019s for a commercial, industrial, or residential project.[\/vc_column_text][\/vc_column_inner][vc_column_inner width=&#8221;1\/3&#8243;][vc_column_text]<\/p>\n<h5>Specialized Handling<\/h5>\n<p>We\u2019re fully equipped to deliver your building materials to the most complex construction sites.<\/p>\n<p>We use specialized machinery, such as truck-mounted forklifts, and a qualified staff, so that your materials are delivered worry-free at the desired time and location.[\/vc_column_text][\/vc_column_inner][vc_column_inner width=&#8221;1\/3&#8243;][vc_column_text]<\/p>\n<h5>Coordination for high-altitude delivery<\/h5>\n<p>To what level do you need your materials delivered? Don\u2019t hesitate to ask our highly experienced team. They will be happy to coordinate the delivery according to your needs.[\/vc_column_text][\/vc_column_inner][\/vc_row_inner]<a  itemprop=\"url\" href=\"\/en\/contact\/\" target=\"_self\"  class=\"qbutton  default\" style=\"\">Contact<\/a>[\/vc_column][\/vc_row][vc_row css_animation=&#8221;&#8221; row_type=&#8221;row&#8221; use_row_as_full_screen_section=&#8221;no&#8221; type=&#8221;grid&#8221; angled_section=&#8221;no&#8221; text_align=&#8221;left&#8221; background_image_as_pattern=&#8221;without_pattern&#8221; z_index=&#8221;&#8221; el_class=&#8221;bloc-padding&#8221; el_id=&#8221;services3&#8243;][vc_column][vc_column_text]<\/p>\n<h4>Our Commitment<\/h4>\n<p>To make every effort to always deliver the right materials, in sufficient quantity, to the right place at the right time.[\/vc_column_text][\/vc_column][vc_column width=&#8221;1\/3&#8243;][vc_column_text]<\/p>\n<h5>Technical Assistance<\/h5>\n<p>Our experienced salespeople are there to answer all your questions. Don\u2019t hesitate to contact us.[\/vc_column_text][\/vc_column][vc_column width=&#8221;1\/3&#8243;][vc_column_text]<\/p>\n<h5>Quote<\/h5>\n<p>Call us today to get a price for the products you need.[\/vc_column_text][\/vc_column][vc_column width=&#8221;1\/3&#8243;][vc_column_text]<\/p>\n<h5>On-site presence<\/h5>\n<p>Our training and supervision team provides a constant presence on the construction sites to ensure the quality of our service.[\/vc_column_text][\/vc_column][vc_column]<a  itemprop=\"url\" href=\"\/en\/contact\/\" target=\"_self\"  class=\"qbutton  default\" style=\"\">Contact<\/a>[\/vc_column][\/vc_row][vc_row row_type=&#8221;parallax&#8221; parallax_content_width=&#8221;in_grid&#8221; text_align=&#8221;left&#8221; background_image=&#8221;119&#8243; full_screen_section_height=&#8221;no&#8221; el_class=&#8221;bloc-padding&#8221; el_id=&#8221;services4&#8243;][vc_column][vc_column_text]<\/p>\n<h4>Our competent staff, our high-quality customer service, and our determination to be the very best make us the benchmark in interior systems.<\/h4>\n<p>[\/vc_column_text][\/vc_column][\/vc_row]<\/p>\n<\/div>","protected":false},"excerpt":{"rendered":"<p>[vc_row css_animation=&#8221;&#8221; row_type=&#8221;row&#8221; use_row_as_full_screen_section=&#8221;no&#8221; type=&#8221;grid&#8221; angled_section=&#8221;no&#8221; text_align=&#8221;left&#8221; background_image_as_pattern=&#8221;without_pattern&#8221; z_index=&#8221;&#8221; el_class=&#8221;bloc-padding&#8221; el_id=&#8221;services1&#8243;][vc_column][vc_column_text] Specialized Delivery Whether you need us to deliver 1,000 sheets of drywall to a large construction project or need us to ship materials for your home renovation, we are here to help.[\/vc_column_text][\/vc_column][\/vc_row][vc_row row_type=&#8221;parallax&#8221; parallax_content_width=&#8221;in_grid&#8221;&#8230;<\/p>\n","protected":false},"author":1,"featured_media":0,"parent":0,"menu_order":0,"comment_status":"closed","ping_status":"closed","template":"full_width.php","meta":{"_acf_changed":false,"footnotes":""},"class_list":["post-372","page","type-page","status-publish","hentry"],"acf":[],"yoast_head":"<!-- This site is optimized with the Yoast SEO plugin v27.4 - https:\/\/yoast.com\/product\/yoast-seo-wordpress\/ -->\n<title>Services | Groupe Beauchesne<\/title>\n<meta name=\"description\" content=\"Need us to deliver 1,000 sheets of drywall to a large construction project or need us to ship materials for your home renovation, we are here to help.\" \/>\n<meta name=\"robots\" content=\"index, follow, max-snippet:-1, max-image-preview:large, max-video-preview:-1\" \/>\n<link rel=\"canonical\" href=\"https:\/\/groupebeauchesne.com\/en\/services\/\" \/>\n<meta property=\"og:locale\" content=\"en_US\" \/>\n<meta property=\"og:type\" content=\"article\" \/>\n<meta property=\"og:title\" content=\"Services | Groupe Beauchesne\" \/>\n<meta property=\"og:description\" content=\"Need us to deliver 1,000 sheets of drywall to a large construction project or need us to ship materials for your home renovation, we are here to help.\" \/>\n<meta property=\"og:url\" content=\"https:\/\/groupebeauchesne.com\/en\/services\/\" \/>\n<meta property=\"og:site_name\" content=\"Groupe Beauchesne\" \/>\n<meta property=\"article:modified_time\" content=\"2018-03-13T18:50:29+00:00\" \/>\n<meta property=\"og:image\" content=\"https:\/\/groupebeauchesne.com\/wp-content\/uploads\/2018\/02\/slider-bg1.jpg\" \/>\n<meta name=\"twitter:card\" content=\"summary_large_image\" \/>\n<meta name=\"twitter:label1\" content=\"Est. reading time\" \/>\n\t<meta name=\"twitter:data1\" content=\"3 minutes\" \/>\n<script type=\"application\/ld+json\" class=\"yoast-schema-graph\">{\"@context\":\"https:\\\/\\\/schema.org\",\"@graph\":[{\"@type\":\"WebPage\",\"@id\":\"https:\\\/\\\/groupebeauchesne.com\\\/en\\\/services\\\/\",\"url\":\"https:\\\/\\\/groupebeauchesne.com\\\/en\\\/services\\\/\",\"name\":\"Services | Groupe Beauchesne\",\"isPartOf\":{\"@id\":\"https:\\\/\\\/groupebeauchesne.com\\\/#website\"},\"datePublished\":\"2018-03-02T14:59:32+00:00\",\"dateModified\":\"2018-03-13T18:50:29+00:00\",\"description\":\"Need us to deliver 1,000 sheets of drywall to a large construction project or need us to ship materials for your home renovation, we are here to help.\",\"breadcrumb\":{\"@id\":\"https:\\\/\\\/groupebeauchesne.com\\\/en\\\/services\\\/#breadcrumb\"},\"inLanguage\":\"en-CA\",\"potentialAction\":[{\"@type\":\"ReadAction\",\"target\":[\"https:\\\/\\\/groupebeauchesne.com\\\/en\\\/services\\\/\"]}]},{\"@type\":\"BreadcrumbList\",\"@id\":\"https:\\\/\\\/groupebeauchesne.com\\\/en\\\/services\\\/#breadcrumb\",\"itemListElement\":[{\"@type\":\"ListItem\",\"position\":1,\"name\":\"Home\",\"item\":\"https:\\\/\\\/groupebeauchesne.com\\\/en\\\/\"},{\"@type\":\"ListItem\",\"position\":2,\"name\":\"Services\"}]},{\"@type\":\"WebSite\",\"@id\":\"https:\\\/\\\/groupebeauchesne.com\\\/#website\",\"url\":\"https:\\\/\\\/groupebeauchesne.com\\\/\",\"name\":\"Groupe Beauchesne\",\"description\":\"La r\u00e9f\u00e9rence en syst\u00e8me d\u2019int\u00e9rieur\",\"potentialAction\":[{\"@type\":\"SearchAction\",\"target\":{\"@type\":\"EntryPoint\",\"urlTemplate\":\"https:\\\/\\\/groupebeauchesne.com\\\/?s={search_term_string}\"},\"query-input\":{\"@type\":\"PropertyValueSpecification\",\"valueRequired\":true,\"valueName\":\"search_term_string\"}}],\"inLanguage\":\"en-CA\"}]}<\/script>\n<!-- \/ Yoast SEO plugin. -->","yoast_head_json":{"title":"Services | Groupe Beauchesne","description":"Need us to deliver 1,000 sheets of drywall to a large construction project or need us to ship materials for your home renovation, we are here to help.","robots":{"index":"index","follow":"follow","max-snippet":"max-snippet:-1","max-image-preview":"max-image-preview:large","max-video-preview":"max-video-preview:-1"},"canonical":"https:\/\/groupebeauchesne.com\/en\/services\/","og_locale":"en_US","og_type":"article","og_title":"Services | Groupe Beauchesne","og_description":"Need us to deliver 1,000 sheets of drywall to a large construction project or need us to ship materials for your home renovation, we are here to help.","og_url":"https:\/\/groupebeauchesne.com\/en\/services\/","og_site_name":"Groupe Beauchesne","article_modified_time":"2018-03-13T18:50:29+00:00","og_image":[{"url":"https:\/\/groupebeauchesne.com\/wp-content\/uploads\/2018\/02\/slider-bg1.jpg","type":"","width":"","height":""}],"twitter_card":"summary_large_image","twitter_misc":{"Est. reading time":"3 minutes"},"schema":{"@context":"https:\/\/schema.org","@graph":[{"@type":"WebPage","@id":"https:\/\/groupebeauchesne.com\/en\/services\/","url":"https:\/\/groupebeauchesne.com\/en\/services\/","name":"Services | Groupe Beauchesne","isPartOf":{"@id":"https:\/\/groupebeauchesne.com\/#website"},"datePublished":"2018-03-02T14:59:32+00:00","dateModified":"2018-03-13T18:50:29+00:00","description":"Need us to deliver 1,000 sheets of drywall to a large construction project or need us to ship materials for your home renovation, we are here to help.","breadcrumb":{"@id":"https:\/\/groupebeauchesne.com\/en\/services\/#breadcrumb"},"inLanguage":"en-CA","potentialAction":[{"@type":"ReadAction","target":["https:\/\/groupebeauchesne.com\/en\/services\/"]}]},{"@type":"BreadcrumbList","@id":"https:\/\/groupebeauchesne.com\/en\/services\/#breadcrumb","itemListElement":[{"@type":"ListItem","position":1,"name":"Home","item":"https:\/\/groupebeauchesne.com\/en\/"},{"@type":"ListItem","position":2,"name":"Services"}]},{"@type":"WebSite","@id":"https:\/\/groupebeauchesne.com\/#website","url":"https:\/\/groupebeauchesne.com\/","name":"Groupe Beauchesne","description":"La r\u00e9f\u00e9rence en syst\u00e8me d\u2019int\u00e9rieur","potentialAction":[{"@type":"SearchAction","target":{"@type":"EntryPoint","urlTemplate":"https:\/\/groupebeauchesne.com\/?s={search_term_string}"},"query-input":{"@type":"PropertyValueSpecification","valueRequired":true,"valueName":"search_term_string"}}],"inLanguage":"en-CA"}]}},"_links":{"self":[{"href":"https:\/\/groupebeauchesne.com\/en\/wp-json\/wp\/v2\/pages\/372","targetHints":{"allow":["GET"]}}],"collection":[{"href":"https:\/\/groupebeauchesne.com\/en\/wp-json\/wp\/v2\/pages"}],"about":[{"href":"https:\/\/groupebeauchesne.com\/en\/wp-json\/wp\/v2\/types\/page"}],"author":[{"embeddable":true,"href":"https:\/\/groupebeauchesne.com\/en\/wp-json\/wp\/v2\/users\/1"}],"replies":[{"embeddable":true,"href":"https:\/\/groupebeauchesne.com\/en\/wp-json\/wp\/v2\/comments?post=372"}],"version-history":[{"count":5,"href":"https:\/\/groupebeauchesne.com\/en\/wp-json\/wp\/v2\/pages\/372\/revisions"}],"predecessor-version":[{"id":553,"href":"https:\/\/groupebeauchesne.com\/en\/wp-json\/wp\/v2\/pages\/372\/revisions\/553"}],"wp:attachment":[{"href":"https:\/\/groupebeauchesne.com\/en\/wp-json\/wp\/v2\/media?parent=372"}],"curies":[{"name":"wp","href":"https:\/\/api.w.org\/{rel}","templated":true}]}}