{"id":376,"date":"2018-03-02T15:03:12","date_gmt":"2018-03-02T15:03:12","guid":{"rendered":"https:\/\/groupebeauchesne.com\/?page_id=376"},"modified":"2018-03-05T19:45:59","modified_gmt":"2018-03-05T19:45:59","slug":"products","status":"publish","type":"page","link":"https:\/\/groupebeauchesne.com\/en\/products\/","title":{"rendered":"Products"},"content":{"rendered":"<div class=\"wpb-content-wrapper\"><p>[vc_row css_animation=&#8221;&#8221; row_type=&#8221;row&#8221; use_row_as_full_screen_section=&#8221;no&#8221; type=&#8221;full_width&#8221; angled_section=&#8221;no&#8221; text_align=&#8221;left&#8221; background_image_as_pattern=&#8221;without_pattern&#8221; el_id=&#8221;home5&#8243; z_index=&#8221;&#8221;][vc_column width=&#8221;1\/3&#8243; css=&#8221;.vc_custom_1519682515056{background-image: url(https:\/\/groupebeauchesne.com\/wp-content\/uploads\/2018\/02\/gypse-bg.jpg?id=6) !important;}&#8221;][vc_column_text]<\/p>\n<h3><a class=\"display-table\" href=\"https:\/\/groupebeauchesne.com\/en\/products\/drywall\/\"><span class=\"display-cell\"><span class=\"h3-inner\">Drywall<\/span><\/span><\/a><\/h3>\n<p>[\/vc_column_text][\/vc_column][vc_column width=&#8221;1\/3&#8243; css=&#8221;.vc_custom_1519682525662{background-image: url(https:\/\/groupebeauchesne.com\/wp-content\/uploads\/2018\/02\/ossature-bg.jpg?id=9) !important;}&#8221;][vc_column_text]<\/p>\n<h3><a class=\"display-table\" href=\"https:\/\/groupebeauchesne.com\/en\/products\/steel-frames\/\"><span class=\"display-cell\"><span class=\"h3-inner\">Steel Frames<\/span><\/span><\/a><\/h3>\n<p>[\/vc_column_text][\/vc_column][vc_column width=&#8221;1\/3&#8243; css=&#8221;.vc_custom_1519682536141{background-image: url(https:\/\/groupebeauchesne.com\/wp-content\/uploads\/2018\/02\/plafonds.jpg?id=12) !important;}&#8221;][vc_column_text]<\/p>\n<h3><a class=\"display-table\" href=\"https:\/\/groupebeauchesne.com\/en\/products\/ceiling\/\"><span class=\"display-cell\"><span class=\"h3-inner\">Ceiling<\/span><\/span><\/a><\/h3>\n<p>[\/vc_column_text][\/vc_column][vc_column width=&#8221;1\/2&#8243; css=&#8221;.vc_custom_1519682543792{background-image: url(https:\/\/groupebeauchesne.com\/wp-content\/uploads\/2018\/02\/isolant.jpg?id=8) !important;}&#8221;][vc_column_text]<\/p>\n<h3><a class=\"display-table\" href=\"https:\/\/groupebeauchesne.com\/en\/products\/insulation\/\"><span class=\"display-cell\"><span class=\"h3-inner\">Insulation<\/span><\/span><\/a><\/h3>\n<p>[\/vc_column_text][\/vc_column][vc_column width=&#8221;1\/2&#8243; css=&#8221;.vc_custom_1519682553338{background-image: url(https:\/\/groupebeauchesne.com\/wp-content\/uploads\/2018\/02\/outils.jpg?id=10) !important;}&#8221;][vc_column_text]<\/p>\n<h3><a class=\"display-table\" href=\"https:\/\/groupebeauchesne.com\/en\/products\/tools\/\"><span class=\"display-cell\"><span class=\"h3-inner\">Tools<\/span><\/span><\/a><\/h3>\n<p>[\/vc_column_text][\/vc_column][vc_column width=&#8221;1\/3&#8243; css=&#8221;.vc_custom_1519833341273{background-image: url(https:\/\/groupebeauchesne.com\/wp-content\/uploads\/2018\/02\/Ancrage.jpg?id=134) !important;}&#8221;][vc_column_text]<\/p>\n<h3><a class=\"display-table\" href=\"https:\/\/groupebeauchesne.com\/en\/products\/fasteners\/\"><span class=\"display-cell\"><span class=\"h3-inner\">Fasteners<\/span><\/span><\/a><\/h3>\n<p>[\/vc_column_text][\/vc_column][vc_column width=&#8221;1\/3&#8243; css=&#8221;.vc_custom_1519833352611{background-image: url(https:\/\/groupebeauchesne.com\/wp-content\/uploads\/2018\/02\/finition.png?id=132) !important;}&#8221;][vc_column_text]<\/p>\n<h3><a class=\"display-table\" href=\"https:\/\/groupebeauchesne.com\/en\/products\/finishing-products\/\"><span class=\"display-cell\"><span class=\"h3-inner\">Finishing products<\/span><\/span><\/a><\/h3>\n<p>[\/vc_column_text][\/vc_column][vc_column width=&#8221;1\/3&#8243; css=&#8221;.vc_custom_1519833364394{background-image: url(https:\/\/groupebeauchesne.com\/wp-content\/uploads\/2018\/02\/produits_polyethylene.jpg?id=133) !important;}&#8221;][vc_column_text]<\/p>\n<h3><a class=\"display-table\" href=\"https:\/\/groupebeauchesne.com\/en\/products\/polyethylene\/\"><span class=\"display-cell\"><span class=\"h3-inner\">Polyethylene<\/span><\/span><\/a><\/h3>\n<p>[\/vc_column_text][\/vc_column][\/vc_row]<\/p>\n<\/div>","protected":false},"excerpt":{"rendered":"<p>[vc_row css_animation=&#8221;&#8221; row_type=&#8221;row&#8221; use_row_as_full_screen_section=&#8221;no&#8221; type=&#8221;full_width&#8221; angled_section=&#8221;no&#8221; text_align=&#8221;left&#8221; background_image_as_pattern=&#8221;without_pattern&#8221; el_id=&#8221;home5&#8243; z_index=&#8221;&#8221;][vc_column width=&#8221;1\/3&#8243; css=&#8221;.vc_custom_1519682515056{background-image: url(https:\/\/groupebeauchesne.com\/wp-content\/uploads\/2018\/02\/gypse-bg.jpg?id=6) !important;}&#8221;][vc_column_text] Drywall [\/vc_column_text][\/vc_column][vc_column width=&#8221;1\/3&#8243; css=&#8221;.vc_custom_1519682525662{background-image: url(https:\/\/groupebeauchesne.com\/wp-content\/uploads\/2018\/02\/ossature-bg.jpg?id=9) !important;}&#8221;][vc_column_text] Steel Frames [\/vc_column_text][\/vc_column][vc_column width=&#8221;1\/3&#8243; css=&#8221;.vc_custom_1519682536141{background-image: url(https:\/\/groupebeauchesne.com\/wp-content\/uploads\/2018\/02\/plafonds.jpg?id=12) !important;}&#8221;][vc_column_text] Ceiling [\/vc_column_text][\/vc_column][vc_column width=&#8221;1\/2&#8243; css=&#8221;.vc_custom_1519682543792{background-image: url(https:\/\/groupebeauchesne.com\/wp-content\/uploads\/2018\/02\/isolant.jpg?id=8) !important;}&#8221;][vc_column_text] Insulation [\/vc_column_text][\/vc_column][vc_column width=&#8221;1\/2&#8243; css=&#8221;.vc_custom_1519682553338{background-image: url(https:\/\/groupebeauchesne.com\/wp-content\/uploads\/2018\/02\/outils.jpg?id=10) !important;}&#8221;][vc_column_text] Tools [\/vc_column_text][\/vc_column][vc_column width=&#8221;1\/3&#8243; css=&#8221;.vc_custom_1519833341273{background-image: url(https:\/\/groupebeauchesne.com\/wp-content\/uploads\/2018\/02\/Ancrage.jpg?id=134) !important;}&#8221;][vc_column_text]&#8230;<\/p>\n","protected":false},"author":1,"featured_media":0,"parent":0,"menu_order":0,"comment_status":"closed","ping_status":"closed","template":"full_width.php","meta":{"_acf_changed":false,"footnotes":""},"class_list":["post-376","page","type-page","status-publish","hentry"],"acf":[],"yoast_head":"<!-- This site is optimized with the Yoast SEO plugin v27.4 - https:\/\/yoast.com\/product\/yoast-seo-wordpress\/ -->\n<title>Products | Groupe Beauchesne<\/title>\n<meta name=\"description\" content=\"Multiple products available for every project. Drywall, steel frames, ceiling, insulation, tools, fasteners, finishing products and polyethylene.\" \/>\n<meta name=\"robots\" content=\"index, follow, max-snippet:-1, max-image-preview:large, max-video-preview:-1\" \/>\n<link rel=\"canonical\" href=\"https:\/\/groupebeauchesne.com\/en\/products\/\" \/>\n<meta property=\"og:locale\" content=\"en_US\" \/>\n<meta property=\"og:type\" content=\"article\" \/>\n<meta property=\"og:title\" content=\"Products | Groupe Beauchesne\" \/>\n<meta property=\"og:description\" content=\"Multiple products available for every project. Drywall, steel frames, ceiling, insulation, tools, fasteners, finishing products and polyethylene.\" \/>\n<meta property=\"og:url\" content=\"https:\/\/groupebeauchesne.com\/en\/products\/\" \/>\n<meta property=\"og:site_name\" content=\"Groupe Beauchesne\" \/>\n<meta property=\"article:modified_time\" content=\"2018-03-05T19:45:59+00:00\" \/>\n<meta property=\"og:image\" content=\"https:\/\/groupebeauchesne.com\/wp-content\/uploads\/2018\/02\/slider-bg1.jpg\" \/>\n<meta name=\"twitter:card\" content=\"summary_large_image\" \/>\n<meta name=\"twitter:label1\" content=\"Est. reading time\" \/>\n\t<meta name=\"twitter:data1\" content=\"1 minute\" \/>\n<script type=\"application\/ld+json\" class=\"yoast-schema-graph\">{\"@context\":\"https:\\\/\\\/schema.org\",\"@graph\":[{\"@type\":\"WebPage\",\"@id\":\"https:\\\/\\\/groupebeauchesne.com\\\/en\\\/products\\\/\",\"url\":\"https:\\\/\\\/groupebeauchesne.com\\\/en\\\/products\\\/\",\"name\":\"Products | Groupe Beauchesne\",\"isPartOf\":{\"@id\":\"https:\\\/\\\/groupebeauchesne.com\\\/#website\"},\"datePublished\":\"2018-03-02T15:03:12+00:00\",\"dateModified\":\"2018-03-05T19:45:59+00:00\",\"description\":\"Multiple products available for every project. Drywall, steel frames, ceiling, insulation, tools, fasteners, finishing products and polyethylene.\",\"breadcrumb\":{\"@id\":\"https:\\\/\\\/groupebeauchesne.com\\\/en\\\/products\\\/#breadcrumb\"},\"inLanguage\":\"en-CA\",\"potentialAction\":[{\"@type\":\"ReadAction\",\"target\":[\"https:\\\/\\\/groupebeauchesne.com\\\/en\\\/products\\\/\"]}]},{\"@type\":\"BreadcrumbList\",\"@id\":\"https:\\\/\\\/groupebeauchesne.com\\\/en\\\/products\\\/#breadcrumb\",\"itemListElement\":[{\"@type\":\"ListItem\",\"position\":1,\"name\":\"Home\",\"item\":\"https:\\\/\\\/groupebeauchesne.com\\\/en\\\/\"},{\"@type\":\"ListItem\",\"position\":2,\"name\":\"Products\"}]},{\"@type\":\"WebSite\",\"@id\":\"https:\\\/\\\/groupebeauchesne.com\\\/#website\",\"url\":\"https:\\\/\\\/groupebeauchesne.com\\\/\",\"name\":\"Groupe Beauchesne\",\"description\":\"La r\u00e9f\u00e9rence en syst\u00e8me d\u2019int\u00e9rieur\",\"potentialAction\":[{\"@type\":\"SearchAction\",\"target\":{\"@type\":\"EntryPoint\",\"urlTemplate\":\"https:\\\/\\\/groupebeauchesne.com\\\/?s={search_term_string}\"},\"query-input\":{\"@type\":\"PropertyValueSpecification\",\"valueRequired\":true,\"valueName\":\"search_term_string\"}}],\"inLanguage\":\"en-CA\"}]}<\/script>\n<!-- \/ Yoast SEO plugin. -->","yoast_head_json":{"title":"Products | Groupe Beauchesne","description":"Multiple products available for every project. Drywall, steel frames, ceiling, insulation, tools, fasteners, finishing products and polyethylene.","robots":{"index":"index","follow":"follow","max-snippet":"max-snippet:-1","max-image-preview":"max-image-preview:large","max-video-preview":"max-video-preview:-1"},"canonical":"https:\/\/groupebeauchesne.com\/en\/products\/","og_locale":"en_US","og_type":"article","og_title":"Products | Groupe Beauchesne","og_description":"Multiple products available for every project. Drywall, steel frames, ceiling, insulation, tools, fasteners, finishing products and polyethylene.","og_url":"https:\/\/groupebeauchesne.com\/en\/products\/","og_site_name":"Groupe Beauchesne","article_modified_time":"2018-03-05T19:45:59+00:00","og_image":[{"url":"https:\/\/groupebeauchesne.com\/wp-content\/uploads\/2018\/02\/slider-bg1.jpg","type":"","width":"","height":""}],"twitter_card":"summary_large_image","twitter_misc":{"Est. reading time":"1 minute"},"schema":{"@context":"https:\/\/schema.org","@graph":[{"@type":"WebPage","@id":"https:\/\/groupebeauchesne.com\/en\/products\/","url":"https:\/\/groupebeauchesne.com\/en\/products\/","name":"Products | Groupe Beauchesne","isPartOf":{"@id":"https:\/\/groupebeauchesne.com\/#website"},"datePublished":"2018-03-02T15:03:12+00:00","dateModified":"2018-03-05T19:45:59+00:00","description":"Multiple products available for every project. Drywall, steel frames, ceiling, insulation, tools, fasteners, finishing products and polyethylene.","breadcrumb":{"@id":"https:\/\/groupebeauchesne.com\/en\/products\/#breadcrumb"},"inLanguage":"en-CA","potentialAction":[{"@type":"ReadAction","target":["https:\/\/groupebeauchesne.com\/en\/products\/"]}]},{"@type":"BreadcrumbList","@id":"https:\/\/groupebeauchesne.com\/en\/products\/#breadcrumb","itemListElement":[{"@type":"ListItem","position":1,"name":"Home","item":"https:\/\/groupebeauchesne.com\/en\/"},{"@type":"ListItem","position":2,"name":"Products"}]},{"@type":"WebSite","@id":"https:\/\/groupebeauchesne.com\/#website","url":"https:\/\/groupebeauchesne.com\/","name":"Groupe Beauchesne","description":"La r\u00e9f\u00e9rence en syst\u00e8me d\u2019int\u00e9rieur","potentialAction":[{"@type":"SearchAction","target":{"@type":"EntryPoint","urlTemplate":"https:\/\/groupebeauchesne.com\/?s={search_term_string}"},"query-input":{"@type":"PropertyValueSpecification","valueRequired":true,"valueName":"search_term_string"}}],"inLanguage":"en-CA"}]}},"_links":{"self":[{"href":"https:\/\/groupebeauchesne.com\/en\/wp-json\/wp\/v2\/pages\/376","targetHints":{"allow":["GET"]}}],"collection":[{"href":"https:\/\/groupebeauchesne.com\/en\/wp-json\/wp\/v2\/pages"}],"about":[{"href":"https:\/\/groupebeauchesne.com\/en\/wp-json\/wp\/v2\/types\/page"}],"author":[{"embeddable":true,"href":"https:\/\/groupebeauchesne.com\/en\/wp-json\/wp\/v2\/users\/1"}],"replies":[{"embeddable":true,"href":"https:\/\/groupebeauchesne.com\/en\/wp-json\/wp\/v2\/comments?post=376"}],"version-history":[{"count":4,"href":"https:\/\/groupebeauchesne.com\/en\/wp-json\/wp\/v2\/pages\/376\/revisions"}],"predecessor-version":[{"id":523,"href":"https:\/\/groupebeauchesne.com\/en\/wp-json\/wp\/v2\/pages\/376\/revisions\/523"}],"wp:attachment":[{"href":"https:\/\/groupebeauchesne.com\/en\/wp-json\/wp\/v2\/media?parent=376"}],"curies":[{"name":"wp","href":"https:\/\/api.w.org\/{rel}","templated":true}]}}