{"id":378,"date":"2018-03-02T15:06:01","date_gmt":"2018-03-02T15:06:01","guid":{"rendered":"https:\/\/groupebeauchesne.com\/?page_id=378"},"modified":"2018-03-13T20:28:19","modified_gmt":"2018-03-13T20:28:19","slug":"fasteners","status":"publish","type":"page","link":"https:\/\/groupebeauchesne.com\/en\/products\/fasteners\/","title":{"rendered":"Fasteners"},"content":{"rendered":"<div class=\"wpb-content-wrapper\"><p>[vc_row css_animation=&#8221;&#8221; row_type=&#8221;row&#8221; use_row_as_full_screen_section=&#8221;no&#8221; type=&#8221;grid&#8221; angled_section=&#8221;no&#8221; text_align=&#8221;left&#8221; background_image_as_pattern=&#8221;without_pattern&#8221; el_id=&#8221;template-produits&#8221; z_index=&#8221;&#8221;][vc_column][vc_column_text]<\/p>\n<h4>The supplier of choice in the industry<\/h4>\n<p>Groupe Beauchesne has a complete range of:<\/p>\n<p>Drywall screws<br \/>\nScrews for steel framing<br \/>\nStaples and fasteners<br \/>\nBalls and nails<\/p>\n<p><em>Can\u2019t find the type of material you\u2019re looking for on our page? It\u2019s impossible to put our entire inventory online! <a href=\"https:\/\/groupebeauchesne.com\/en\/contact\/\">Contact us<\/a>, and one of our specialists will be pleased to advise you and guide you through our product range.<\/em>[\/vc_column_text][vc_accordion active_tab=&#8221;false&#8221; collapsible=&#8221;yes&#8221; style=&#8221;accordion&#8221;][vc_accordion_tab title=&#8221;See our specification sheets and techical data sheets&#8221;][vc_row_inner row_type=&#8221;row&#8221; type=&#8221;full_width&#8221; text_align=&#8221;left&#8221; css_animation=&#8221;&#8221;][vc_column_inner][vc_column_text]<\/p>\n<h5>Grabber screws<\/h5>\n<p>[\/vc_column_text][\/vc_column_inner][\/vc_row_inner][vc_row_inner row_type=&#8221;row&#8221; type=&#8221;full_width&#8221; text_align=&#8221;left&#8221; css_animation=&#8221;&#8221;][vc_column_inner width=&#8221;1\/3&#8243; offset=&#8221;vc_col-sm-offset-4&#8243;]<a  itemprop=\"url\" href=\"http:\/\/www.grabbercanada.ca\/CatBrowser.aspx?pkey=CL96slqNqg1wURmwZzUObfIwGr%2bsyJ87X4KSt%2fM91H4%3d&amp;pval=cMx%2b%2fJm%2bBYEQtvNZb294Rg%3d%3d&amp;pIds=%2bL2P3MIyRNPZk0xBscqzuiavQru1HOGaJUoC8ss13%2f8%3d\" target=\"_blank\"  class=\"qbutton  default\" style=\"\">Grabber<\/a>[\/vc_column_inner][\/vc_row_inner][vc_row_inner row_type=&#8221;row&#8221; type=&#8221;full_width&#8221; text_align=&#8221;left&#8221; css_animation=&#8221;&#8221;][vc_column_inner][vc_column_text]<\/p>\n<h5>ITW<\/h5>\n<p>[\/vc_column_text][\/vc_column_inner][\/vc_row_inner][vc_row_inner row_type=&#8221;row&#8221; type=&#8221;full_width&#8221; text_align=&#8221;left&#8221; css_animation=&#8221;&#8221;][vc_column_inner width=&#8221;1\/3&#8243;][vc_column_text]Screws and fasteners[\/vc_column_text]<a  itemprop=\"url\" href=\"http:\/\/fastening-solutions.itwbuildex.com\/category\/all-categories\" target=\"_blank\"  class=\"qbutton  default\" style=\"\">ITW - Buildex<\/a>[\/vc_column_inner][vc_column_inner width=&#8221;1\/3&#8243; offset=&#8221;vc_col-sm-offset-4&#8243;][vc_column_text]Concrete fastener[\/vc_column_text]<a  itemprop=\"url\" href=\"https:\/\/www.itwredhead.com\/products\/screw-anchors\" target=\"_blank\"  class=\"qbutton  default\" style=\"\">ITW Red Head<\/a>[\/vc_column_inner][\/vc_row_inner][vc_row_inner row_type=&#8221;row&#8221; type=&#8221;full_width&#8221; text_align=&#8221;left&#8221; css_animation=&#8221;&#8221;][vc_column_inner][vc_column_text]<\/p>\n<h5>UCAN<\/h5>\n<p>[\/vc_column_text][\/vc_column_inner][\/vc_row_inner][vc_row_inner row_type=&#8221;row&#8221; type=&#8221;full_width&#8221; text_align=&#8221;left&#8221; css_animation=&#8221;&#8221;][vc_column_inner width=&#8221;1\/3&#8243; offset=&#8221;vc_col-sm-offset-4&#8243;]<a  itemprop=\"url\" href=\"http:\/\/www.ucanfast.com\/fr\/index.php\" target=\"_blank\"  class=\"qbutton  default\" style=\"\">UCAN<\/a>[\/vc_column_inner][\/vc_row_inner][\/vc_accordion_tab][\/vc_accordion][vc_gallery type=&#8221;image_grid&#8221; images=&#8221;564,566,567&#8243; img_size=&#8221;300&#215;300&#8243; column_number=&#8221;3&#8243; grayscale=&#8221;no&#8221; images_space=&#8221;gallery_with_space&#8221;]<div class='qode_carousels_holder clearfix'><div class='qode_carousels' data-number-of-visible-items=''><ul class='slides'><li class='item'><div class=\"carousel_item_holder\"><a itemprop='url' href='http:\/\/www.ucanfast.com\/fr\/' target='_blank'><span class='first_image_holder '><img decoding=\"async\" itemprop=\"image\" src=\"https:\/\/groupebeauchesne.com\/wp-content\/uploads\/2018\/03\/ucan.gif\" alt=\"carousel image\" \/><\/span><\/a><\/div><\/li><li class='item'><div class=\"carousel_item_holder\"><a itemprop='url' href='http:\/\/www.grabbercanada.ca\/' target='_blank'><span class='first_image_holder '><img decoding=\"async\" itemprop=\"image\" src=\"https:\/\/groupebeauchesne.com\/wp-content\/uploads\/2018\/03\/grabber.gif\" alt=\"carousel image\" \/><\/span><\/a><\/div><\/li><\/ul><\/div><\/div>[\/vc_column][\/vc_row][vc_row row_type=&#8221;parallax&#8221; parallax_content_width=&#8221;in_grid&#8221; text_align=&#8221;left&#8221; background_image=&#8221;208&#8243; full_screen_section_height=&#8221;no&#8221; el_class=&#8221;bloc-padding&#8221;][vc_column][vc_column_text]<\/p>\n<h4>Groupe beauchesne is the benchmark in the distribution of building materials for interior systems<\/h4>\n<p>[\/vc_column_text][\/vc_column][\/vc_row]<\/p>\n<\/div>","protected":false},"excerpt":{"rendered":"<p>[vc_row css_animation=&#8221;&#8221; row_type=&#8221;row&#8221; use_row_as_full_screen_section=&#8221;no&#8221; type=&#8221;grid&#8221; angled_section=&#8221;no&#8221; text_align=&#8221;left&#8221; background_image_as_pattern=&#8221;without_pattern&#8221; el_id=&#8221;template-produits&#8221; z_index=&#8221;&#8221;][vc_column][vc_column_text] The supplier of choice in the industry Groupe Beauchesne has a complete range of: Drywall screws Screws for steel framing Staples and fasteners Balls and nails Can\u2019t find the type of material you\u2019re looking for&#8230;<\/p>\n","protected":false},"author":1,"featured_media":0,"parent":376,"menu_order":0,"comment_status":"closed","ping_status":"closed","template":"full_width.php","meta":{"_acf_changed":false,"footnotes":""},"class_list":["post-378","page","type-page","status-publish","hentry"],"acf":[],"yoast_head":"<!-- This site is optimized with the Yoast SEO plugin v27.4 - https:\/\/yoast.com\/product\/yoast-seo-wordpress\/ -->\n<title>Fasteners | Groupe Beauchesne<\/title>\n<meta name=\"description\" content=\"Groupe Beauchesne has a complete range of: drywall screws, screws for steel framing, staples and fasteners, balls and nails.\" \/>\n<meta name=\"robots\" content=\"index, follow, max-snippet:-1, max-image-preview:large, max-video-preview:-1\" \/>\n<link rel=\"canonical\" href=\"https:\/\/groupebeauchesne.com\/en\/products\/fasteners\/\" \/>\n<meta property=\"og:locale\" content=\"en_US\" \/>\n<meta property=\"og:type\" content=\"article\" \/>\n<meta property=\"og:title\" content=\"Fasteners | Groupe Beauchesne\" \/>\n<meta property=\"og:description\" content=\"Groupe Beauchesne has a complete range of: drywall screws, screws for steel framing, staples and fasteners, balls and nails.\" \/>\n<meta property=\"og:url\" content=\"https:\/\/groupebeauchesne.com\/en\/products\/fasteners\/\" \/>\n<meta property=\"og:site_name\" content=\"Groupe Beauchesne\" \/>\n<meta property=\"article:modified_time\" content=\"2018-03-13T20:28:19+00:00\" \/>\n<meta property=\"og:image\" content=\"https:\/\/groupebeauchesne.com\/wp-content\/uploads\/2018\/02\/slider-bg1.jpg\" \/>\n<meta name=\"twitter:card\" content=\"summary_large_image\" \/>\n<meta name=\"twitter:label1\" content=\"Est. reading time\" \/>\n\t<meta name=\"twitter:data1\" content=\"3 minutes\" \/>\n<script type=\"application\/ld+json\" class=\"yoast-schema-graph\">{\"@context\":\"https:\\\/\\\/schema.org\",\"@graph\":[{\"@type\":\"WebPage\",\"@id\":\"https:\\\/\\\/groupebeauchesne.com\\\/en\\\/products\\\/fasteners\\\/\",\"url\":\"https:\\\/\\\/groupebeauchesne.com\\\/en\\\/products\\\/fasteners\\\/\",\"name\":\"Fasteners | Groupe Beauchesne\",\"isPartOf\":{\"@id\":\"https:\\\/\\\/groupebeauchesne.com\\\/#website\"},\"datePublished\":\"2018-03-02T15:06:01+00:00\",\"dateModified\":\"2018-03-13T20:28:19+00:00\",\"description\":\"Groupe Beauchesne has a complete range of: drywall screws, screws for steel framing, staples and fasteners, balls and nails.\",\"breadcrumb\":{\"@id\":\"https:\\\/\\\/groupebeauchesne.com\\\/en\\\/products\\\/fasteners\\\/#breadcrumb\"},\"inLanguage\":\"en-CA\",\"potentialAction\":[{\"@type\":\"ReadAction\",\"target\":[\"https:\\\/\\\/groupebeauchesne.com\\\/en\\\/products\\\/fasteners\\\/\"]}]},{\"@type\":\"BreadcrumbList\",\"@id\":\"https:\\\/\\\/groupebeauchesne.com\\\/en\\\/products\\\/fasteners\\\/#breadcrumb\",\"itemListElement\":[{\"@type\":\"ListItem\",\"position\":1,\"name\":\"Home\",\"item\":\"https:\\\/\\\/groupebeauchesne.com\\\/en\\\/\"},{\"@type\":\"ListItem\",\"position\":2,\"name\":\"Products\",\"item\":\"https:\\\/\\\/groupebeauchesne.com\\\/en\\\/products\\\/\"},{\"@type\":\"ListItem\",\"position\":3,\"name\":\"Fasteners\"}]},{\"@type\":\"WebSite\",\"@id\":\"https:\\\/\\\/groupebeauchesne.com\\\/#website\",\"url\":\"https:\\\/\\\/groupebeauchesne.com\\\/\",\"name\":\"Groupe Beauchesne\",\"description\":\"La r\u00e9f\u00e9rence en syst\u00e8me d\u2019int\u00e9rieur\",\"potentialAction\":[{\"@type\":\"SearchAction\",\"target\":{\"@type\":\"EntryPoint\",\"urlTemplate\":\"https:\\\/\\\/groupebeauchesne.com\\\/?s={search_term_string}\"},\"query-input\":{\"@type\":\"PropertyValueSpecification\",\"valueRequired\":true,\"valueName\":\"search_term_string\"}}],\"inLanguage\":\"en-CA\"}]}<\/script>\n<!-- \/ Yoast SEO plugin. -->","yoast_head_json":{"title":"Fasteners | Groupe Beauchesne","description":"Groupe Beauchesne has a complete range of: drywall screws, screws for steel framing, staples and fasteners, balls and nails.","robots":{"index":"index","follow":"follow","max-snippet":"max-snippet:-1","max-image-preview":"max-image-preview:large","max-video-preview":"max-video-preview:-1"},"canonical":"https:\/\/groupebeauchesne.com\/en\/products\/fasteners\/","og_locale":"en_US","og_type":"article","og_title":"Fasteners | Groupe Beauchesne","og_description":"Groupe Beauchesne has a complete range of: drywall screws, screws for steel framing, staples and fasteners, balls and nails.","og_url":"https:\/\/groupebeauchesne.com\/en\/products\/fasteners\/","og_site_name":"Groupe Beauchesne","article_modified_time":"2018-03-13T20:28:19+00:00","og_image":[{"url":"https:\/\/groupebeauchesne.com\/wp-content\/uploads\/2018\/02\/slider-bg1.jpg","type":"","width":"","height":""}],"twitter_card":"summary_large_image","twitter_misc":{"Est. reading time":"3 minutes"},"schema":{"@context":"https:\/\/schema.org","@graph":[{"@type":"WebPage","@id":"https:\/\/groupebeauchesne.com\/en\/products\/fasteners\/","url":"https:\/\/groupebeauchesne.com\/en\/products\/fasteners\/","name":"Fasteners | Groupe Beauchesne","isPartOf":{"@id":"https:\/\/groupebeauchesne.com\/#website"},"datePublished":"2018-03-02T15:06:01+00:00","dateModified":"2018-03-13T20:28:19+00:00","description":"Groupe Beauchesne has a complete range of: drywall screws, screws for steel framing, staples and fasteners, balls and nails.","breadcrumb":{"@id":"https:\/\/groupebeauchesne.com\/en\/products\/fasteners\/#breadcrumb"},"inLanguage":"en-CA","potentialAction":[{"@type":"ReadAction","target":["https:\/\/groupebeauchesne.com\/en\/products\/fasteners\/"]}]},{"@type":"BreadcrumbList","@id":"https:\/\/groupebeauchesne.com\/en\/products\/fasteners\/#breadcrumb","itemListElement":[{"@type":"ListItem","position":1,"name":"Home","item":"https:\/\/groupebeauchesne.com\/en\/"},{"@type":"ListItem","position":2,"name":"Products","item":"https:\/\/groupebeauchesne.com\/en\/products\/"},{"@type":"ListItem","position":3,"name":"Fasteners"}]},{"@type":"WebSite","@id":"https:\/\/groupebeauchesne.com\/#website","url":"https:\/\/groupebeauchesne.com\/","name":"Groupe Beauchesne","description":"La r\u00e9f\u00e9rence en syst\u00e8me d\u2019int\u00e9rieur","potentialAction":[{"@type":"SearchAction","target":{"@type":"EntryPoint","urlTemplate":"https:\/\/groupebeauchesne.com\/?s={search_term_string}"},"query-input":{"@type":"PropertyValueSpecification","valueRequired":true,"valueName":"search_term_string"}}],"inLanguage":"en-CA"}]}},"_links":{"self":[{"href":"https:\/\/groupebeauchesne.com\/en\/wp-json\/wp\/v2\/pages\/378","targetHints":{"allow":["GET"]}}],"collection":[{"href":"https:\/\/groupebeauchesne.com\/en\/wp-json\/wp\/v2\/pages"}],"about":[{"href":"https:\/\/groupebeauchesne.com\/en\/wp-json\/wp\/v2\/types\/page"}],"author":[{"embeddable":true,"href":"https:\/\/groupebeauchesne.com\/en\/wp-json\/wp\/v2\/users\/1"}],"replies":[{"embeddable":true,"href":"https:\/\/groupebeauchesne.com\/en\/wp-json\/wp\/v2\/comments?post=378"}],"version-history":[{"count":8,"href":"https:\/\/groupebeauchesne.com\/en\/wp-json\/wp\/v2\/pages\/378\/revisions"}],"predecessor-version":[{"id":577,"href":"https:\/\/groupebeauchesne.com\/en\/wp-json\/wp\/v2\/pages\/378\/revisions\/577"}],"up":[{"embeddable":true,"href":"https:\/\/groupebeauchesne.com\/en\/wp-json\/wp\/v2\/pages\/376"}],"wp:attachment":[{"href":"https:\/\/groupebeauchesne.com\/en\/wp-json\/wp\/v2\/media?parent=378"}],"curies":[{"name":"wp","href":"https:\/\/api.w.org\/{rel}","templated":true}]}}