{"id":380,"date":"2018-03-02T15:07:56","date_gmt":"2018-03-02T15:07:56","guid":{"rendered":"https:\/\/groupebeauchesne.com\/?page_id=380"},"modified":"2018-03-15T13:33:18","modified_gmt":"2018-03-15T13:33:18","slug":"finishing-products","status":"publish","type":"page","link":"https:\/\/groupebeauchesne.com\/en\/products\/finishing-products\/","title":{"rendered":"Finishing products"},"content":{"rendered":"<div class=\"wpb-content-wrapper\"><p>[vc_row css_animation=&#8221;&#8221; row_type=&#8221;row&#8221; use_row_as_full_screen_section=&#8221;no&#8221; type=&#8221;grid&#8221; angled_section=&#8221;no&#8221; text_align=&#8221;left&#8221; background_image_as_pattern=&#8221;without_pattern&#8221; el_id=&#8221;template-produits&#8221; z_index=&#8221;&#8221;][vc_column][vc_column_text]<\/p>\n<h4>Work like a real pro with top-quality equipment<\/h4>\n<p>All the products required to complete your project, such as:<\/p>\n<p>Joint tape<br \/>\nJoint cement<br \/>\nCeiling textures<br \/>\nPaper corner beads<br \/>\nVinyl corner beads and protectors<br \/>\nLevel 5 finishing products<br \/>\nPrimers<\/p>\n<p><em>Can\u2019t find the type of material you\u2019re looking for on our page? It\u2019s impossible to put our entire inventory online! <a href=\"https:\/\/groupebeauchesne.com\/en\/contact\/\">Contact us<\/a>, and one of our specialists will be pleased to advise you and guide you through our product range.<\/em>[\/vc_column_text][vc_accordion active_tab=&#8221;false&#8221; collapsible=&#8221;yes&#8221; style=&#8221;accordion&#8221;][vc_accordion_tab title=&#8221;See our specification sheets and techical data sheets&#8221;][vc_row_inner row_type=&#8221;row&#8221; type=&#8221;full_width&#8221; text_align=&#8221;left&#8221; css_animation=&#8221;&#8221;][vc_column_inner][vc_column_text]<\/p>\n<h5>Pre-mixed joint compound<\/h5>\n<p>[\/vc_column_text][\/vc_column_inner][\/vc_row_inner][vc_row_inner row_type=&#8221;row&#8221; type=&#8221;full_width&#8221; text_align=&#8221;left&#8221; css_animation=&#8221;&#8221;][vc_column_inner width=&#8221;1\/3&#8243;][vc_column_text]All Purpose[\/vc_column_text]<a  itemprop=\"url\" href=\"https:\/\/www.usg.com\/content\/dam\/USG_Marketing_Communications\/canada\/product_promotional_materials\/finished_assets\/le-compose-tout-usage-pour-cloison-seche-cgc-data-sheet-fr-can-J2173.pdf\" target=\"_blank\"  class=\"qbutton  default\" style=\"\">CGC<\/a>[\/vc_column_inner][vc_column_inner width=&#8221;1\/3&#8243;][vc_column_text]All Purpose-Lite[\/vc_column_text]<a  itemprop=\"url\" href=\"https:\/\/www.usg.com\/content\/dam\/USG_Marketing_Communications\/canada\/product_promotional_materials\/finished_assets\/le-compose-leger-tout-usage-pour-cloison-seche-cgc-data-sheet-fr-can-J2172.pdf\" target=\"_blank\"  class=\"qbutton  default\" style=\"\">CGC<\/a>[\/vc_column_inner][vc_column_inner width=&#8221;1\/3&#8243;][vc_column_text]Machine Mud[\/vc_column_text]<a  itemprop=\"url\" href=\"https:\/\/www.usg.com\/content\/dam\/USG_Marketing_Communications\/canada\/product_promotional_materials\/finished_assets\/cgc-machine-mud-drywall-compound-datasheet-fr-can-J2174.pdf\" target=\"_blank\"  class=\"qbutton  default\" style=\"\">CGC<\/a>[\/vc_column_inner][\/vc_row_inner][vc_row_inner row_type=&#8221;row&#8221; type=&#8221;full_width&#8221; text_align=&#8221;left&#8221; css_animation=&#8221;&#8221;][vc_column_inner width=&#8221;1\/3&#8243;][vc_column_text]Dust Control[\/vc_column_text]<a  itemprop=\"url\" href=\"https:\/\/www.usg.com\/content\/dam\/USG_Marketing_Communications\/canada\/product_promotional_materials\/finished_assets\/cgc-dust-control-drywall-compound-data-sheet-fr-can-J2178.pdf\" target=\"_blank\"  class=\"qbutton  default\" style=\"\">CGC<\/a>[\/vc_column_inner][vc_column_inner width=&#8221;1\/3&#8243; offset=&#8221;vc_col-sm-offset-4&#8243;][vc_column_text]Total[\/vc_column_text]<a  itemprop=\"url\" href=\"https:\/\/www.usg.com\/content\/dam\/USG_Marketing_Communications\/canada\/product_promotional_materials\/finished_assets\/compose-a-joints-cgc-sheetrock-total-datasheet-fr-can-J2175.pdf\" target=\"_blank\"  class=\"qbutton  default\" style=\"\">CGC<\/a>[\/vc_column_inner][\/vc_row_inner][vc_row_inner row_type=&#8221;row&#8221; type=&#8221;full_width&#8221; text_align=&#8221;left&#8221; css_animation=&#8221;&#8221;][vc_column_inner][vc_column_text]<\/p>\n<h5>Setting-type joint compound<\/h5>\n<p>[\/vc_column_text][\/vc_column_inner][\/vc_row_inner][vc_row_inner row_type=&#8221;row&#8221; type=&#8221;full_width&#8221; text_align=&#8221;left&#8221; css_animation=&#8221;&#8221;][vc_column_inner width=&#8221;1\/3&#8243;][vc_column_text]Sheet Rock 45[\/vc_column_text]<a  itemprop=\"url\" href=\"https:\/\/www.usg.com\/content\/dam\/USG_Marketing_Communications\/canada\/product_promotional_materials\/finished_assets\/sheetrock-brand-silver-set-45-lightweight-setting-type-joint-compound-data-sheet-fr-can.pdf\" target=\"_blank\"  class=\"qbutton  default\" style=\"\">CGC<\/a>[\/vc_column_inner][vc_column_inner width=&#8221;1\/3&#8243;][vc_column_text]Sheet Rock 90[\/vc_column_text]<a  itemprop=\"url\" href=\"https:\/\/www.usg.com\/content\/dam\/USG_Marketing_Communications\/canada\/product_promotional_materials\/finished_assets\/sheetrock-setting-type-joint-compound-data-sheet-fr-can-patch-and-repair.pdf\" target=\"_blank\"  class=\"qbutton  default\" style=\"\">CGC<\/a>[\/vc_column_inner][vc_column_inner width=&#8221;1\/3&#8243;][vc_column_text]Durabond 90[\/vc_column_text]<a  itemprop=\"url\" href=\"https:\/\/www.usg.com\/content\/usgcom\/fr_CA_east\/products-solutions\/products\/finishing\/setting-type-drywall-compounds\/cgc-sheetrock-durabond-90-setting-type-drywall-compound.html\" target=\"_blank\"  class=\"qbutton  default\" style=\"\">CGC<\/a>[\/vc_column_inner][\/vc_row_inner][vc_row_inner row_type=&#8221;row&#8221; type=&#8221;full_width&#8221; text_align=&#8221;left&#8221; css_animation=&#8221;&#8221;][vc_column_inner][vc_column_text]<\/p>\n<h5>Plaster<\/h5>\n<p>[\/vc_column_text][\/vc_column_inner][\/vc_row_inner][vc_row_inner row_type=&#8221;row&#8221; type=&#8221;full_width&#8221; text_align=&#8221;left&#8221; css_animation=&#8221;&#8221;][vc_column_inner width=&#8221;1\/3&#8243;][vc_column_text]RED TOP Quick-Set Plaster of Paris[\/vc_column_text]<a  itemprop=\"url\" href=\"https:\/\/www.usg.com\/content\/dam\/USG_Marketing_Communications\/canada\/product_promotional_materials\/finished_assets\/red-top-gypsum-plaster-data-sheet-fr-can.pdf\" target=\"_blank\"  class=\"qbutton  default\" style=\"\">CGC<\/a>[\/vc_column_inner][vc_column_inner width=&#8221;1\/3&#8243; offset=&#8221;vc_col-sm-offset-4&#8243;][vc_column_text]Structo-Lite Plaster[\/vc_column_text]<a  itemprop=\"url\" href=\"https:\/\/www.usg.com\/content\/dam\/USG_Marketing_Communications\/canada\/product_promotional_materials\/finished_assets\/cgc-structo-lite-basecoat-plaster-data-sheet-fr-can.pdf\" target=\"_blank\"  class=\"qbutton  default\" style=\"\">CGC<\/a>[\/vc_column_inner][\/vc_row_inner][vc_row_inner row_type=&#8221;row&#8221; type=&#8221;full_width&#8221; text_align=&#8221;left&#8221; css_animation=&#8221;&#8221;][vc_column_inner][vc_column_text]<\/p>\n<h5>Tape<\/h5>\n<p>[\/vc_column_text][\/vc_column_inner][\/vc_row_inner][vc_row_inner row_type=&#8221;row&#8221; type=&#8221;full_width&#8221; text_align=&#8221;left&#8221; css_animation=&#8221;&#8221;][vc_column_inner width=&#8221;1\/3&#8243;][vc_column_text]Fibatape[\/vc_column_text]<a  itemprop=\"url\" href=\"http:\/\/www.adfors.com\/us\/building-products\/wall-finishing-tapes\/fibatape-standard-drywall-tape\" target=\"_blank\"  class=\"qbutton  default\" style=\"\">Adfors St Gobain<\/a>[\/vc_column_inner][vc_column_inner width=&#8221;1\/3&#8243;][vc_column_text]Joint tape[\/vc_column_text]<a  itemprop=\"url\" href=\"https:\/\/www.usg.com\/content\/dam\/USG_Marketing_Communications\/canada\/product_promotional_materials\/finished_assets\/cgc-drywall-tape-datasheet.pdf\" target=\"_blank\"  class=\"qbutton  default\" style=\"\">CGC<\/a>[\/vc_column_inner][vc_column_inner width=&#8221;1\/3&#8243;][vc_column_text]Fire-resistant tape[\/vc_column_text]<a  itemprop=\"url\" href=\"http:\/\/www.e-ztape.com\/pdf\/FireTape_TechManual_2016.pdf\" target=\"_blank\"  class=\"qbutton  default\" style=\"\">E-Z<\/a>[\/vc_column_inner][\/vc_row_inner][vc_row_inner row_type=&#8221;row&#8221; type=&#8221;full_width&#8221; text_align=&#8221;left&#8221; css_animation=&#8221;&#8221;][vc_column_inner width=&#8221;1\/3&#8243; offset=&#8221;vc_col-sm-offset-4&#8243;][vc_column_text]Tape &#8211; Fibreglass[\/vc_column_text]<a  itemprop=\"url\" href=\"https:\/\/www.usg.com\/content\/dam\/USG_Marketing_Communications\/canada\/product_promotional_materials\/finished_assets\/cgc-mould-resistant-fiberglass-drywall-tape-data-sheet-fr-can.pdf\" target=\"_blank\"  class=\"qbutton  default\" style=\"\">CGC<\/a>[\/vc_column_inner][\/vc_row_inner][\/vc_accordion_tab][\/vc_accordion][vc_gallery type=&#8221;image_grid&#8221; images=&#8221;600,565,601&#8243; img_size=&#8221;300&#215;300&#8243; column_number=&#8221;3&#8243; grayscale=&#8221;no&#8221; images_space=&#8221;gallery_with_space&#8221;]<div class='qode_carousels_holder clearfix'><div class='qode_carousels' data-number-of-visible-items=''><ul class='slides'><li class='item'><div class=\"carousel_item_holder\"><a itemprop='url' href='http:\/\/fr.certainteed.com\/' target='_blank'><span class='first_image_holder '><img decoding=\"async\" itemprop=\"image\" src=\"https:\/\/groupebeauchesne.com\/wp-content\/uploads\/2018\/03\/certainteed.gif\" alt=\"carousel image\" \/><\/span><\/a><\/div><\/li><li class='item'><div class=\"carousel_item_holder\"><a itemprop='url' href='https:\/\/www.usg.com\/content\/usgcom\/fr_CA_east.html' target='_blank'><span class='first_image_holder '><img decoding=\"async\" itemprop=\"image\" src=\"https:\/\/groupebeauchesne.com\/wp-content\/uploads\/2018\/03\/cgc.gif\" alt=\"carousel image\" \/><\/span><\/a><\/div><\/li><li class='item'><div class=\"carousel_item_holder\"><span class='first_image_holder '><img decoding=\"async\" itemprop=\"image\" src=\"https:\/\/groupebeauchesne.com\/wp-content\/uploads\/2018\/03\/tucktape.gif\" alt=\"carousel image\" \/><\/span><\/div><\/li><li class='item'><div class=\"carousel_item_holder\"><a itemprop='url' href='http:\/\/www.trim-tex.com\/' target='_blank'><span class='first_image_holder '><img decoding=\"async\" itemprop=\"image\" src=\"https:\/\/groupebeauchesne.com\/wp-content\/uploads\/2018\/03\/trim-tex.png\" alt=\"carousel image\" \/><\/span><\/a><\/div><\/li><li class='item'><div class=\"carousel_item_holder\"><a itemprop='url' href='http:\/\/novatrim.ca\/' target='_blank'><span class='first_image_holder '><img decoding=\"async\" itemprop=\"image\" src=\"https:\/\/groupebeauchesne.com\/wp-content\/uploads\/2018\/03\/nova-trim-2.jpg\" alt=\"carousel image\" \/><\/span><\/a><\/div><\/li><\/ul><\/div><\/div>[\/vc_column][\/vc_row][vc_row row_type=&#8221;parallax&#8221; parallax_content_width=&#8221;in_grid&#8221; text_align=&#8221;left&#8221; background_image=&#8221;208&#8243; full_screen_section_height=&#8221;no&#8221; el_class=&#8221;bloc-padding&#8221;][vc_column][vc_column_text]<\/p>\n<h4>Groupe beauchesne is the benchmark in the distribution of building materials for interior systems<\/h4>\n<p>[\/vc_column_text][\/vc_column][\/vc_row]<\/p>\n<\/div>","protected":false},"excerpt":{"rendered":"<p>[vc_row css_animation=&#8221;&#8221; row_type=&#8221;row&#8221; use_row_as_full_screen_section=&#8221;no&#8221; type=&#8221;grid&#8221; angled_section=&#8221;no&#8221; text_align=&#8221;left&#8221; background_image_as_pattern=&#8221;without_pattern&#8221; el_id=&#8221;template-produits&#8221; z_index=&#8221;&#8221;][vc_column][vc_column_text] Work like a real pro with top-quality equipment All the products required to complete your project, such as: Joint tape Joint cement Ceiling textures Paper corner beads Vinyl corner beads and protectors Level 5 finishing&#8230;<\/p>\n","protected":false},"author":1,"featured_media":0,"parent":376,"menu_order":0,"comment_status":"closed","ping_status":"closed","template":"full_width.php","meta":{"_acf_changed":false,"footnotes":""},"class_list":["post-380","page","type-page","status-publish","hentry"],"acf":[],"yoast_head":"<!-- This site is optimized with the Yoast SEO plugin v27.4 - https:\/\/yoast.com\/product\/yoast-seo-wordpress\/ -->\n<title>Finishing products | Groupe Beauchesne<\/title>\n<meta name=\"description\" content=\"All the products required to complete your project: joint tape, cement, ceiling textures, paper corner beads, level 5 finishing products, primers and more.\" \/>\n<meta name=\"robots\" content=\"index, follow, max-snippet:-1, max-image-preview:large, max-video-preview:-1\" \/>\n<link rel=\"canonical\" href=\"https:\/\/groupebeauchesne.com\/en\/products\/finishing-products\/\" \/>\n<meta property=\"og:locale\" content=\"en_US\" \/>\n<meta property=\"og:type\" content=\"article\" \/>\n<meta property=\"og:title\" content=\"Finishing products | Groupe Beauchesne\" \/>\n<meta property=\"og:description\" content=\"All the products required to complete your project: joint tape, cement, ceiling textures, paper corner beads, level 5 finishing products, primers and more.\" \/>\n<meta property=\"og:url\" content=\"https:\/\/groupebeauchesne.com\/en\/products\/finishing-products\/\" \/>\n<meta property=\"og:site_name\" content=\"Groupe Beauchesne\" \/>\n<meta property=\"article:modified_time\" content=\"2018-03-15T13:33:18+00:00\" \/>\n<meta property=\"og:image\" content=\"https:\/\/groupebeauchesne.com\/wp-content\/uploads\/2018\/02\/slider-bg1.jpg\" \/>\n<meta name=\"twitter:card\" content=\"summary_large_image\" \/>\n<meta name=\"twitter:label1\" content=\"Est. reading time\" \/>\n\t<meta name=\"twitter:data1\" content=\"5 minutes\" \/>\n<script type=\"application\/ld+json\" class=\"yoast-schema-graph\">{\"@context\":\"https:\\\/\\\/schema.org\",\"@graph\":[{\"@type\":\"WebPage\",\"@id\":\"https:\\\/\\\/groupebeauchesne.com\\\/en\\\/products\\\/finishing-products\\\/\",\"url\":\"https:\\\/\\\/groupebeauchesne.com\\\/en\\\/products\\\/finishing-products\\\/\",\"name\":\"Finishing products | Groupe Beauchesne\",\"isPartOf\":{\"@id\":\"https:\\\/\\\/groupebeauchesne.com\\\/#website\"},\"datePublished\":\"2018-03-02T15:07:56+00:00\",\"dateModified\":\"2018-03-15T13:33:18+00:00\",\"description\":\"All the products required to complete your project: joint tape, cement, ceiling textures, paper corner beads, level 5 finishing products, primers and more.\",\"breadcrumb\":{\"@id\":\"https:\\\/\\\/groupebeauchesne.com\\\/en\\\/products\\\/finishing-products\\\/#breadcrumb\"},\"inLanguage\":\"en-CA\",\"potentialAction\":[{\"@type\":\"ReadAction\",\"target\":[\"https:\\\/\\\/groupebeauchesne.com\\\/en\\\/products\\\/finishing-products\\\/\"]}]},{\"@type\":\"BreadcrumbList\",\"@id\":\"https:\\\/\\\/groupebeauchesne.com\\\/en\\\/products\\\/finishing-products\\\/#breadcrumb\",\"itemListElement\":[{\"@type\":\"ListItem\",\"position\":1,\"name\":\"Home\",\"item\":\"https:\\\/\\\/groupebeauchesne.com\\\/en\\\/\"},{\"@type\":\"ListItem\",\"position\":2,\"name\":\"Products\",\"item\":\"https:\\\/\\\/groupebeauchesne.com\\\/en\\\/products\\\/\"},{\"@type\":\"ListItem\",\"position\":3,\"name\":\"Finishing products\"}]},{\"@type\":\"WebSite\",\"@id\":\"https:\\\/\\\/groupebeauchesne.com\\\/#website\",\"url\":\"https:\\\/\\\/groupebeauchesne.com\\\/\",\"name\":\"Groupe Beauchesne\",\"description\":\"La r\u00e9f\u00e9rence en syst\u00e8me d\u2019int\u00e9rieur\",\"potentialAction\":[{\"@type\":\"SearchAction\",\"target\":{\"@type\":\"EntryPoint\",\"urlTemplate\":\"https:\\\/\\\/groupebeauchesne.com\\\/?s={search_term_string}\"},\"query-input\":{\"@type\":\"PropertyValueSpecification\",\"valueRequired\":true,\"valueName\":\"search_term_string\"}}],\"inLanguage\":\"en-CA\"}]}<\/script>\n<!-- \/ Yoast SEO plugin. -->","yoast_head_json":{"title":"Finishing products | Groupe Beauchesne","description":"All the products required to complete your project: joint tape, cement, ceiling textures, paper corner beads, level 5 finishing products, primers and more.","robots":{"index":"index","follow":"follow","max-snippet":"max-snippet:-1","max-image-preview":"max-image-preview:large","max-video-preview":"max-video-preview:-1"},"canonical":"https:\/\/groupebeauchesne.com\/en\/products\/finishing-products\/","og_locale":"en_US","og_type":"article","og_title":"Finishing products | Groupe Beauchesne","og_description":"All the products required to complete your project: joint tape, cement, ceiling textures, paper corner beads, level 5 finishing products, primers and more.","og_url":"https:\/\/groupebeauchesne.com\/en\/products\/finishing-products\/","og_site_name":"Groupe Beauchesne","article_modified_time":"2018-03-15T13:33:18+00:00","og_image":[{"url":"https:\/\/groupebeauchesne.com\/wp-content\/uploads\/2018\/02\/slider-bg1.jpg","type":"","width":"","height":""}],"twitter_card":"summary_large_image","twitter_misc":{"Est. reading time":"5 minutes"},"schema":{"@context":"https:\/\/schema.org","@graph":[{"@type":"WebPage","@id":"https:\/\/groupebeauchesne.com\/en\/products\/finishing-products\/","url":"https:\/\/groupebeauchesne.com\/en\/products\/finishing-products\/","name":"Finishing products | Groupe Beauchesne","isPartOf":{"@id":"https:\/\/groupebeauchesne.com\/#website"},"datePublished":"2018-03-02T15:07:56+00:00","dateModified":"2018-03-15T13:33:18+00:00","description":"All the products required to complete your project: joint tape, cement, ceiling textures, paper corner beads, level 5 finishing products, primers and more.","breadcrumb":{"@id":"https:\/\/groupebeauchesne.com\/en\/products\/finishing-products\/#breadcrumb"},"inLanguage":"en-CA","potentialAction":[{"@type":"ReadAction","target":["https:\/\/groupebeauchesne.com\/en\/products\/finishing-products\/"]}]},{"@type":"BreadcrumbList","@id":"https:\/\/groupebeauchesne.com\/en\/products\/finishing-products\/#breadcrumb","itemListElement":[{"@type":"ListItem","position":1,"name":"Home","item":"https:\/\/groupebeauchesne.com\/en\/"},{"@type":"ListItem","position":2,"name":"Products","item":"https:\/\/groupebeauchesne.com\/en\/products\/"},{"@type":"ListItem","position":3,"name":"Finishing products"}]},{"@type":"WebSite","@id":"https:\/\/groupebeauchesne.com\/#website","url":"https:\/\/groupebeauchesne.com\/","name":"Groupe Beauchesne","description":"La r\u00e9f\u00e9rence en syst\u00e8me d\u2019int\u00e9rieur","potentialAction":[{"@type":"SearchAction","target":{"@type":"EntryPoint","urlTemplate":"https:\/\/groupebeauchesne.com\/?s={search_term_string}"},"query-input":{"@type":"PropertyValueSpecification","valueRequired":true,"valueName":"search_term_string"}}],"inLanguage":"en-CA"}]}},"_links":{"self":[{"href":"https:\/\/groupebeauchesne.com\/en\/wp-json\/wp\/v2\/pages\/380","targetHints":{"allow":["GET"]}}],"collection":[{"href":"https:\/\/groupebeauchesne.com\/en\/wp-json\/wp\/v2\/pages"}],"about":[{"href":"https:\/\/groupebeauchesne.com\/en\/wp-json\/wp\/v2\/types\/page"}],"author":[{"embeddable":true,"href":"https:\/\/groupebeauchesne.com\/en\/wp-json\/wp\/v2\/users\/1"}],"replies":[{"embeddable":true,"href":"https:\/\/groupebeauchesne.com\/en\/wp-json\/wp\/v2\/comments?post=380"}],"version-history":[{"count":10,"href":"https:\/\/groupebeauchesne.com\/en\/wp-json\/wp\/v2\/pages\/380\/revisions"}],"predecessor-version":[{"id":615,"href":"https:\/\/groupebeauchesne.com\/en\/wp-json\/wp\/v2\/pages\/380\/revisions\/615"}],"up":[{"embeddable":true,"href":"https:\/\/groupebeauchesne.com\/en\/wp-json\/wp\/v2\/pages\/376"}],"wp:attachment":[{"href":"https:\/\/groupebeauchesne.com\/en\/wp-json\/wp\/v2\/media?parent=380"}],"curies":[{"name":"wp","href":"https:\/\/api.w.org\/{rel}","templated":true}]}}