{"id":382,"date":"2018-03-02T15:08:57","date_gmt":"2018-03-02T15:08:57","guid":{"rendered":"https:\/\/groupebeauchesne.com\/?page_id=382"},"modified":"2018-03-15T13:31:30","modified_gmt":"2018-03-15T13:31:30","slug":"drywall","status":"publish","type":"page","link":"https:\/\/groupebeauchesne.com\/en\/products\/drywall\/","title":{"rendered":"Drywall"},"content":{"rendered":"<div class=\"wpb-content-wrapper\"><p>[vc_row css_animation=&#8221;&#8221; row_type=&#8221;row&#8221; use_row_as_full_screen_section=&#8221;no&#8221; type=&#8221;grid&#8221; angled_section=&#8221;no&#8221; text_align=&#8221;left&#8221; background_image_as_pattern=&#8221;without_pattern&#8221; el_id=&#8221;template-produits&#8221; z_index=&#8221;&#8221;][vc_column][vc_column_text]<\/p>\n<h4>The industry leader<\/h4>\n<p>Our inventory includes multiple high-quality drywall products, such as:<\/p>\n<p>Lightweight drywall panels<br \/>\nDrywall panels for ceilings<br \/>\nFire-resistant panels<br \/>\nWall support panels for tiles<br \/>\nMoisture and mold-resistant drywall panels<br \/>\nImpact-resistant panels<br \/>\nFlexible panels<br \/>\nExterior cladding panels made from fibreglass matting<\/p>\n<p><em>Can\u2019t find the type of material you\u2019re looking for on our page? It\u2019s impossible to put our entire inventory online! <a href=\"https:\/\/groupebeauchesne.com\/en\/contact\/\">Contact us<\/a>, and one of our specialists will be pleased to advise you and guide you through our product range.<\/em>[\/vc_column_text][vc_accordion active_tab=&#8221;false&#8221; collapsible=&#8221;yes&#8221; style=&#8221;accordion&#8221;][vc_accordion_tab title=&#8221;See our specification sheets and techical data sheets&#8221;][vc_row_inner row_type=&#8221;row&#8221; type=&#8221;full_width&#8221; text_align=&#8221;left&#8221; css_animation=&#8221;&#8221;][vc_column_inner][vc_column_text]<\/p>\n<h5>Regular drywall<\/h5>\n<p>[\/vc_column_text][\/vc_column_inner][\/vc_row_inner][vc_row_inner row_type=&#8221;row&#8221; type=&#8221;full_width&#8221; text_align=&#8221;left&#8221; css_animation=&#8221;&#8221;][vc_column_inner width=&#8221;1\/3&#8243;][vc_column_text]Regular drywall<br \/>\n3\/8&#8243;[\/vc_column_text]<a  itemprop=\"url\" href=\"https:\/\/www.usg.com\/content\/usgcom\/fr_CA_east\/products-solutions\/products\/wallboard\/regular-panels\/cgc-sheetrock-gypsum-panels.html\" target=\"_blank\"  class=\"qbutton  default\" style=\"\">CGC<\/a>[\/vc_column_inner][vc_column_inner width=&#8221;1\/3&#8243;][vc_column_text]Lightweight drywall<br \/>\n1\/2&#8243;[\/vc_column_text]<a  itemprop=\"url\" href=\"https:\/\/www.usg.com\/content\/usgcom\/fr_CA_east\/products-solutions\/products\/wallboard\/lightweight-panels\/cgc-sheetrock-ultralight-panels.html\" target=\"_blank\"  class=\"qbutton  default\" style=\"\">CGC<\/a>[\/vc_column_inner][vc_column_inner width=&#8221;1\/3&#8243;][vc_column_text]Flexible drywall<br \/>\n1\/2&#8243;[\/vc_column_text]<a  itemprop=\"url\" href=\"https:\/\/www.usg.com\/content\/usgcom\/fr_CA_east\/products-solutions\/products\/wallboard\/regular-panels\/cgc-sheetrock-flexible-gypsum-panels.html\" target=\"_blank\"  class=\"qbutton  default\" style=\"\">CGC<\/a>[\/vc_column_inner][\/vc_row_inner][vc_row_inner row_type=&#8221;row&#8221; type=&#8221;full_width&#8221; text_align=&#8221;left&#8221; css_animation=&#8221;&#8221;][vc_column_inner][vc_column_text]<\/p>\n<h5>Mold-resistant drywall<\/h5>\n<p>[\/vc_column_text][\/vc_column_inner][\/vc_row_inner][vc_row_inner row_type=&#8221;row&#8221; type=&#8221;full_width&#8221; text_align=&#8221;left&#8221; css_animation=&#8221;&#8221;][vc_column_inner width=&#8221;1\/3&#8243;][vc_column_text]Mold Tough Fire<br \/>\n5\/8&#8243;[\/vc_column_text]<a  itemprop=\"url\" href=\"https:\/\/www.usg.com\/content\/usgcom\/fr_CA_east\/products-solutions\/products\/wallboard\/mould-resistant-panels\/cgc-sheetrock-mold-tough-panels-firecode-x.html\" target=\"_blank\"  class=\"qbutton  default\" style=\"\">CGC<\/a>[\/vc_column_inner][vc_column_inner width=&#8221;1\/3&#8243;][vc_column_text]Mold Tough Fire VHI<br \/>\n5\/8&#8243;[\/vc_column_text]<a  itemprop=\"url\" href=\"https:\/\/www.usg.com\/content\/usgcom\/fr_CA_east\/products-solutions\/products\/wallboard\/abuse-resistant-panels\/cgc-sheetrock-panels-mold-tough-vhi-firecode-x.html\" target=\"_blank\"  class=\"qbutton  default\" style=\"\">CGC<\/a>[\/vc_column_inner][vc_column_inner width=&#8221;1\/3&#8243;][vc_column_text]Mold Tough UltraLight<br \/>\n1\/2&#8243;[\/vc_column_text]<a  itemprop=\"url\" href=\"https:\/\/www.usg.com\/content\/usgcom\/fr_CA_east\/products-solutions\/products\/wallboard\/lightweight-panels\/cgc-sheetrock-ultralight-panels-mold-tough.html\" target=\"_blank\"  class=\"qbutton  default\" style=\"\">CGC<\/a>[\/vc_column_inner][\/vc_row_inner][vc_row_inner row_type=&#8221;row&#8221; type=&#8221;full_width&#8221; text_align=&#8221;left&#8221; css_animation=&#8221;&#8221;][vc_column_inner width=&#8221;1\/3&#8243;][vc_column_text]Mold Tough UltraLight Fire<br \/>\n5\/8&#8243;[\/vc_column_text]<a  itemprop=\"url\" href=\"https:\/\/www.usg.com\/content\/usgcom\/fr_CA_east\/products-solutions\/products\/wallboard\/lightweight-panels\/cgc-sheetrock-ultralight-panels-mold-tough.html\" target=\"_blank\"  class=\"qbutton  default\" style=\"\">CGC<\/a>[\/vc_column_inner][vc_column_inner width=&#8221;1\/3&#8243;][vc_column_text]Mold Tough Fibreglass Fire<br \/>\n5\/8&#8243;[\/vc_column_text]<a  itemprop=\"url\" href=\"https:\/\/www.usg.com\/content\/usgcom\/fr_CA_east\/products-solutions\/products\/wallboard\/abuse-resistant-panels\/cgc-sheetrock-glass-mat-panels-mold-tough-vhi-firecode-x.html\" target=\"_blank\"  class=\"qbutton  default\" style=\"\">CGC<\/a>[\/vc_column_inner][vc_column_inner width=&#8221;1\/3&#8243;][vc_column_text]Mold Tough Fibreglass<br \/>\n1\/2&#8243; and 5\/8&#8243;[\/vc_column_text]<a  itemprop=\"url\" href=\"https:\/\/www.usg.com\/content\/usgcom\/fr_CA_east\/products-solutions\/products\/wallboard\/mould-resistant-panels\/cgc-sheetrock-glass-mat-panels-mold-tough.html\" target=\"_blank\"  class=\"qbutton  default\" style=\"\">CGC<\/a>[\/vc_column_inner][\/vc_row_inner][vc_row_inner row_type=&#8221;row&#8221; type=&#8221;full_width&#8221; text_align=&#8221;left&#8221; css_animation=&#8221;&#8221;][vc_column_inner][vc_column_text]<\/p>\n<h5>Fire-resistant drywall<\/h5>\n<p>[\/vc_column_text][\/vc_column_inner][\/vc_row_inner][vc_row_inner row_type=&#8221;row&#8221; type=&#8221;full_width&#8221; text_align=&#8221;left&#8221; css_animation=&#8221;&#8221;][vc_column_inner width=&#8221;1\/3&#8243;][vc_column_text]Firecode X<br \/>\n1\/2&#8243; and 5\/8&#8243;[\/vc_column_text]<a  itemprop=\"url\" href=\"https:\/\/www.usg.com\/content\/usgcom\/fr_CA_east\/products-solutions\/products\/wallboard\/fire-resistant-panels\/cgc-sheetrock-firecode-x-gypsum-panels.html\" target=\"_blank\"  class=\"qbutton  default\" style=\"\">CGC<\/a>[\/vc_column_inner][vc_column_inner width=&#8221;1\/3&#8243;][vc_column_text]Firecode C<br \/>\n1\/2&#8243; and 5\/8&#8243;[\/vc_column_text]<a  itemprop=\"url\" href=\"https:\/\/www.usg.com\/content\/usgcom\/fr_CA_east\/products-solutions\/products\/wallboard\/fire-resistant-panels\/cgc-sheetrock-firecode-c-gypsum-panels.html\" target=\"_blank\"  class=\"qbutton  default\" style=\"\">CGC<\/a>[\/vc_column_inner][vc_column_inner width=&#8221;1\/3&#8243;][vc_column_text]Firecode 30<br \/>\n1\/2&#8243; and 5\/8&#8243;[\/vc_column_text]<a  itemprop=\"url\" href=\"https:\/\/www.usg.com\/content\/usgcom\/fr_CA_east\/products-solutions\/products\/wallboard\/lightweight-panels\/cgc-sheetrock-ultralight-panels-firecode-30.html\" target=\"_blank\"  class=\"qbutton  default\" style=\"\">CGC<\/a>[\/vc_column_inner][\/vc_row_inner][vc_row_inner row_type=&#8221;row&#8221; type=&#8221;full_width&#8221; text_align=&#8221;left&#8221; css_animation=&#8221;&#8221;][vc_column_inner][vc_column_text]<\/p>\n<h5>Ultra-resistant drywall<\/h5>\n<p>[\/vc_column_text][\/vc_column_inner][\/vc_row_inner][vc_row_inner row_type=&#8221;row&#8221; type=&#8221;full_width&#8221; text_align=&#8221;left&#8221; css_animation=&#8221;&#8221;][vc_column_inner width=&#8221;1\/3&#8243;][vc_column_text]Ultra Resistant Fire<br \/>\n1\/2&#8243; and 5\/8&#8243;[\/vc_column_text]<a  itemprop=\"url\" href=\"https:\/\/www.usg.com\/content\/usgcom\/fr_CA_east\/products-solutions\/products\/wallboard\/abuse-resistant-panels\/cgc-sheetrock-ar-firecode-x-panels.html\" target=\"_blank\"  class=\"qbutton  default\" style=\"\">CGC<\/a>[\/vc_column_inner][vc_column_inner width=&#8221;1\/3&#8243; offset=&#8221;vc_col-sm-offset-4&#8243;][vc_column_text]Reinforced gypsum \u2013 Fiberock<br \/>\n1\/2&#8243; and 5\/8&#8243;[\/vc_column_text]<a  itemprop=\"url\" href=\"https:\/\/www.usg.com\/content\/usgcom\/fr_CA_east\/products-solutions\/products\/wallboard\/abuse-resistant-panels\/cgc-fiberock-aqua-tough-ar-interior-panels.html\" target=\"_blank\"  class=\"qbutton  default\" style=\"\">CGC<\/a>[\/vc_column_inner][\/vc_row_inner][vc_row_inner row_type=&#8221;row&#8221; type=&#8221;full_width&#8221; text_align=&#8221;left&#8221; css_animation=&#8221;&#8221;][vc_column_inner][vc_column_text]<\/p>\n<h5>Wall support<\/h5>\n<p>[\/vc_column_text][\/vc_column_inner][\/vc_row_inner][vc_row_inner row_type=&#8221;row&#8221; type=&#8221;full_width&#8221; text_align=&#8221;left&#8221; css_animation=&#8221;&#8221;][vc_column_inner width=&#8221;1\/3&#8243; offset=&#8221;vc_col-sm-offset-4&#8243;][vc_column_text]Durock drywall &#8211; Fibreglass<br \/>\n1\/2&#8243; and 5\/8&#8243;[\/vc_column_text]<a  itemprop=\"url\" href=\"https:\/\/www.usg.com\/content\/usgcom\/fr_CA_east\/products-solutions\/products\/tile-and-flooring-installation\/backerboards\/cgc-durock-glass-mat-tile-backerboard.html\" target=\"_blank\"  class=\"qbutton  default\" style=\"\">CGC<\/a>[\/vc_column_inner][\/vc_row_inner][vc_row_inner row_type=&#8221;row&#8221; type=&#8221;full_width&#8221; text_align=&#8221;left&#8221; css_animation=&#8221;&#8221;][vc_column_inner][vc_column_text]<\/p>\n<h5>Shaft liner<\/h5>\n<p>[\/vc_column_text][\/vc_column_inner][\/vc_row_inner][vc_row_inner row_type=&#8221;row&#8221; type=&#8221;full_width&#8221; text_align=&#8221;left&#8221; css_animation=&#8221;&#8221;][vc_column_inner width=&#8221;1\/3&#8243; offset=&#8221;vc_col-sm-offset-4&#8243;][vc_column_text]Fibreglass shaft liner<br \/>\n1&#8243;[\/vc_column_text]<a  itemprop=\"url\" href=\"https:\/\/www.usg.com\/content\/usgcom\/fr_CA_east\/products-solutions\/products\/wallboard\/wall-systems\/cgc-cavity-shaft-wall-system.html\" target=\"_blank\"  class=\"qbutton  default\" style=\"\">CGC<\/a>[\/vc_column_inner][\/vc_row_inner][vc_row_inner row_type=&#8221;row&#8221; type=&#8221;full_width&#8221; text_align=&#8221;left&#8221; css_animation=&#8221;&#8221;][vc_column_inner][vc_column_text]<\/p>\n<h5>Exterior cladding<\/h5>\n<p>[\/vc_column_text][\/vc_column_inner][\/vc_row_inner][vc_row_inner row_type=&#8221;row&#8221; type=&#8221;full_width&#8221; text_align=&#8221;left&#8221; css_animation=&#8221;&#8221;][vc_column_inner width=&#8221;1\/3&#8243;][vc_column_text]Securock \u2013 Fibreglass<br \/>\n1\/2&#8243; and 5\/8&#8243;[\/vc_column_text]<a  itemprop=\"url\" href=\"https:\/\/www.usg.com\/content\/usgcom\/fr_CA_east\/products-solutions\/products\/sheathing\/cgc-securock-ultralight-glass-mat-sheathing-regular-and-firecode-x.html\" target=\"_blank\"  class=\"qbutton  default\" style=\"\">CGC<\/a>[\/vc_column_inner][vc_column_inner width=&#8221;1\/3&#8243; offset=&#8221;vc_col-sm-offset-4&#8243;][vc_column_text]Gyplap \u2013 Treated gypsum<br \/>\n1\/2&#8243; and 5\/8&#8243;[\/vc_column_text]<a  itemprop=\"url\" href=\"https:\/\/www.usg.com\/content\/usgcom\/fr_CA_east\/products-solutions\/products\/sheathing\/cgc-gyplap-treated-core-gypsum-sheathing.html\" target=\"_blank\"  class=\"qbutton  default\" style=\"\">CGC<\/a>[\/vc_column_inner][\/vc_row_inner][\/vc_accordion_tab][\/vc_accordion]<div class='qode_carousels_holder clearfix'><div class='qode_carousels' data-number-of-visible-items=''><ul class='slides'><li class='item'><div class=\"carousel_item_holder\"><a itemprop='url' href='http:\/\/fr.certainteed.com\/' target='_blank'><span class='first_image_holder '><img decoding=\"async\" itemprop=\"image\" src=\"https:\/\/groupebeauchesne.com\/wp-content\/uploads\/2018\/03\/certainteed.gif\" alt=\"carousel image\" \/><\/span><\/a><\/div><\/li><li class='item'><div class=\"carousel_item_holder\"><a itemprop='url' href='https:\/\/www.usg.com\/content\/usgcom\/fr_CA_east.html' target='_blank'><span class='first_image_holder '><img decoding=\"async\" itemprop=\"image\" src=\"https:\/\/groupebeauchesne.com\/wp-content\/uploads\/2018\/03\/cgc.gif\" alt=\"carousel image\" \/><\/span><\/a><\/div><\/li><li class='item'><div class=\"carousel_item_holder\"><a itemprop='url' href='https:\/\/www.gp.com\/' target='_blank'><span class='first_image_holder '><img decoding=\"async\" itemprop=\"image\" src=\"https:\/\/groupebeauchesne.com\/wp-content\/uploads\/2018\/03\/georgia-pacific.gif\" alt=\"carousel image\" \/><\/span><\/a><\/div><\/li><li class='item'><div class=\"carousel_item_holder\"><a itemprop='url' href='http:\/\/www.envirowall.com\/' target='_blank'><span class='first_image_holder '><img decoding=\"async\" itemprop=\"image\" src=\"https:\/\/groupebeauchesne.com\/wp-content\/uploads\/2018\/03\/envirowall.png\" alt=\"carousel image\" \/><\/span><\/a><\/div><\/li><\/ul><\/div><\/div>[\/vc_column][\/vc_row][vc_row row_type=&#8221;parallax&#8221; parallax_content_width=&#8221;in_grid&#8221; text_align=&#8221;left&#8221; background_image=&#8221;208&#8243; full_screen_section_height=&#8221;no&#8221; el_class=&#8221;bloc-padding&#8221;][vc_column][vc_column_text]<\/p>\n<h4>Groupe beauchesne is the benchmark in the distribution of building materials for interior systems<\/h4>\n<p>[\/vc_column_text][\/vc_column][\/vc_row]<\/p>\n<\/div>","protected":false},"excerpt":{"rendered":"<p>[vc_row css_animation=&#8221;&#8221; row_type=&#8221;row&#8221; use_row_as_full_screen_section=&#8221;no&#8221; type=&#8221;grid&#8221; angled_section=&#8221;no&#8221; text_align=&#8221;left&#8221; background_image_as_pattern=&#8221;without_pattern&#8221; el_id=&#8221;template-produits&#8221; z_index=&#8221;&#8221;][vc_column][vc_column_text] The industry leader Our inventory includes multiple high-quality drywall products, such as: Lightweight drywall panels Drywall panels for ceilings Fire-resistant panels Wall support panels for tiles Moisture and mold-resistant drywall panels Impact-resistant panels Flexible panels&#8230;<\/p>\n","protected":false},"author":1,"featured_media":0,"parent":376,"menu_order":0,"comment_status":"closed","ping_status":"closed","template":"full_width.php","meta":{"_acf_changed":false,"footnotes":""},"class_list":["post-382","page","type-page","status-publish","hentry"],"acf":[],"yoast_head":"<!-- This site is optimized with the Yoast SEO plugin v27.4 - https:\/\/yoast.com\/product\/yoast-seo-wordpress\/ -->\n<title>Drywall | Groupe Beauchesne<\/title>\n<meta name=\"description\" content=\"Multiple high-quality products: lightweight drywall panels, panels for ceilings, fire-resistant, flexible, wall support panels for tiles and more.\" \/>\n<meta name=\"robots\" content=\"index, follow, max-snippet:-1, max-image-preview:large, max-video-preview:-1\" \/>\n<link rel=\"canonical\" href=\"https:\/\/groupebeauchesne.com\/en\/products\/drywall\/\" \/>\n<meta property=\"og:locale\" content=\"en_US\" \/>\n<meta property=\"og:type\" content=\"article\" \/>\n<meta property=\"og:title\" content=\"Drywall | Groupe Beauchesne\" \/>\n<meta property=\"og:description\" content=\"Multiple high-quality products: lightweight drywall panels, panels for ceilings, fire-resistant, flexible, wall support panels for tiles and more.\" \/>\n<meta property=\"og:url\" content=\"https:\/\/groupebeauchesne.com\/en\/products\/drywall\/\" \/>\n<meta property=\"og:site_name\" content=\"Groupe Beauchesne\" \/>\n<meta property=\"article:modified_time\" content=\"2018-03-15T13:31:30+00:00\" \/>\n<meta property=\"og:image\" content=\"https:\/\/groupebeauchesne.com\/wp-content\/uploads\/2018\/02\/slider-bg1.jpg\" \/>\n<meta name=\"twitter:card\" content=\"summary_large_image\" \/>\n<meta name=\"twitter:label1\" content=\"Est. reading time\" \/>\n\t<meta name=\"twitter:data1\" content=\"7 minutes\" \/>\n<script type=\"application\/ld+json\" class=\"yoast-schema-graph\">{\"@context\":\"https:\\\/\\\/schema.org\",\"@graph\":[{\"@type\":\"WebPage\",\"@id\":\"https:\\\/\\\/groupebeauchesne.com\\\/en\\\/products\\\/drywall\\\/\",\"url\":\"https:\\\/\\\/groupebeauchesne.com\\\/en\\\/products\\\/drywall\\\/\",\"name\":\"Drywall | Groupe Beauchesne\",\"isPartOf\":{\"@id\":\"https:\\\/\\\/groupebeauchesne.com\\\/#website\"},\"datePublished\":\"2018-03-02T15:08:57+00:00\",\"dateModified\":\"2018-03-15T13:31:30+00:00\",\"description\":\"Multiple high-quality products: lightweight drywall panels, panels for ceilings, fire-resistant, flexible, wall support panels for tiles and more.\",\"breadcrumb\":{\"@id\":\"https:\\\/\\\/groupebeauchesne.com\\\/en\\\/products\\\/drywall\\\/#breadcrumb\"},\"inLanguage\":\"en-CA\",\"potentialAction\":[{\"@type\":\"ReadAction\",\"target\":[\"https:\\\/\\\/groupebeauchesne.com\\\/en\\\/products\\\/drywall\\\/\"]}]},{\"@type\":\"BreadcrumbList\",\"@id\":\"https:\\\/\\\/groupebeauchesne.com\\\/en\\\/products\\\/drywall\\\/#breadcrumb\",\"itemListElement\":[{\"@type\":\"ListItem\",\"position\":1,\"name\":\"Home\",\"item\":\"https:\\\/\\\/groupebeauchesne.com\\\/en\\\/\"},{\"@type\":\"ListItem\",\"position\":2,\"name\":\"Products\",\"item\":\"https:\\\/\\\/groupebeauchesne.com\\\/en\\\/products\\\/\"},{\"@type\":\"ListItem\",\"position\":3,\"name\":\"Drywall\"}]},{\"@type\":\"WebSite\",\"@id\":\"https:\\\/\\\/groupebeauchesne.com\\\/#website\",\"url\":\"https:\\\/\\\/groupebeauchesne.com\\\/\",\"name\":\"Groupe Beauchesne\",\"description\":\"La r\u00e9f\u00e9rence en syst\u00e8me d\u2019int\u00e9rieur\",\"potentialAction\":[{\"@type\":\"SearchAction\",\"target\":{\"@type\":\"EntryPoint\",\"urlTemplate\":\"https:\\\/\\\/groupebeauchesne.com\\\/?s={search_term_string}\"},\"query-input\":{\"@type\":\"PropertyValueSpecification\",\"valueRequired\":true,\"valueName\":\"search_term_string\"}}],\"inLanguage\":\"en-CA\"}]}<\/script>\n<!-- \/ Yoast SEO plugin. -->","yoast_head_json":{"title":"Drywall | Groupe Beauchesne","description":"Multiple high-quality products: lightweight drywall panels, panels for ceilings, fire-resistant, flexible, wall support panels for tiles and more.","robots":{"index":"index","follow":"follow","max-snippet":"max-snippet:-1","max-image-preview":"max-image-preview:large","max-video-preview":"max-video-preview:-1"},"canonical":"https:\/\/groupebeauchesne.com\/en\/products\/drywall\/","og_locale":"en_US","og_type":"article","og_title":"Drywall | Groupe Beauchesne","og_description":"Multiple high-quality products: lightweight drywall panels, panels for ceilings, fire-resistant, flexible, wall support panels for tiles and more.","og_url":"https:\/\/groupebeauchesne.com\/en\/products\/drywall\/","og_site_name":"Groupe Beauchesne","article_modified_time":"2018-03-15T13:31:30+00:00","og_image":[{"url":"https:\/\/groupebeauchesne.com\/wp-content\/uploads\/2018\/02\/slider-bg1.jpg","type":"","width":"","height":""}],"twitter_card":"summary_large_image","twitter_misc":{"Est. reading time":"7 minutes"},"schema":{"@context":"https:\/\/schema.org","@graph":[{"@type":"WebPage","@id":"https:\/\/groupebeauchesne.com\/en\/products\/drywall\/","url":"https:\/\/groupebeauchesne.com\/en\/products\/drywall\/","name":"Drywall | Groupe Beauchesne","isPartOf":{"@id":"https:\/\/groupebeauchesne.com\/#website"},"datePublished":"2018-03-02T15:08:57+00:00","dateModified":"2018-03-15T13:31:30+00:00","description":"Multiple high-quality products: lightweight drywall panels, panels for ceilings, fire-resistant, flexible, wall support panels for tiles and more.","breadcrumb":{"@id":"https:\/\/groupebeauchesne.com\/en\/products\/drywall\/#breadcrumb"},"inLanguage":"en-CA","potentialAction":[{"@type":"ReadAction","target":["https:\/\/groupebeauchesne.com\/en\/products\/drywall\/"]}]},{"@type":"BreadcrumbList","@id":"https:\/\/groupebeauchesne.com\/en\/products\/drywall\/#breadcrumb","itemListElement":[{"@type":"ListItem","position":1,"name":"Home","item":"https:\/\/groupebeauchesne.com\/en\/"},{"@type":"ListItem","position":2,"name":"Products","item":"https:\/\/groupebeauchesne.com\/en\/products\/"},{"@type":"ListItem","position":3,"name":"Drywall"}]},{"@type":"WebSite","@id":"https:\/\/groupebeauchesne.com\/#website","url":"https:\/\/groupebeauchesne.com\/","name":"Groupe Beauchesne","description":"La r\u00e9f\u00e9rence en syst\u00e8me d\u2019int\u00e9rieur","potentialAction":[{"@type":"SearchAction","target":{"@type":"EntryPoint","urlTemplate":"https:\/\/groupebeauchesne.com\/?s={search_term_string}"},"query-input":{"@type":"PropertyValueSpecification","valueRequired":true,"valueName":"search_term_string"}}],"inLanguage":"en-CA"}]}},"_links":{"self":[{"href":"https:\/\/groupebeauchesne.com\/en\/wp-json\/wp\/v2\/pages\/382","targetHints":{"allow":["GET"]}}],"collection":[{"href":"https:\/\/groupebeauchesne.com\/en\/wp-json\/wp\/v2\/pages"}],"about":[{"href":"https:\/\/groupebeauchesne.com\/en\/wp-json\/wp\/v2\/types\/page"}],"author":[{"embeddable":true,"href":"https:\/\/groupebeauchesne.com\/en\/wp-json\/wp\/v2\/users\/1"}],"replies":[{"embeddable":true,"href":"https:\/\/groupebeauchesne.com\/en\/wp-json\/wp\/v2\/comments?post=382"}],"version-history":[{"count":7,"href":"https:\/\/groupebeauchesne.com\/en\/wp-json\/wp\/v2\/pages\/382\/revisions"}],"predecessor-version":[{"id":613,"href":"https:\/\/groupebeauchesne.com\/en\/wp-json\/wp\/v2\/pages\/382\/revisions\/613"}],"up":[{"embeddable":true,"href":"https:\/\/groupebeauchesne.com\/en\/wp-json\/wp\/v2\/pages\/376"}],"wp:attachment":[{"href":"https:\/\/groupebeauchesne.com\/en\/wp-json\/wp\/v2\/media?parent=382"}],"curies":[{"name":"wp","href":"https:\/\/api.w.org\/{rel}","templated":true}]}}