{"id":384,"date":"2018-03-02T15:10:07","date_gmt":"2018-03-02T15:10:07","guid":{"rendered":"https:\/\/groupebeauchesne.com\/?page_id=384"},"modified":"2018-03-05T20:14:19","modified_gmt":"2018-03-05T20:14:19","slug":"insulation","status":"publish","type":"page","link":"https:\/\/groupebeauchesne.com\/en\/products\/insulation\/","title":{"rendered":"Insulation"},"content":{"rendered":"<div class=\"wpb-content-wrapper\"><p>[vc_row css_animation=&#8221;&#8221; row_type=&#8221;row&#8221; use_row_as_full_screen_section=&#8221;no&#8221; type=&#8221;grid&#8221; angled_section=&#8221;no&#8221; text_align=&#8221;left&#8221; background_image_as_pattern=&#8221;without_pattern&#8221; el_id=&#8221;template-produits&#8221; z_index=&#8221;&#8221;][vc_column][vc_column_text]<\/p>\n<h4>The supplier of choice in the industry<\/h4>\n<p>Groupe Beauchesne has a variety of insulation products in stock, such as:<\/p>\n<p>Thermal insulation (fibreglass)<br \/>\nBlown insulation<br \/>\nAcoustic insulation<br \/>\nRigid foam and spray foam insulation<\/p>\n<p>We also have a variety of accessories for insulation, such as:<\/p>\n<p>Hammer staplers<br \/>\nStaples<br \/>\nRub<\/p>\n<p><em>Can\u2019t find the type of material you\u2019re looking for on our page? It\u2019s impossible to put our entire inventory online! <a href=\"https:\/\/groupebeauchesne.com\/en\/contact\/\">Contact us<\/a>, and one of our specialists will be pleased to advise you and guide you through our product range.<\/em>[\/vc_column_text][vc_accordion active_tab=&#8221;false&#8221; collapsible=&#8221;yes&#8221; style=&#8221;accordion&#8221;][vc_accordion_tab title=&#8221;See our specification sheets and techical data sheets&#8221;][vc_row_inner row_type=&#8221;row&#8221; type=&#8221;full_width&#8221; text_align=&#8221;left&#8221; css_animation=&#8221;&#8221;][vc_column_inner width=&#8221;1\/3&#8243;][vc_column_text]<\/p>\n<h5>Roxul\/Rockwool<\/h5>\n<p>All available technical data sheets and information<\/p>\n<p>&#8211; NARF insulation (AFB)<br \/>\n&#8211; ComfortBatt<br \/>\n&#8211; CavityRock<br \/>\n&#8211; Rockboard 40<br \/>\n&#8211; Others[\/vc_column_text]<a  itemprop=\"url\" href=\"https:\/\/www.rockwool.com\/technical-resources\/documentation\/\" target=\"_blank\"  class=\"qbutton  default\" style=\"\">Roxul<\/a>[\/vc_column_inner][vc_column_inner width=&#8221;1\/3&#8243;][vc_column_text]<\/p>\n<h5>Sonopan<\/h5>\n<p>All available technical data sheets and information<\/p>\n<p>&#8211; Sonopan<br \/>\n&#8211; Others[\/vc_column_text]<a  itemprop=\"url\" href=\"http:\/\/www.sonopan.com\/Documentation\" target=\"_blank\"  class=\"qbutton  default\" style=\"\">Sonopan<\/a>[\/vc_column_inner][vc_column_inner width=&#8221;1\/3&#8243;][vc_column_text]<\/p>\n<h5>Owens Corning<\/h5>\n<p>All available technical data sheets and information<\/p>\n<p>&#8211; Qui\u00e9tude<br \/>\n&#8211; Thermal insulation<br \/>\n&#8211; Foamular Codeboard C-200<br \/>\n&#8211; Foamular C-300<br \/>\n&#8211; Others[\/vc_column_text]<a  itemprop=\"url\" href=\"https:\/\/sds.owenscorning.com\/\" target=\"_blank\"  class=\"qbutton  default\" style=\"\">Owens Corning<\/a>[\/vc_column_inner][\/vc_row_inner][vc_row_inner row_type=&#8221;row&#8221; type=&#8221;full_width&#8221; text_align=&#8221;left&#8221; css_animation=&#8221;&#8221;][vc_column_inner width=&#8221;1\/3&#8243; offset=&#8221;vc_col-sm-offset-2&#8243;][vc_column_text]<\/p>\n<h5>Soprema<\/h5>\n<p>All available technical data sheets and information<\/p>\n<p>&#8211; Sopraseal Stick 1100<br \/>\n&#8211; Elastocol Stick<br \/>\n&#8211; Others[\/vc_column_text]<a  itemprop=\"url\" href=\"http:\/\/www.soprema.ca\/fr\/search-documentation\/\" target=\"_blank\"  class=\"qbutton  default\" style=\"\">Soprema<\/a>[\/vc_column_inner][vc_column_inner width=&#8221;1\/3&#8243;][vc_column_text]<\/p>\n<h5>Scellants Tremco<\/h5>\n<p>All available technical data sheets and information<\/p>\n<p>&#8211; Acoustic sealant (tube)<br \/>\n&#8211; TremPro sealant<br \/>\n&#8211; Others[\/vc_column_text]<a  itemprop=\"url\" href=\"https:\/\/www.jm.com\/en\/building-materials\/building-insulation\/building-insulationdatasheetlibrary\/ \" target=\"_blank\"  class=\"qbutton  default\" style=\"\">Tremco<\/a>[\/vc_column_inner][\/vc_row_inner][\/vc_accordion_tab][\/vc_accordion]<div class='qode_carousels_holder clearfix'><div class='qode_carousels' data-number-of-visible-items=''><ul class='slides'><li class='item'><div class=\"carousel_item_holder\"><a itemprop='url' href='https:\/\/www.owenscorning.com\/' target='_blank'><span class='first_image_holder '><img decoding=\"async\" itemprop=\"image\" src=\"https:\/\/groupebeauchesne.com\/wp-content\/uploads\/2018\/03\/owens-corning.gif\" alt=\"carousel image\" \/><\/span><\/a><\/div><\/li><li class='item'><div class=\"carousel_item_holder\"><a itemprop='url' href='https:\/\/www.rockwool.com\/north-america\/' target='_blank'><span class='first_image_holder '><img decoding=\"async\" itemprop=\"image\" src=\"https:\/\/groupebeauchesne.com\/wp-content\/uploads\/2022\/12\/RGB-ROCKWOOL\u00ae-logo-Primary-Colour-RGB.png\" alt=\"carousel image\" \/><\/span><\/a><\/div><\/li><li class='item'><div class=\"carousel_item_holder\"><a itemprop='url' href='http:\/\/www.cantech.com\/fr\/' target='_blank'><span class='first_image_holder '><img decoding=\"async\" itemprop=\"image\" src=\"https:\/\/groupebeauchesne.com\/wp-content\/uploads\/2018\/03\/cantech.png\" alt=\"carousel image\" \/><\/span><\/a><\/div><\/li><li class='item'><div class=\"carousel_item_holder\"><span class='first_image_holder '><img decoding=\"async\" itemprop=\"image\" src=\"https:\/\/groupebeauchesne.com\/wp-content\/uploads\/2018\/03\/3m.gif\" alt=\"carousel image\" \/><\/span><\/div><\/li><li class='item'><div class=\"carousel_item_holder\"><span class='first_image_holder '><img decoding=\"async\" itemprop=\"image\" src=\"https:\/\/groupebeauchesne.com\/wp-content\/uploads\/2018\/03\/adfast_logo-90.png\" alt=\"carousel image\" \/><\/span><\/div><\/li><\/ul><\/div><\/div>[\/vc_column][\/vc_row][vc_row row_type=&#8221;parallax&#8221; parallax_content_width=&#8221;in_grid&#8221; text_align=&#8221;left&#8221; background_image=&#8221;208&#8243; full_screen_section_height=&#8221;no&#8221; el_class=&#8221;bloc-padding&#8221;][vc_column][vc_column_text]<\/p>\n<h4>Groupe beauchesne is the benchmark in the distribution of building materials for interior systems<\/h4>\n<p>[\/vc_column_text][\/vc_column][\/vc_row]<\/p>\n<\/div>","protected":false},"excerpt":{"rendered":"<p>[vc_row css_animation=&#8221;&#8221; row_type=&#8221;row&#8221; use_row_as_full_screen_section=&#8221;no&#8221; type=&#8221;grid&#8221; angled_section=&#8221;no&#8221; text_align=&#8221;left&#8221; background_image_as_pattern=&#8221;without_pattern&#8221; el_id=&#8221;template-produits&#8221; z_index=&#8221;&#8221;][vc_column][vc_column_text] The supplier of choice in the industry Groupe Beauchesne has a variety of insulation products in stock, such as: Thermal insulation (fibreglass) Blown insulation Acoustic insulation Rigid foam and spray foam insulation We also have&#8230;<\/p>\n","protected":false},"author":1,"featured_media":0,"parent":376,"menu_order":0,"comment_status":"closed","ping_status":"closed","template":"full_width.php","meta":{"_acf_changed":false,"footnotes":""},"class_list":["post-384","page","type-page","status-publish","hentry"],"acf":[],"yoast_head":"<!-- This site is optimized with the Yoast SEO plugin v27.4 - https:\/\/yoast.com\/product\/yoast-seo-wordpress\/ -->\n<title>Insulation | Groupe Beauchesne<\/title>\n<meta name=\"description\" content=\"Variety of insulation products in stock, such as: thermal (fibreglass), blown, acoustic, rigid foam insulation and spray foam insulation.\" \/>\n<meta name=\"robots\" content=\"index, follow, max-snippet:-1, max-image-preview:large, max-video-preview:-1\" \/>\n<link rel=\"canonical\" href=\"https:\/\/groupebeauchesne.com\/en\/products\/insulation\/\" \/>\n<meta property=\"og:locale\" content=\"en_US\" \/>\n<meta property=\"og:type\" content=\"article\" \/>\n<meta property=\"og:title\" content=\"Insulation | Groupe Beauchesne\" \/>\n<meta property=\"og:description\" content=\"Variety of insulation products in stock, such as: thermal (fibreglass), blown, acoustic, rigid foam insulation and spray foam insulation.\" \/>\n<meta property=\"og:url\" content=\"https:\/\/groupebeauchesne.com\/en\/products\/insulation\/\" \/>\n<meta property=\"og:site_name\" content=\"Groupe Beauchesne\" \/>\n<meta property=\"article:modified_time\" content=\"2018-03-05T20:14:19+00:00\" \/>\n<meta property=\"og:image\" content=\"https:\/\/groupebeauchesne.com\/wp-content\/uploads\/2018\/02\/slider-bg1.jpg\" \/>\n<meta name=\"twitter:card\" content=\"summary_large_image\" \/>\n<meta name=\"twitter:label1\" content=\"Est. reading time\" \/>\n\t<meta name=\"twitter:data1\" content=\"2 minutes\" \/>\n<script type=\"application\/ld+json\" class=\"yoast-schema-graph\">{\"@context\":\"https:\\\/\\\/schema.org\",\"@graph\":[{\"@type\":\"WebPage\",\"@id\":\"https:\\\/\\\/groupebeauchesne.com\\\/en\\\/products\\\/insulation\\\/\",\"url\":\"https:\\\/\\\/groupebeauchesne.com\\\/en\\\/products\\\/insulation\\\/\",\"name\":\"Insulation | Groupe Beauchesne\",\"isPartOf\":{\"@id\":\"https:\\\/\\\/groupebeauchesne.com\\\/#website\"},\"datePublished\":\"2018-03-02T15:10:07+00:00\",\"dateModified\":\"2018-03-05T20:14:19+00:00\",\"description\":\"Variety of insulation products in stock, such as: thermal (fibreglass), blown, acoustic, rigid foam insulation and spray foam insulation.\",\"breadcrumb\":{\"@id\":\"https:\\\/\\\/groupebeauchesne.com\\\/en\\\/products\\\/insulation\\\/#breadcrumb\"},\"inLanguage\":\"en-CA\",\"potentialAction\":[{\"@type\":\"ReadAction\",\"target\":[\"https:\\\/\\\/groupebeauchesne.com\\\/en\\\/products\\\/insulation\\\/\"]}]},{\"@type\":\"BreadcrumbList\",\"@id\":\"https:\\\/\\\/groupebeauchesne.com\\\/en\\\/products\\\/insulation\\\/#breadcrumb\",\"itemListElement\":[{\"@type\":\"ListItem\",\"position\":1,\"name\":\"Home\",\"item\":\"https:\\\/\\\/groupebeauchesne.com\\\/en\\\/\"},{\"@type\":\"ListItem\",\"position\":2,\"name\":\"Products\",\"item\":\"https:\\\/\\\/groupebeauchesne.com\\\/en\\\/products\\\/\"},{\"@type\":\"ListItem\",\"position\":3,\"name\":\"Insulation\"}]},{\"@type\":\"WebSite\",\"@id\":\"https:\\\/\\\/groupebeauchesne.com\\\/#website\",\"url\":\"https:\\\/\\\/groupebeauchesne.com\\\/\",\"name\":\"Groupe Beauchesne\",\"description\":\"La r\u00e9f\u00e9rence en syst\u00e8me d\u2019int\u00e9rieur\",\"potentialAction\":[{\"@type\":\"SearchAction\",\"target\":{\"@type\":\"EntryPoint\",\"urlTemplate\":\"https:\\\/\\\/groupebeauchesne.com\\\/?s={search_term_string}\"},\"query-input\":{\"@type\":\"PropertyValueSpecification\",\"valueRequired\":true,\"valueName\":\"search_term_string\"}}],\"inLanguage\":\"en-CA\"}]}<\/script>\n<!-- \/ Yoast SEO plugin. -->","yoast_head_json":{"title":"Insulation | Groupe Beauchesne","description":"Variety of insulation products in stock, such as: thermal (fibreglass), blown, acoustic, rigid foam insulation and spray foam insulation.","robots":{"index":"index","follow":"follow","max-snippet":"max-snippet:-1","max-image-preview":"max-image-preview:large","max-video-preview":"max-video-preview:-1"},"canonical":"https:\/\/groupebeauchesne.com\/en\/products\/insulation\/","og_locale":"en_US","og_type":"article","og_title":"Insulation | Groupe Beauchesne","og_description":"Variety of insulation products in stock, such as: thermal (fibreglass), blown, acoustic, rigid foam insulation and spray foam insulation.","og_url":"https:\/\/groupebeauchesne.com\/en\/products\/insulation\/","og_site_name":"Groupe Beauchesne","article_modified_time":"2018-03-05T20:14:19+00:00","og_image":[{"url":"https:\/\/groupebeauchesne.com\/wp-content\/uploads\/2018\/02\/slider-bg1.jpg","type":"","width":"","height":""}],"twitter_card":"summary_large_image","twitter_misc":{"Est. reading time":"2 minutes"},"schema":{"@context":"https:\/\/schema.org","@graph":[{"@type":"WebPage","@id":"https:\/\/groupebeauchesne.com\/en\/products\/insulation\/","url":"https:\/\/groupebeauchesne.com\/en\/products\/insulation\/","name":"Insulation | Groupe Beauchesne","isPartOf":{"@id":"https:\/\/groupebeauchesne.com\/#website"},"datePublished":"2018-03-02T15:10:07+00:00","dateModified":"2018-03-05T20:14:19+00:00","description":"Variety of insulation products in stock, such as: thermal (fibreglass), blown, acoustic, rigid foam insulation and spray foam insulation.","breadcrumb":{"@id":"https:\/\/groupebeauchesne.com\/en\/products\/insulation\/#breadcrumb"},"inLanguage":"en-CA","potentialAction":[{"@type":"ReadAction","target":["https:\/\/groupebeauchesne.com\/en\/products\/insulation\/"]}]},{"@type":"BreadcrumbList","@id":"https:\/\/groupebeauchesne.com\/en\/products\/insulation\/#breadcrumb","itemListElement":[{"@type":"ListItem","position":1,"name":"Home","item":"https:\/\/groupebeauchesne.com\/en\/"},{"@type":"ListItem","position":2,"name":"Products","item":"https:\/\/groupebeauchesne.com\/en\/products\/"},{"@type":"ListItem","position":3,"name":"Insulation"}]},{"@type":"WebSite","@id":"https:\/\/groupebeauchesne.com\/#website","url":"https:\/\/groupebeauchesne.com\/","name":"Groupe Beauchesne","description":"La r\u00e9f\u00e9rence en syst\u00e8me d\u2019int\u00e9rieur","potentialAction":[{"@type":"SearchAction","target":{"@type":"EntryPoint","urlTemplate":"https:\/\/groupebeauchesne.com\/?s={search_term_string}"},"query-input":{"@type":"PropertyValueSpecification","valueRequired":true,"valueName":"search_term_string"}}],"inLanguage":"en-CA"}]}},"_links":{"self":[{"href":"https:\/\/groupebeauchesne.com\/en\/wp-json\/wp\/v2\/pages\/384","targetHints":{"allow":["GET"]}}],"collection":[{"href":"https:\/\/groupebeauchesne.com\/en\/wp-json\/wp\/v2\/pages"}],"about":[{"href":"https:\/\/groupebeauchesne.com\/en\/wp-json\/wp\/v2\/types\/page"}],"author":[{"embeddable":true,"href":"https:\/\/groupebeauchesne.com\/en\/wp-json\/wp\/v2\/users\/1"}],"replies":[{"embeddable":true,"href":"https:\/\/groupebeauchesne.com\/en\/wp-json\/wp\/v2\/comments?post=384"}],"version-history":[{"count":7,"href":"https:\/\/groupebeauchesne.com\/en\/wp-json\/wp\/v2\/pages\/384\/revisions"}],"predecessor-version":[{"id":529,"href":"https:\/\/groupebeauchesne.com\/en\/wp-json\/wp\/v2\/pages\/384\/revisions\/529"}],"up":[{"embeddable":true,"href":"https:\/\/groupebeauchesne.com\/en\/wp-json\/wp\/v2\/pages\/376"}],"wp:attachment":[{"href":"https:\/\/groupebeauchesne.com\/en\/wp-json\/wp\/v2\/media?parent=384"}],"curies":[{"name":"wp","href":"https:\/\/api.w.org\/{rel}","templated":true}]}}