{"id":386,"date":"2018-03-02T15:11:13","date_gmt":"2018-03-02T15:11:13","guid":{"rendered":"https:\/\/groupebeauchesne.com\/?page_id=386"},"modified":"2022-09-01T15:34:25","modified_gmt":"2022-09-01T15:34:25","slug":"steel-frames","status":"publish","type":"page","link":"https:\/\/groupebeauchesne.com\/en\/products\/steel-frames\/","title":{"rendered":"Steel Frames"},"content":{"rendered":"<div class=\"wpb-content-wrapper\"><p>[vc_row css_animation=&#8221;&#8221; row_type=&#8221;row&#8221; use_row_as_full_screen_section=&#8221;no&#8221; type=&#8221;grid&#8221; angled_section=&#8221;no&#8221; text_align=&#8221;left&#8221; background_image_as_pattern=&#8221;without_pattern&#8221; el_id=&#8221;template-produits&#8221; z_index=&#8221;&#8221; el_class=&#8221;ossature_acier&#8221;][vc_column][vc_column_text]<\/p>\n<h4>Supplier and manufacturer of choice in the industry<\/h4>\n<p>We have the largest steel inventory in Canada, and <a href=\"http:\/\/www.ebmetal.ca\/\" target=\"_blank\" rel=\"noopener noreferrer\">our factory in St-Mathieu-de-Beloeil<\/a> is always ready to meet your special needs and requests regarding:<br \/>\nLightweight steel uprights and tracks<br \/>\nHeavy steel uprights and tracks<br \/>\nAll types of steel studs and cold-formed framing elements<br \/>\nShaft liner systems<br \/>\nBridging clips<br \/>\nCustom steel<br \/>\nSpecial mouldings (Z-bar, strip, etc.)<br \/>\nResilient channels<br \/>\nMetal fasteners[\/vc_column_text]<div class='qode_carousels_holder clearfix'><div class='qode_carousels' data-number-of-visible-items=''><ul class='slides'><li class='item'><div class=\"carousel_item_holder\"><a itemprop='url' href='http:\/\/www.ebmetal.ca\/' target='_blank'><span class='first_image_holder '><img decoding=\"async\" itemprop=\"image\" src=\"https:\/\/groupebeauchesne.com\/wp-content\/uploads\/2022\/09\/logo-ebm.svg\" alt=\"carousel image\" \/><\/span><\/a><\/div><\/li><\/ul><\/div><\/div>[\/vc_column][\/vc_row][vc_row row_type=&#8221;parallax&#8221; parallax_content_width=&#8221;in_grid&#8221; text_align=&#8221;left&#8221; background_image=&#8221;208&#8243; full_screen_section_height=&#8221;no&#8221; el_class=&#8221;bloc-padding&#8221;][vc_column][vc_column_text]<\/p>\n<h4>Groupe beauchesne is the benchmark in the distribution of building materials for interior systems<\/h4>\n<p>[\/vc_column_text][\/vc_column][\/vc_row]<\/p>\n<\/div>","protected":false},"excerpt":{"rendered":"<p>[vc_row css_animation=&#8221;&#8221; row_type=&#8221;row&#8221; use_row_as_full_screen_section=&#8221;no&#8221; type=&#8221;grid&#8221; angled_section=&#8221;no&#8221; text_align=&#8221;left&#8221; background_image_as_pattern=&#8221;without_pattern&#8221; el_id=&#8221;template-produits&#8221; z_index=&#8221;&#8221; el_class=&#8221;ossature_acier&#8221;][vc_column][vc_column_text] Supplier and manufacturer of choice in the industry We have the largest steel inventory in Canada, and our factory in St-Mathieu-de-Beloeil is always ready to meet your special needs and requests regarding: Lightweight steel&#8230;<\/p>\n","protected":false},"author":1,"featured_media":0,"parent":376,"menu_order":0,"comment_status":"closed","ping_status":"closed","template":"full_width.php","meta":{"_acf_changed":false,"footnotes":""},"class_list":["post-386","page","type-page","status-publish","hentry"],"acf":[],"yoast_head":"<!-- This site is optimized with the Yoast SEO plugin v27.4 - https:\/\/yoast.com\/product\/yoast-seo-wordpress\/ -->\n<title>Steel Frames | Groupe Beauchesne<\/title>\n<meta name=\"description\" content=\"We have the largest steel inventory in Canada, and our factory in St-Mathieu-de-Beloeil is always ready to meet your special needs and requests.\" \/>\n<meta name=\"robots\" content=\"index, follow, max-snippet:-1, max-image-preview:large, max-video-preview:-1\" \/>\n<link rel=\"canonical\" href=\"https:\/\/groupebeauchesne.com\/en\/products\/steel-frames\/\" \/>\n<meta property=\"og:locale\" content=\"en_US\" \/>\n<meta property=\"og:type\" content=\"article\" \/>\n<meta property=\"og:title\" content=\"Steel Frames | Groupe Beauchesne\" \/>\n<meta property=\"og:description\" content=\"We have the largest steel inventory in Canada, and our factory in St-Mathieu-de-Beloeil is always ready to meet your special needs and requests.\" \/>\n<meta property=\"og:url\" content=\"https:\/\/groupebeauchesne.com\/en\/products\/steel-frames\/\" \/>\n<meta property=\"og:site_name\" content=\"Groupe Beauchesne\" \/>\n<meta property=\"article:modified_time\" content=\"2022-09-01T15:34:25+00:00\" \/>\n<meta property=\"og:image\" content=\"https:\/\/groupebeauchesne.com\/wp-content\/uploads\/2018\/02\/slider-bg1.jpg\" \/>\n<meta name=\"twitter:card\" content=\"summary_large_image\" \/>\n<meta name=\"twitter:label1\" content=\"Est. reading time\" \/>\n\t<meta name=\"twitter:data1\" content=\"1 minute\" \/>\n<script type=\"application\/ld+json\" class=\"yoast-schema-graph\">{\"@context\":\"https:\\\/\\\/schema.org\",\"@graph\":[{\"@type\":\"WebPage\",\"@id\":\"https:\\\/\\\/groupebeauchesne.com\\\/en\\\/products\\\/steel-frames\\\/\",\"url\":\"https:\\\/\\\/groupebeauchesne.com\\\/en\\\/products\\\/steel-frames\\\/\",\"name\":\"Steel Frames | Groupe Beauchesne\",\"isPartOf\":{\"@id\":\"https:\\\/\\\/groupebeauchesne.com\\\/#website\"},\"datePublished\":\"2018-03-02T15:11:13+00:00\",\"dateModified\":\"2022-09-01T15:34:25+00:00\",\"description\":\"We have the largest steel inventory in Canada, and our factory in St-Mathieu-de-Beloeil is always ready to meet your special needs and requests.\",\"breadcrumb\":{\"@id\":\"https:\\\/\\\/groupebeauchesne.com\\\/en\\\/products\\\/steel-frames\\\/#breadcrumb\"},\"inLanguage\":\"en-CA\",\"potentialAction\":[{\"@type\":\"ReadAction\",\"target\":[\"https:\\\/\\\/groupebeauchesne.com\\\/en\\\/products\\\/steel-frames\\\/\"]}]},{\"@type\":\"BreadcrumbList\",\"@id\":\"https:\\\/\\\/groupebeauchesne.com\\\/en\\\/products\\\/steel-frames\\\/#breadcrumb\",\"itemListElement\":[{\"@type\":\"ListItem\",\"position\":1,\"name\":\"Home\",\"item\":\"https:\\\/\\\/groupebeauchesne.com\\\/en\\\/\"},{\"@type\":\"ListItem\",\"position\":2,\"name\":\"Products\",\"item\":\"https:\\\/\\\/groupebeauchesne.com\\\/en\\\/products\\\/\"},{\"@type\":\"ListItem\",\"position\":3,\"name\":\"Steel Frames\"}]},{\"@type\":\"WebSite\",\"@id\":\"https:\\\/\\\/groupebeauchesne.com\\\/#website\",\"url\":\"https:\\\/\\\/groupebeauchesne.com\\\/\",\"name\":\"Groupe Beauchesne\",\"description\":\"La r\u00e9f\u00e9rence en syst\u00e8me d\u2019int\u00e9rieur\",\"potentialAction\":[{\"@type\":\"SearchAction\",\"target\":{\"@type\":\"EntryPoint\",\"urlTemplate\":\"https:\\\/\\\/groupebeauchesne.com\\\/?s={search_term_string}\"},\"query-input\":{\"@type\":\"PropertyValueSpecification\",\"valueRequired\":true,\"valueName\":\"search_term_string\"}}],\"inLanguage\":\"en-CA\"}]}<\/script>\n<!-- \/ Yoast SEO plugin. -->","yoast_head_json":{"title":"Steel Frames | Groupe Beauchesne","description":"We have the largest steel inventory in Canada, and our factory in St-Mathieu-de-Beloeil is always ready to meet your special needs and requests.","robots":{"index":"index","follow":"follow","max-snippet":"max-snippet:-1","max-image-preview":"max-image-preview:large","max-video-preview":"max-video-preview:-1"},"canonical":"https:\/\/groupebeauchesne.com\/en\/products\/steel-frames\/","og_locale":"en_US","og_type":"article","og_title":"Steel Frames | Groupe Beauchesne","og_description":"We have the largest steel inventory in Canada, and our factory in St-Mathieu-de-Beloeil is always ready to meet your special needs and requests.","og_url":"https:\/\/groupebeauchesne.com\/en\/products\/steel-frames\/","og_site_name":"Groupe Beauchesne","article_modified_time":"2022-09-01T15:34:25+00:00","og_image":[{"url":"https:\/\/groupebeauchesne.com\/wp-content\/uploads\/2018\/02\/slider-bg1.jpg","type":"","width":"","height":""}],"twitter_card":"summary_large_image","twitter_misc":{"Est. reading time":"1 minute"},"schema":{"@context":"https:\/\/schema.org","@graph":[{"@type":"WebPage","@id":"https:\/\/groupebeauchesne.com\/en\/products\/steel-frames\/","url":"https:\/\/groupebeauchesne.com\/en\/products\/steel-frames\/","name":"Steel Frames | Groupe Beauchesne","isPartOf":{"@id":"https:\/\/groupebeauchesne.com\/#website"},"datePublished":"2018-03-02T15:11:13+00:00","dateModified":"2022-09-01T15:34:25+00:00","description":"We have the largest steel inventory in Canada, and our factory in St-Mathieu-de-Beloeil is always ready to meet your special needs and requests.","breadcrumb":{"@id":"https:\/\/groupebeauchesne.com\/en\/products\/steel-frames\/#breadcrumb"},"inLanguage":"en-CA","potentialAction":[{"@type":"ReadAction","target":["https:\/\/groupebeauchesne.com\/en\/products\/steel-frames\/"]}]},{"@type":"BreadcrumbList","@id":"https:\/\/groupebeauchesne.com\/en\/products\/steel-frames\/#breadcrumb","itemListElement":[{"@type":"ListItem","position":1,"name":"Home","item":"https:\/\/groupebeauchesne.com\/en\/"},{"@type":"ListItem","position":2,"name":"Products","item":"https:\/\/groupebeauchesne.com\/en\/products\/"},{"@type":"ListItem","position":3,"name":"Steel Frames"}]},{"@type":"WebSite","@id":"https:\/\/groupebeauchesne.com\/#website","url":"https:\/\/groupebeauchesne.com\/","name":"Groupe Beauchesne","description":"La r\u00e9f\u00e9rence en syst\u00e8me d\u2019int\u00e9rieur","potentialAction":[{"@type":"SearchAction","target":{"@type":"EntryPoint","urlTemplate":"https:\/\/groupebeauchesne.com\/?s={search_term_string}"},"query-input":{"@type":"PropertyValueSpecification","valueRequired":true,"valueName":"search_term_string"}}],"inLanguage":"en-CA"}]}},"_links":{"self":[{"href":"https:\/\/groupebeauchesne.com\/en\/wp-json\/wp\/v2\/pages\/386","targetHints":{"allow":["GET"]}}],"collection":[{"href":"https:\/\/groupebeauchesne.com\/en\/wp-json\/wp\/v2\/pages"}],"about":[{"href":"https:\/\/groupebeauchesne.com\/en\/wp-json\/wp\/v2\/types\/page"}],"author":[{"embeddable":true,"href":"https:\/\/groupebeauchesne.com\/en\/wp-json\/wp\/v2\/users\/1"}],"replies":[{"embeddable":true,"href":"https:\/\/groupebeauchesne.com\/en\/wp-json\/wp\/v2\/comments?post=386"}],"version-history":[{"count":5,"href":"https:\/\/groupebeauchesne.com\/en\/wp-json\/wp\/v2\/pages\/386\/revisions"}],"predecessor-version":[{"id":3088,"href":"https:\/\/groupebeauchesne.com\/en\/wp-json\/wp\/v2\/pages\/386\/revisions\/3088"}],"up":[{"embeddable":true,"href":"https:\/\/groupebeauchesne.com\/en\/wp-json\/wp\/v2\/pages\/376"}],"wp:attachment":[{"href":"https:\/\/groupebeauchesne.com\/en\/wp-json\/wp\/v2\/media?parent=386"}],"curies":[{"name":"wp","href":"https:\/\/api.w.org\/{rel}","templated":true}]}}