{"id":388,"date":"2018-03-02T15:12:03","date_gmt":"2018-03-02T15:12:03","guid":{"rendered":"https:\/\/groupebeauchesne.com\/?page_id=388"},"modified":"2018-03-05T20:23:50","modified_gmt":"2018-03-05T20:23:50","slug":"tools","status":"publish","type":"page","link":"https:\/\/groupebeauchesne.com\/en\/products\/tools\/","title":{"rendered":"Tools"},"content":{"rendered":"<div class=\"wpb-content-wrapper\"><p>[vc_row css_animation=&#8221;&#8221; row_type=&#8221;row&#8221; use_row_as_full_screen_section=&#8221;no&#8221; type=&#8221;grid&#8221; angled_section=&#8221;no&#8221; text_align=&#8221;left&#8221; background_image_as_pattern=&#8221;without_pattern&#8221; el_id=&#8221;template-produits&#8221; z_index=&#8221;&#8221;][vc_column][vc_column_text]<\/p>\n<h4>The supplier of choice in the industry<\/h4>\n<p>Our showrooms provide you with name-brand tools for:<\/p>\n<p>Drywall<br \/>\nSteel frames<br \/>\nInsulation<br \/>\nTaping<br \/>\nPower tools<\/p>\n<p><em>Can\u2019t find the tools you\u2019re looking for on our page? It\u2019s impossible to put our entire inventory online! <a href=\"https:\/\/groupebeauchesne.com\/en\/contact\/\">Contact us<\/a>, and one of our specialists will be pleased to advise you and guide you through our product range.<\/em>[\/vc_column_text][vc_gallery type=&#8221;image_grid&#8221; images=&#8221;337,338&#8243; img_size=&#8221;300&#215;300&#8243; column_number=&#8221;2&#8243; grayscale=&#8221;no&#8221; images_space=&#8221;gallery_with_space&#8221;]<div class='qode_carousels_holder clearfix'><div class='qode_carousels' data-number-of-visible-items=''><ul class='slides'><li class='item'><div class=\"carousel_item_holder\"><a itemprop='url' href='http:\/\/www.arichard.com\/fr\/' target='_blank'><span class='first_image_holder '><img decoding=\"async\" itemprop=\"image\" src=\"https:\/\/groupebeauchesne.com\/wp-content\/uploads\/2018\/03\/richard.png\" alt=\"carousel image\" \/><\/span><\/a><\/div><\/li><li class='item'><div class=\"carousel_item_holder\"><a itemprop='url' href='https:\/\/www.wallboardtrim.com\/' target='_blank'><span class='first_image_holder '><img decoding=\"async\" itemprop=\"image\" src=\"https:\/\/groupebeauchesne.com\/wp-content\/uploads\/2018\/03\/image24.png\" alt=\"carousel image\" \/><\/span><\/a><\/div><\/li><li class='item'><div class=\"carousel_item_holder\"><a itemprop='url' href='http:\/\/www.columbiatools.com\/' target='_blank'><span class='first_image_holder '><img decoding=\"async\" itemprop=\"image\" src=\"https:\/\/groupebeauchesne.com\/wp-content\/uploads\/2018\/03\/columbia-taping-tools.jpeg\" alt=\"carousel image\" \/><\/span><\/a><\/div><\/li><li class='item'><div class=\"carousel_item_holder\"><a itemprop='url' href='http:\/\/www.porter-cable.com\/' target='_blank'><span class='first_image_holder '><img decoding=\"async\" itemprop=\"image\" src=\"https:\/\/groupebeauchesne.com\/wp-content\/uploads\/2018\/03\/porter-cable.jpeg\" alt=\"carousel image\" \/><\/span><\/a><\/div><\/li><li class='item'><div class=\"carousel_item_holder\"><span class='first_image_holder '><img decoding=\"async\" itemprop=\"image\" src=\"https:\/\/groupebeauchesne.com\/wp-content\/uploads\/2018\/03\/dura.jpeg\" alt=\"carousel image\" \/><\/span><\/div><\/li><li class='item'><div class=\"carousel_item_holder\"><a itemprop='url' href='http:\/\/www.tapetech.com\/fr' target='_blank'><span class='first_image_holder '><img decoding=\"async\" itemprop=\"image\" src=\"https:\/\/groupebeauchesne.com\/wp-content\/uploads\/2018\/03\/tapetech.jpg\" alt=\"carousel image\" \/><\/span><\/a><\/div><\/li><li class='item'><div class=\"carousel_item_holder\"><a itemprop='url' href='https:\/\/marshalltown.com\/' target='_blank'><span class='first_image_holder '><img decoding=\"async\" itemprop=\"image\" src=\"https:\/\/groupebeauchesne.com\/wp-content\/uploads\/2018\/03\/marshalltown.gif\" alt=\"carousel image\" \/><\/span><\/a><\/div><\/li><li class='item'><div class=\"carousel_item_holder\"><a itemprop='url' href='http:\/\/www.itwconstruction-fr.ca\/' target='_blank'><span class='first_image_holder '><img decoding=\"async\" itemprop=\"image\" src=\"https:\/\/groupebeauchesne.com\/wp-content\/uploads\/2018\/03\/ITW.jpg\" alt=\"carousel image\" \/><\/span><\/a><\/div><\/li><li class='item'><div class=\"carousel_item_holder\"><a itemprop='url' href='http:\/\/www.dewalt.com\/' target='_blank'><span class='first_image_holder '><img decoding=\"async\" itemprop=\"image\" src=\"https:\/\/groupebeauchesne.com\/wp-content\/uploads\/2018\/03\/dewalt.png\" alt=\"carousel image\" \/><\/span><\/a><\/div><\/li><li class='item'><div class=\"carousel_item_holder\"><a itemprop='url' href='http:\/\/www.stanleytools.ca\/fr-ca' target='_blank'><span class='first_image_holder '><img decoding=\"async\" itemprop=\"image\" src=\"https:\/\/groupebeauchesne.com\/wp-content\/uploads\/2018\/03\/stanley.jpeg\" alt=\"carousel image\" \/><\/span><\/a><\/div><\/li><li class='item'><div class=\"carousel_item_holder\"><a itemprop='url' href='http:\/\/www.metaltech.co\/fr\/' target='_blank'><span class='first_image_holder '><img decoding=\"async\" itemprop=\"image\" src=\"https:\/\/groupebeauchesne.com\/wp-content\/uploads\/2018\/03\/metaltech.gif\" alt=\"carousel image\" \/><\/span><\/a><\/div><\/li><\/ul><\/div><\/div>[\/vc_column][\/vc_row][vc_row row_type=&#8221;parallax&#8221; parallax_content_width=&#8221;in_grid&#8221; text_align=&#8221;left&#8221; background_image=&#8221;208&#8243; full_screen_section_height=&#8221;no&#8221; el_class=&#8221;bloc-padding&#8221;][vc_column][vc_column_text]<\/p>\n<h4>Groupe beauchesne is the benchmark in the distribution of building materials for interior systems<\/h4>\n<p>[\/vc_column_text][\/vc_column][\/vc_row]<\/p>\n<\/div>","protected":false},"excerpt":{"rendered":"<p>[vc_row css_animation=&#8221;&#8221; row_type=&#8221;row&#8221; use_row_as_full_screen_section=&#8221;no&#8221; type=&#8221;grid&#8221; angled_section=&#8221;no&#8221; text_align=&#8221;left&#8221; background_image_as_pattern=&#8221;without_pattern&#8221; el_id=&#8221;template-produits&#8221; z_index=&#8221;&#8221;][vc_column][vc_column_text] The supplier of choice in the industry Our showrooms provide you with name-brand tools for: Drywall Steel frames Insulation Taping Power tools Can\u2019t find the tools you\u2019re looking for on our page? It\u2019s impossible to&#8230;<\/p>\n","protected":false},"author":1,"featured_media":0,"parent":376,"menu_order":0,"comment_status":"closed","ping_status":"closed","template":"full_width.php","meta":{"_acf_changed":false,"footnotes":""},"class_list":["post-388","page","type-page","status-publish","hentry"],"acf":[],"yoast_head":"<!-- This site is optimized with the Yoast SEO plugin v27.2 - https:\/\/yoast.com\/product\/yoast-seo-wordpress\/ -->\n<title>Tools | Groupe Beauchesne<\/title>\n<meta name=\"description\" content=\"Our showrooms provide you with name-brand tools for: drywall, steel frames, insulation, taping and power tools. Visit us today!\" \/>\n<meta name=\"robots\" content=\"index, follow, max-snippet:-1, max-image-preview:large, max-video-preview:-1\" \/>\n<link rel=\"canonical\" href=\"https:\/\/groupebeauchesne.com\/en\/products\/tools\/\" \/>\n<meta property=\"og:locale\" content=\"en_US\" \/>\n<meta property=\"og:type\" content=\"article\" \/>\n<meta property=\"og:title\" content=\"Tools | Groupe Beauchesne\" \/>\n<meta property=\"og:description\" content=\"Our showrooms provide you with name-brand tools for: drywall, steel frames, insulation, taping and power tools. Visit us today!\" \/>\n<meta property=\"og:url\" content=\"https:\/\/groupebeauchesne.com\/en\/products\/tools\/\" \/>\n<meta property=\"og:site_name\" content=\"Groupe Beauchesne\" \/>\n<meta property=\"article:modified_time\" content=\"2018-03-05T20:23:50+00:00\" \/>\n<meta property=\"og:image\" content=\"https:\/\/groupebeauchesne.com\/wp-content\/uploads\/2018\/02\/slider-bg1.jpg\" \/>\n<meta name=\"twitter:card\" content=\"summary_large_image\" \/>\n<meta name=\"twitter:label1\" content=\"Est. reading time\" \/>\n\t<meta name=\"twitter:data1\" content=\"1 minute\" \/>\n<script type=\"application\/ld+json\" class=\"yoast-schema-graph\">{\"@context\":\"https:\/\/schema.org\",\"@graph\":[{\"@type\":\"WebPage\",\"@id\":\"https:\/\/groupebeauchesne.com\/en\/products\/tools\/\",\"url\":\"https:\/\/groupebeauchesne.com\/en\/products\/tools\/\",\"name\":\"Tools | Groupe Beauchesne\",\"isPartOf\":{\"@id\":\"https:\/\/groupebeauchesne.com\/#website\"},\"datePublished\":\"2018-03-02T15:12:03+00:00\",\"dateModified\":\"2018-03-05T20:23:50+00:00\",\"description\":\"Our showrooms provide you with name-brand tools for: drywall, steel frames, insulation, taping and power tools. Visit us today!\",\"breadcrumb\":{\"@id\":\"https:\/\/groupebeauchesne.com\/en\/products\/tools\/#breadcrumb\"},\"inLanguage\":\"en-CA\",\"potentialAction\":[{\"@type\":\"ReadAction\",\"target\":[\"https:\/\/groupebeauchesne.com\/en\/products\/tools\/\"]}]},{\"@type\":\"BreadcrumbList\",\"@id\":\"https:\/\/groupebeauchesne.com\/en\/products\/tools\/#breadcrumb\",\"itemListElement\":[{\"@type\":\"ListItem\",\"position\":1,\"name\":\"Home\",\"item\":\"https:\/\/groupebeauchesne.com\/en\/\"},{\"@type\":\"ListItem\",\"position\":2,\"name\":\"Products\",\"item\":\"https:\/\/groupebeauchesne.com\/en\/products\/\"},{\"@type\":\"ListItem\",\"position\":3,\"name\":\"Tools\"}]},{\"@type\":\"WebSite\",\"@id\":\"https:\/\/groupebeauchesne.com\/#website\",\"url\":\"https:\/\/groupebeauchesne.com\/\",\"name\":\"Groupe Beauchesne\",\"description\":\"La r\u00e9f\u00e9rence en syst\u00e8me d\u2019int\u00e9rieur\",\"potentialAction\":[{\"@type\":\"SearchAction\",\"target\":{\"@type\":\"EntryPoint\",\"urlTemplate\":\"https:\/\/groupebeauchesne.com\/?s={search_term_string}\"},\"query-input\":{\"@type\":\"PropertyValueSpecification\",\"valueRequired\":true,\"valueName\":\"search_term_string\"}}],\"inLanguage\":\"en-CA\"}]}<\/script>\n<!-- \/ Yoast SEO plugin. -->","yoast_head_json":{"title":"Tools | Groupe Beauchesne","description":"Our showrooms provide you with name-brand tools for: drywall, steel frames, insulation, taping and power tools. Visit us today!","robots":{"index":"index","follow":"follow","max-snippet":"max-snippet:-1","max-image-preview":"max-image-preview:large","max-video-preview":"max-video-preview:-1"},"canonical":"https:\/\/groupebeauchesne.com\/en\/products\/tools\/","og_locale":"en_US","og_type":"article","og_title":"Tools | Groupe Beauchesne","og_description":"Our showrooms provide you with name-brand tools for: drywall, steel frames, insulation, taping and power tools. Visit us today!","og_url":"https:\/\/groupebeauchesne.com\/en\/products\/tools\/","og_site_name":"Groupe Beauchesne","article_modified_time":"2018-03-05T20:23:50+00:00","og_image":[{"url":"https:\/\/groupebeauchesne.com\/wp-content\/uploads\/2018\/02\/slider-bg1.jpg","type":"","width":"","height":""}],"twitter_card":"summary_large_image","twitter_misc":{"Est. reading time":"1 minute"},"schema":{"@context":"https:\/\/schema.org","@graph":[{"@type":"WebPage","@id":"https:\/\/groupebeauchesne.com\/en\/products\/tools\/","url":"https:\/\/groupebeauchesne.com\/en\/products\/tools\/","name":"Tools | Groupe Beauchesne","isPartOf":{"@id":"https:\/\/groupebeauchesne.com\/#website"},"datePublished":"2018-03-02T15:12:03+00:00","dateModified":"2018-03-05T20:23:50+00:00","description":"Our showrooms provide you with name-brand tools for: drywall, steel frames, insulation, taping and power tools. Visit us today!","breadcrumb":{"@id":"https:\/\/groupebeauchesne.com\/en\/products\/tools\/#breadcrumb"},"inLanguage":"en-CA","potentialAction":[{"@type":"ReadAction","target":["https:\/\/groupebeauchesne.com\/en\/products\/tools\/"]}]},{"@type":"BreadcrumbList","@id":"https:\/\/groupebeauchesne.com\/en\/products\/tools\/#breadcrumb","itemListElement":[{"@type":"ListItem","position":1,"name":"Home","item":"https:\/\/groupebeauchesne.com\/en\/"},{"@type":"ListItem","position":2,"name":"Products","item":"https:\/\/groupebeauchesne.com\/en\/products\/"},{"@type":"ListItem","position":3,"name":"Tools"}]},{"@type":"WebSite","@id":"https:\/\/groupebeauchesne.com\/#website","url":"https:\/\/groupebeauchesne.com\/","name":"Groupe Beauchesne","description":"La r\u00e9f\u00e9rence en syst\u00e8me d\u2019int\u00e9rieur","potentialAction":[{"@type":"SearchAction","target":{"@type":"EntryPoint","urlTemplate":"https:\/\/groupebeauchesne.com\/?s={search_term_string}"},"query-input":{"@type":"PropertyValueSpecification","valueRequired":true,"valueName":"search_term_string"}}],"inLanguage":"en-CA"}]}},"_links":{"self":[{"href":"https:\/\/groupebeauchesne.com\/en\/wp-json\/wp\/v2\/pages\/388","targetHints":{"allow":["GET"]}}],"collection":[{"href":"https:\/\/groupebeauchesne.com\/en\/wp-json\/wp\/v2\/pages"}],"about":[{"href":"https:\/\/groupebeauchesne.com\/en\/wp-json\/wp\/v2\/types\/page"}],"author":[{"embeddable":true,"href":"https:\/\/groupebeauchesne.com\/en\/wp-json\/wp\/v2\/users\/1"}],"replies":[{"embeddable":true,"href":"https:\/\/groupebeauchesne.com\/en\/wp-json\/wp\/v2\/comments?post=388"}],"version-history":[{"count":5,"href":"https:\/\/groupebeauchesne.com\/en\/wp-json\/wp\/v2\/pages\/388\/revisions"}],"predecessor-version":[{"id":530,"href":"https:\/\/groupebeauchesne.com\/en\/wp-json\/wp\/v2\/pages\/388\/revisions\/530"}],"up":[{"embeddable":true,"href":"https:\/\/groupebeauchesne.com\/en\/wp-json\/wp\/v2\/pages\/376"}],"wp:attachment":[{"href":"https:\/\/groupebeauchesne.com\/en\/wp-json\/wp\/v2\/media?parent=388"}],"curies":[{"name":"wp","href":"https:\/\/api.w.org\/{rel}","templated":true}]}}