{"id":390,"date":"2018-03-02T15:12:55","date_gmt":"2018-03-02T15:12:55","guid":{"rendered":"https:\/\/groupebeauchesne.com\/?page_id=390"},"modified":"2024-09-27T08:47:06","modified_gmt":"2024-09-27T12:47:06","slug":"ceiling","status":"publish","type":"page","link":"https:\/\/groupebeauchesne.com\/en\/products\/ceiling\/","title":{"rendered":"Ceiling"},"content":{"rendered":"<div class=\"wpb-content-wrapper\"><p>[vc_row css_animation=&#8221;&#8221; row_type=&#8221;row&#8221; use_row_as_full_screen_section=&#8221;no&#8221; type=&#8221;grid&#8221; angled_section=&#8221;no&#8221; text_align=&#8221;left&#8221; background_image_as_pattern=&#8221;without_pattern&#8221; el_id=&#8221;template-produits&#8221; z_index=&#8221;&#8221;][vc_column][vc_column_text css=&#8221;&#8221;]<\/p>\n<h4>The supplier of choice in the industry<\/h4>\n<p>The products you need, such as:<\/p>\n<p>Lattice systems<br \/>\nAcoustic tiles<br \/>\nSpecialized and security ceilings<\/p>\n<h4>Architectural solutions<\/h4>\n<p>Contact one of our specialists about Architectural Solutions, such as:<\/p>\n<p>Custom panels (shapes and sizes)<br \/>\nMetallic finishes<br \/>\nWood finishes<br \/>\nOptional perforations<\/p>\n<p>CGC offers the most innovative, high-performance acoustic products.With the help of one of our specialized ceiling representatives, we can also offer you customized solutions.<\/p>\n<p><em>Can\u2019t find the type of material you\u2019re looking for on our page? It\u2019s impossible to put our entire inventory online! <a href=\"https:\/\/groupebeauchesne.com\/en\/contact\/\">Contact us<\/a>, and one of our specialists will be pleased to advise you and guide you through our product range.<\/em>[\/vc_column_text]<div class='qode_carousels_holder clearfix'><div class='qode_carousels' data-number-of-visible-items=''><ul class='slides'><li class='item'><div class=\"carousel_item_holder\"><a itemprop='url' href='https:\/\/www.usg.com\/content\/usgcom\/en_CA_east\/products\/ceilings\/ceiling-tiles-panels.html' target='_blank'><span class='first_image_holder '><img decoding=\"async\" itemprop=\"image\" src=\"https:\/\/groupebeauchesne.com\/wp-content\/uploads\/2018\/03\/groupe-beauchesne-cgc-logo.png\" alt=\"carousel image\" \/><\/span><\/a><\/div><\/li><\/ul><\/div><\/div>[\/vc_column][\/vc_row][vc_row row_type=&#8221;parallax&#8221; parallax_content_width=&#8221;in_grid&#8221; text_align=&#8221;left&#8221; background_image=&#8221;3212&#8243; full_screen_section_height=&#8221;no&#8221; el_class=&#8221;bloc-padding&#8221;][vc_column][vc_column_text]<\/p>\n<h4>Groupe beauchesne is the benchmark in the distribution of building materials for interior systems<\/h4>\n<p>[\/vc_column_text][\/vc_column][\/vc_row]<\/p>\n<\/div>","protected":false},"excerpt":{"rendered":"<p>[vc_row css_animation=&#8221;&#8221; row_type=&#8221;row&#8221; use_row_as_full_screen_section=&#8221;no&#8221; type=&#8221;grid&#8221; angled_section=&#8221;no&#8221; text_align=&#8221;left&#8221; background_image_as_pattern=&#8221;without_pattern&#8221; el_id=&#8221;template-produits&#8221; z_index=&#8221;&#8221;][vc_column][vc_column_text css=&#8221;&#8221;] The supplier of choice in the industry The products you need, such as: Lattice systems Acoustic tiles Specialized and security ceilings Architectural solutions Contact one of our specialists about Architectural Solutions, such as: Custom&#8230;<\/p>\n","protected":false},"author":1,"featured_media":0,"parent":376,"menu_order":0,"comment_status":"closed","ping_status":"closed","template":"full_width.php","meta":{"_acf_changed":false,"footnotes":""},"class_list":["post-390","page","type-page","status-publish","hentry"],"acf":[],"yoast_head":"<!-- This site is optimized with the Yoast SEO plugin v27.2 - https:\/\/yoast.com\/product\/yoast-seo-wordpress\/ -->\n<title>Ceiling | Groupe Beauchesne<\/title>\n<meta name=\"description\" content=\"Covering all your needs in ceiling, we offer products like: lattice systems, acoustics tiles, specialized and security ceiling.\" \/>\n<meta name=\"robots\" content=\"index, follow, max-snippet:-1, max-image-preview:large, max-video-preview:-1\" \/>\n<link rel=\"canonical\" href=\"https:\/\/groupebeauchesne.com\/en\/products\/ceiling\/\" \/>\n<meta property=\"og:locale\" content=\"en_US\" \/>\n<meta property=\"og:type\" content=\"article\" \/>\n<meta property=\"og:title\" content=\"Ceiling | Groupe Beauchesne\" \/>\n<meta property=\"og:description\" content=\"Covering all your needs in ceiling, we offer products like: lattice systems, acoustics tiles, specialized and security ceiling.\" \/>\n<meta property=\"og:url\" content=\"https:\/\/groupebeauchesne.com\/en\/products\/ceiling\/\" \/>\n<meta property=\"og:site_name\" content=\"Groupe Beauchesne\" \/>\n<meta property=\"article:modified_time\" content=\"2024-09-27T12:47:06+00:00\" \/>\n<meta property=\"og:image\" content=\"https:\/\/groupebeauchesne.com\/wp-content\/uploads\/2018\/02\/slider-bg1.jpg\" \/>\n<meta name=\"twitter:card\" content=\"summary_large_image\" \/>\n<meta name=\"twitter:label1\" content=\"Est. reading time\" \/>\n\t<meta name=\"twitter:data1\" content=\"1 minute\" \/>\n<script type=\"application\/ld+json\" class=\"yoast-schema-graph\">{\"@context\":\"https:\/\/schema.org\",\"@graph\":[{\"@type\":\"WebPage\",\"@id\":\"https:\/\/groupebeauchesne.com\/en\/products\/ceiling\/\",\"url\":\"https:\/\/groupebeauchesne.com\/en\/products\/ceiling\/\",\"name\":\"Ceiling | Groupe Beauchesne\",\"isPartOf\":{\"@id\":\"https:\/\/groupebeauchesne.com\/#website\"},\"datePublished\":\"2018-03-02T15:12:55+00:00\",\"dateModified\":\"2024-09-27T12:47:06+00:00\",\"description\":\"Covering all your needs in ceiling, we offer products like: lattice systems, acoustics tiles, specialized and security ceiling.\",\"breadcrumb\":{\"@id\":\"https:\/\/groupebeauchesne.com\/en\/products\/ceiling\/#breadcrumb\"},\"inLanguage\":\"en-CA\",\"potentialAction\":[{\"@type\":\"ReadAction\",\"target\":[\"https:\/\/groupebeauchesne.com\/en\/products\/ceiling\/\"]}]},{\"@type\":\"BreadcrumbList\",\"@id\":\"https:\/\/groupebeauchesne.com\/en\/products\/ceiling\/#breadcrumb\",\"itemListElement\":[{\"@type\":\"ListItem\",\"position\":1,\"name\":\"Home\",\"item\":\"https:\/\/groupebeauchesne.com\/en\/\"},{\"@type\":\"ListItem\",\"position\":2,\"name\":\"Products\",\"item\":\"https:\/\/groupebeauchesne.com\/en\/products\/\"},{\"@type\":\"ListItem\",\"position\":3,\"name\":\"Ceiling\"}]},{\"@type\":\"WebSite\",\"@id\":\"https:\/\/groupebeauchesne.com\/#website\",\"url\":\"https:\/\/groupebeauchesne.com\/\",\"name\":\"Groupe Beauchesne\",\"description\":\"La r\u00e9f\u00e9rence en syst\u00e8me d\u2019int\u00e9rieur\",\"potentialAction\":[{\"@type\":\"SearchAction\",\"target\":{\"@type\":\"EntryPoint\",\"urlTemplate\":\"https:\/\/groupebeauchesne.com\/?s={search_term_string}\"},\"query-input\":{\"@type\":\"PropertyValueSpecification\",\"valueRequired\":true,\"valueName\":\"search_term_string\"}}],\"inLanguage\":\"en-CA\"}]}<\/script>\n<!-- \/ Yoast SEO plugin. -->","yoast_head_json":{"title":"Ceiling | Groupe Beauchesne","description":"Covering all your needs in ceiling, we offer products like: lattice systems, acoustics tiles, specialized and security ceiling.","robots":{"index":"index","follow":"follow","max-snippet":"max-snippet:-1","max-image-preview":"max-image-preview:large","max-video-preview":"max-video-preview:-1"},"canonical":"https:\/\/groupebeauchesne.com\/en\/products\/ceiling\/","og_locale":"en_US","og_type":"article","og_title":"Ceiling | Groupe Beauchesne","og_description":"Covering all your needs in ceiling, we offer products like: lattice systems, acoustics tiles, specialized and security ceiling.","og_url":"https:\/\/groupebeauchesne.com\/en\/products\/ceiling\/","og_site_name":"Groupe Beauchesne","article_modified_time":"2024-09-27T12:47:06+00:00","og_image":[{"url":"https:\/\/groupebeauchesne.com\/wp-content\/uploads\/2018\/02\/slider-bg1.jpg","type":"","width":"","height":""}],"twitter_card":"summary_large_image","twitter_misc":{"Est. reading time":"1 minute"},"schema":{"@context":"https:\/\/schema.org","@graph":[{"@type":"WebPage","@id":"https:\/\/groupebeauchesne.com\/en\/products\/ceiling\/","url":"https:\/\/groupebeauchesne.com\/en\/products\/ceiling\/","name":"Ceiling | Groupe Beauchesne","isPartOf":{"@id":"https:\/\/groupebeauchesne.com\/#website"},"datePublished":"2018-03-02T15:12:55+00:00","dateModified":"2024-09-27T12:47:06+00:00","description":"Covering all your needs in ceiling, we offer products like: lattice systems, acoustics tiles, specialized and security ceiling.","breadcrumb":{"@id":"https:\/\/groupebeauchesne.com\/en\/products\/ceiling\/#breadcrumb"},"inLanguage":"en-CA","potentialAction":[{"@type":"ReadAction","target":["https:\/\/groupebeauchesne.com\/en\/products\/ceiling\/"]}]},{"@type":"BreadcrumbList","@id":"https:\/\/groupebeauchesne.com\/en\/products\/ceiling\/#breadcrumb","itemListElement":[{"@type":"ListItem","position":1,"name":"Home","item":"https:\/\/groupebeauchesne.com\/en\/"},{"@type":"ListItem","position":2,"name":"Products","item":"https:\/\/groupebeauchesne.com\/en\/products\/"},{"@type":"ListItem","position":3,"name":"Ceiling"}]},{"@type":"WebSite","@id":"https:\/\/groupebeauchesne.com\/#website","url":"https:\/\/groupebeauchesne.com\/","name":"Groupe Beauchesne","description":"La r\u00e9f\u00e9rence en syst\u00e8me d\u2019int\u00e9rieur","potentialAction":[{"@type":"SearchAction","target":{"@type":"EntryPoint","urlTemplate":"https:\/\/groupebeauchesne.com\/?s={search_term_string}"},"query-input":{"@type":"PropertyValueSpecification","valueRequired":true,"valueName":"search_term_string"}}],"inLanguage":"en-CA"}]}},"_links":{"self":[{"href":"https:\/\/groupebeauchesne.com\/en\/wp-json\/wp\/v2\/pages\/390","targetHints":{"allow":["GET"]}}],"collection":[{"href":"https:\/\/groupebeauchesne.com\/en\/wp-json\/wp\/v2\/pages"}],"about":[{"href":"https:\/\/groupebeauchesne.com\/en\/wp-json\/wp\/v2\/types\/page"}],"author":[{"embeddable":true,"href":"https:\/\/groupebeauchesne.com\/en\/wp-json\/wp\/v2\/users\/1"}],"replies":[{"embeddable":true,"href":"https:\/\/groupebeauchesne.com\/en\/wp-json\/wp\/v2\/comments?post=390"}],"version-history":[{"count":6,"href":"https:\/\/groupebeauchesne.com\/en\/wp-json\/wp\/v2\/pages\/390\/revisions"}],"predecessor-version":[{"id":3219,"href":"https:\/\/groupebeauchesne.com\/en\/wp-json\/wp\/v2\/pages\/390\/revisions\/3219"}],"up":[{"embeddable":true,"href":"https:\/\/groupebeauchesne.com\/en\/wp-json\/wp\/v2\/pages\/376"}],"wp:attachment":[{"href":"https:\/\/groupebeauchesne.com\/en\/wp-json\/wp\/v2\/media?parent=390"}],"curies":[{"name":"wp","href":"https:\/\/api.w.org\/{rel}","templated":true}]}}