{"id":2490,"date":"2020-10-02T20:26:16","date_gmt":"2020-10-02T20:26:16","guid":{"rendered":"https:\/\/groupebeauchesne.com\/product\/abrasif-rond-velcro-9-8-11-16-150g-25-pqt-sia\/"},"modified":"2021-06-10T12:30:48","modified_gmt":"2021-06-10T12:30:48","slug":"abrasif-rond-velcro-9-8-11-16-150g-25-pqt-sia","status":"publish","type":"product","link":"https:\/\/groupebeauchesne.com\/en\/product\/abrasif-rond-velcro-9-8-11-16-150g-25-pqt-sia\/","title":{"rendered":"ABRASIF ROND VELCRO 9&#8221; 8-11\/16  150G (25\/PQT)  SIA"},"content":{"rendered":"","protected":false},"excerpt":{"rendered":"","protected":false},"featured_media":1694,"template":"","meta":{"_acf_changed":false},"pwb-brand":[182],"product_brand":[],"product_cat":[186],"product_tag":[],"class_list":{"0":"post-2490","1":"product","2":"type-product","3":"status-publish","4":"has-post-thumbnail","6":"pwb-brand-sia-abrasif-jjs","7":"product_cat-sablage-en","9":"first","10":"instock","11":"taxable","12":"shipping-taxable","13":"product-type-simple"},"acf":[],"yoast_head":"<!-- This site is optimized with the Yoast SEO plugin v27.4 - https:\/\/yoast.com\/product\/yoast-seo-wordpress\/ -->\n<title>ABRASIF ROND VELCRO 9&#039;&#039; 8-11\/16 150G (25\/PQT) SIA | Groupe Beauchesne<\/title>\n<meta name=\"robots\" content=\"index, follow, max-snippet:-1, max-image-preview:large, max-video-preview:-1\" \/>\n<link rel=\"canonical\" href=\"https:\/\/groupebeauchesne.com\/en\/product\/abrasif-rond-velcro-9-8-11-16-150g-25-pqt-sia\/\" \/>\n<meta property=\"og:locale\" content=\"en_US\" \/>\n<meta property=\"og:type\" content=\"article\" \/>\n<meta property=\"og:title\" content=\"ABRASIF ROND VELCRO 9&#039;&#039; 8-11\/16 150G (25\/PQT) SIA | Groupe Beauchesne\" \/>\n<meta property=\"og:url\" content=\"https:\/\/groupebeauchesne.com\/en\/product\/abrasif-rond-velcro-9-8-11-16-150g-25-pqt-sia\/\" \/>\n<meta property=\"og:site_name\" content=\"Groupe Beauchesne\" \/>\n<meta property=\"article:modified_time\" content=\"2021-06-10T12:30:48+00:00\" \/>\n<meta property=\"og:image\" content=\"https:\/\/groupebeauchesne.com\/wp-content\/uploads\/2020\/09\/702326J.jpg\" \/>\n\t<meta property=\"og:image:width\" content=\"620\" \/>\n\t<meta property=\"og:image:height\" content=\"620\" \/>\n\t<meta property=\"og:image:type\" content=\"image\/jpeg\" \/>\n<meta name=\"twitter:card\" content=\"summary_large_image\" \/>\n<script type=\"application\/ld+json\" class=\"yoast-schema-graph\">{\"@context\":\"https:\\\/\\\/schema.org\",\"@graph\":[{\"@type\":\"WebPage\",\"@id\":\"https:\\\/\\\/groupebeauchesne.com\\\/en\\\/product\\\/abrasif-rond-velcro-9-8-11-16-150g-25-pqt-sia\\\/\",\"url\":\"https:\\\/\\\/groupebeauchesne.com\\\/en\\\/product\\\/abrasif-rond-velcro-9-8-11-16-150g-25-pqt-sia\\\/\",\"name\":\"ABRASIF ROND VELCRO 9'' 8-11\\\/16 150G (25\\\/PQT) SIA | Groupe Beauchesne\",\"isPartOf\":{\"@id\":\"https:\\\/\\\/groupebeauchesne.com\\\/#website\"},\"primaryImageOfPage\":{\"@id\":\"https:\\\/\\\/groupebeauchesne.com\\\/en\\\/product\\\/abrasif-rond-velcro-9-8-11-16-150g-25-pqt-sia\\\/#primaryimage\"},\"image\":{\"@id\":\"https:\\\/\\\/groupebeauchesne.com\\\/en\\\/product\\\/abrasif-rond-velcro-9-8-11-16-150g-25-pqt-sia\\\/#primaryimage\"},\"thumbnailUrl\":\"https:\\\/\\\/groupebeauchesne.com\\\/wp-content\\\/uploads\\\/2020\\\/09\\\/702326J.jpg\",\"datePublished\":\"2020-10-02T20:26:16+00:00\",\"dateModified\":\"2021-06-10T12:30:48+00:00\",\"breadcrumb\":{\"@id\":\"https:\\\/\\\/groupebeauchesne.com\\\/en\\\/product\\\/abrasif-rond-velcro-9-8-11-16-150g-25-pqt-sia\\\/#breadcrumb\"},\"inLanguage\":\"en-CA\",\"potentialAction\":[{\"@type\":\"ReadAction\",\"target\":[\"https:\\\/\\\/groupebeauchesne.com\\\/en\\\/product\\\/abrasif-rond-velcro-9-8-11-16-150g-25-pqt-sia\\\/\"]}]},{\"@type\":\"ImageObject\",\"inLanguage\":\"en-CA\",\"@id\":\"https:\\\/\\\/groupebeauchesne.com\\\/en\\\/product\\\/abrasif-rond-velcro-9-8-11-16-150g-25-pqt-sia\\\/#primaryimage\",\"url\":\"https:\\\/\\\/groupebeauchesne.com\\\/wp-content\\\/uploads\\\/2020\\\/09\\\/702326J.jpg\",\"contentUrl\":\"https:\\\/\\\/groupebeauchesne.com\\\/wp-content\\\/uploads\\\/2020\\\/09\\\/702326J.jpg\",\"width\":620,\"height\":620},{\"@type\":\"BreadcrumbList\",\"@id\":\"https:\\\/\\\/groupebeauchesne.com\\\/en\\\/product\\\/abrasif-rond-velcro-9-8-11-16-150g-25-pqt-sia\\\/#breadcrumb\",\"itemListElement\":[{\"@type\":\"ListItem\",\"position\":1,\"name\":\"Home\",\"item\":\"https:\\\/\\\/groupebeauchesne.com\\\/en\\\/\"},{\"@type\":\"ListItem\",\"position\":2,\"name\":\"Online Catalog\",\"item\":\"https:\\\/\\\/groupebeauchesne.com\\\/en\\\/?page_id=874\"},{\"@type\":\"ListItem\",\"position\":3,\"name\":\"ABRASIF ROND VELCRO 9&#8221; 8-11\\\/16 150G (25\\\/PQT) SIA\"}]},{\"@type\":\"WebSite\",\"@id\":\"https:\\\/\\\/groupebeauchesne.com\\\/#website\",\"url\":\"https:\\\/\\\/groupebeauchesne.com\\\/\",\"name\":\"Groupe Beauchesne\",\"description\":\"La r\u00e9f\u00e9rence en syst\u00e8me d\u2019int\u00e9rieur\",\"potentialAction\":[{\"@type\":\"SearchAction\",\"target\":{\"@type\":\"EntryPoint\",\"urlTemplate\":\"https:\\\/\\\/groupebeauchesne.com\\\/?s={search_term_string}\"},\"query-input\":{\"@type\":\"PropertyValueSpecification\",\"valueRequired\":true,\"valueName\":\"search_term_string\"}}],\"inLanguage\":\"en-CA\"}]}<\/script>\n<!-- \/ Yoast SEO plugin. -->","yoast_head_json":{"title":"ABRASIF ROND VELCRO 9'' 8-11\/16 150G (25\/PQT) SIA | Groupe Beauchesne","robots":{"index":"index","follow":"follow","max-snippet":"max-snippet:-1","max-image-preview":"max-image-preview:large","max-video-preview":"max-video-preview:-1"},"canonical":"https:\/\/groupebeauchesne.com\/en\/product\/abrasif-rond-velcro-9-8-11-16-150g-25-pqt-sia\/","og_locale":"en_US","og_type":"article","og_title":"ABRASIF ROND VELCRO 9'' 8-11\/16 150G (25\/PQT) SIA | Groupe Beauchesne","og_url":"https:\/\/groupebeauchesne.com\/en\/product\/abrasif-rond-velcro-9-8-11-16-150g-25-pqt-sia\/","og_site_name":"Groupe Beauchesne","article_modified_time":"2021-06-10T12:30:48+00:00","og_image":[{"width":620,"height":620,"url":"https:\/\/groupebeauchesne.com\/wp-content\/uploads\/2020\/09\/702326J.jpg","type":"image\/jpeg"}],"twitter_card":"summary_large_image","schema":{"@context":"https:\/\/schema.org","@graph":[{"@type":"WebPage","@id":"https:\/\/groupebeauchesne.com\/en\/product\/abrasif-rond-velcro-9-8-11-16-150g-25-pqt-sia\/","url":"https:\/\/groupebeauchesne.com\/en\/product\/abrasif-rond-velcro-9-8-11-16-150g-25-pqt-sia\/","name":"ABRASIF ROND VELCRO 9'' 8-11\/16 150G (25\/PQT) SIA | Groupe Beauchesne","isPartOf":{"@id":"https:\/\/groupebeauchesne.com\/#website"},"primaryImageOfPage":{"@id":"https:\/\/groupebeauchesne.com\/en\/product\/abrasif-rond-velcro-9-8-11-16-150g-25-pqt-sia\/#primaryimage"},"image":{"@id":"https:\/\/groupebeauchesne.com\/en\/product\/abrasif-rond-velcro-9-8-11-16-150g-25-pqt-sia\/#primaryimage"},"thumbnailUrl":"https:\/\/groupebeauchesne.com\/wp-content\/uploads\/2020\/09\/702326J.jpg","datePublished":"2020-10-02T20:26:16+00:00","dateModified":"2021-06-10T12:30:48+00:00","breadcrumb":{"@id":"https:\/\/groupebeauchesne.com\/en\/product\/abrasif-rond-velcro-9-8-11-16-150g-25-pqt-sia\/#breadcrumb"},"inLanguage":"en-CA","potentialAction":[{"@type":"ReadAction","target":["https:\/\/groupebeauchesne.com\/en\/product\/abrasif-rond-velcro-9-8-11-16-150g-25-pqt-sia\/"]}]},{"@type":"ImageObject","inLanguage":"en-CA","@id":"https:\/\/groupebeauchesne.com\/en\/product\/abrasif-rond-velcro-9-8-11-16-150g-25-pqt-sia\/#primaryimage","url":"https:\/\/groupebeauchesne.com\/wp-content\/uploads\/2020\/09\/702326J.jpg","contentUrl":"https:\/\/groupebeauchesne.com\/wp-content\/uploads\/2020\/09\/702326J.jpg","width":620,"height":620},{"@type":"BreadcrumbList","@id":"https:\/\/groupebeauchesne.com\/en\/product\/abrasif-rond-velcro-9-8-11-16-150g-25-pqt-sia\/#breadcrumb","itemListElement":[{"@type":"ListItem","position":1,"name":"Home","item":"https:\/\/groupebeauchesne.com\/en\/"},{"@type":"ListItem","position":2,"name":"Online Catalog","item":"https:\/\/groupebeauchesne.com\/en\/?page_id=874"},{"@type":"ListItem","position":3,"name":"ABRASIF ROND VELCRO 9&#8221; 8-11\/16 150G (25\/PQT) SIA"}]},{"@type":"WebSite","@id":"https:\/\/groupebeauchesne.com\/#website","url":"https:\/\/groupebeauchesne.com\/","name":"Groupe Beauchesne","description":"La r\u00e9f\u00e9rence en syst\u00e8me d\u2019int\u00e9rieur","potentialAction":[{"@type":"SearchAction","target":{"@type":"EntryPoint","urlTemplate":"https:\/\/groupebeauchesne.com\/?s={search_term_string}"},"query-input":{"@type":"PropertyValueSpecification","valueRequired":true,"valueName":"search_term_string"}}],"inLanguage":"en-CA"}]}},"brands":[{"id":182,"name":"SIA- ABRASIF JJS","slug":"sia-abrasif-jjs"}],"_links":{"self":[{"href":"https:\/\/groupebeauchesne.com\/en\/wp-json\/wp\/v2\/product\/2490","targetHints":{"allow":["GET"]}}],"collection":[{"href":"https:\/\/groupebeauchesne.com\/en\/wp-json\/wp\/v2\/product"}],"about":[{"href":"https:\/\/groupebeauchesne.com\/en\/wp-json\/wp\/v2\/types\/product"}],"wp:featuredmedia":[{"embeddable":true,"href":"https:\/\/groupebeauchesne.com\/en\/wp-json\/wp\/v2\/media\/1694"}],"wp:attachment":[{"href":"https:\/\/groupebeauchesne.com\/en\/wp-json\/wp\/v2\/media?parent=2490"}],"wp:term":[{"taxonomy":"pwb-brand","embeddable":true,"href":"https:\/\/groupebeauchesne.com\/en\/wp-json\/wp\/v2\/pwb-brand?post=2490"},{"taxonomy":"product_brand","embeddable":true,"href":"https:\/\/groupebeauchesne.com\/en\/wp-json\/wp\/v2\/product_brand?post=2490"},{"taxonomy":"product_cat","embeddable":true,"href":"https:\/\/groupebeauchesne.com\/en\/wp-json\/wp\/v2\/product_cat?post=2490"},{"taxonomy":"product_tag","embeddable":true,"href":"https:\/\/groupebeauchesne.com\/en\/wp-json\/wp\/v2\/product_tag?post=2490"}],"curies":[{"name":"wp","href":"https:\/\/api.w.org\/{rel}","templated":true}]}}