{"id":2493,"date":"2020-10-02T20:16:35","date_gmt":"2020-10-02T20:16:35","guid":{"rendered":"https:\/\/groupebeauchesne.com\/product\/abrasif-4-3-16-x-11-150g-100-bte\/"},"modified":"2021-06-10T12:31:27","modified_gmt":"2021-06-10T12:31:27","slug":"abrasif-4-3-16-x-11-150g-100-bte","status":"publish","type":"product","link":"https:\/\/groupebeauchesne.com\/en\/product\/abrasif-4-3-16-x-11-150g-100-bte\/","title":{"rendered":"ABRASIF 4-3\/16 X 11 150G  100\/BTE  SIA"},"content":{"rendered":"","protected":false},"excerpt":{"rendered":"","protected":false},"featured_media":1688,"template":"","meta":{"_acf_changed":false},"pwb-brand":[182],"product_brand":[],"product_cat":[186],"product_tag":[],"class_list":{"0":"post-2493","1":"product","2":"type-product","3":"status-publish","4":"has-post-thumbnail","6":"pwb-brand-sia-abrasif-jjs","7":"product_cat-sablage-en","9":"first","10":"instock","11":"taxable","12":"shipping-taxable","13":"product-type-simple"},"acf":[],"yoast_head":"<!-- This site is optimized with the Yoast SEO plugin v27.2 - https:\/\/yoast.com\/product\/yoast-seo-wordpress\/ -->\n<title>ABRASIF 4-3\/16 X 11 150G 100\/BTE SIA | Groupe Beauchesne<\/title>\n<meta name=\"robots\" content=\"index, follow, max-snippet:-1, max-image-preview:large, max-video-preview:-1\" \/>\n<link rel=\"canonical\" href=\"https:\/\/groupebeauchesne.com\/en\/product\/abrasif-4-3-16-x-11-150g-100-bte\/\" \/>\n<meta property=\"og:locale\" content=\"en_US\" \/>\n<meta property=\"og:type\" content=\"article\" \/>\n<meta property=\"og:title\" content=\"ABRASIF 4-3\/16 X 11 150G 100\/BTE SIA | Groupe Beauchesne\" \/>\n<meta property=\"og:url\" content=\"https:\/\/groupebeauchesne.com\/en\/product\/abrasif-4-3-16-x-11-150g-100-bte\/\" \/>\n<meta property=\"og:site_name\" content=\"Groupe Beauchesne\" \/>\n<meta property=\"article:modified_time\" content=\"2021-06-10T12:31:27+00:00\" \/>\n<meta property=\"og:image\" content=\"https:\/\/groupebeauchesne.com\/wp-content\/uploads\/2020\/09\/702284.jpg\" \/>\n\t<meta property=\"og:image:width\" content=\"500\" \/>\n\t<meta property=\"og:image:height\" content=\"500\" \/>\n\t<meta property=\"og:image:type\" content=\"image\/jpeg\" \/>\n<meta name=\"twitter:card\" content=\"summary_large_image\" \/>\n<script type=\"application\/ld+json\" class=\"yoast-schema-graph\">{\"@context\":\"https:\/\/schema.org\",\"@graph\":[{\"@type\":\"WebPage\",\"@id\":\"https:\/\/groupebeauchesne.com\/en\/product\/abrasif-4-3-16-x-11-150g-100-bte\/\",\"url\":\"https:\/\/groupebeauchesne.com\/en\/product\/abrasif-4-3-16-x-11-150g-100-bte\/\",\"name\":\"ABRASIF 4-3\/16 X 11 150G 100\/BTE SIA | Groupe Beauchesne\",\"isPartOf\":{\"@id\":\"https:\/\/groupebeauchesne.com\/#website\"},\"primaryImageOfPage\":{\"@id\":\"https:\/\/groupebeauchesne.com\/en\/product\/abrasif-4-3-16-x-11-150g-100-bte\/#primaryimage\"},\"image\":{\"@id\":\"https:\/\/groupebeauchesne.com\/en\/product\/abrasif-4-3-16-x-11-150g-100-bte\/#primaryimage\"},\"thumbnailUrl\":\"https:\/\/groupebeauchesne.com\/wp-content\/uploads\/2020\/09\/702284.jpg\",\"datePublished\":\"2020-10-02T20:16:35+00:00\",\"dateModified\":\"2021-06-10T12:31:27+00:00\",\"breadcrumb\":{\"@id\":\"https:\/\/groupebeauchesne.com\/en\/product\/abrasif-4-3-16-x-11-150g-100-bte\/#breadcrumb\"},\"inLanguage\":\"en-CA\",\"potentialAction\":[{\"@type\":\"ReadAction\",\"target\":[\"https:\/\/groupebeauchesne.com\/en\/product\/abrasif-4-3-16-x-11-150g-100-bte\/\"]}]},{\"@type\":\"ImageObject\",\"inLanguage\":\"en-CA\",\"@id\":\"https:\/\/groupebeauchesne.com\/en\/product\/abrasif-4-3-16-x-11-150g-100-bte\/#primaryimage\",\"url\":\"https:\/\/groupebeauchesne.com\/wp-content\/uploads\/2020\/09\/702284.jpg\",\"contentUrl\":\"https:\/\/groupebeauchesne.com\/wp-content\/uploads\/2020\/09\/702284.jpg\",\"width\":500,\"height\":500},{\"@type\":\"BreadcrumbList\",\"@id\":\"https:\/\/groupebeauchesne.com\/en\/product\/abrasif-4-3-16-x-11-150g-100-bte\/#breadcrumb\",\"itemListElement\":[{\"@type\":\"ListItem\",\"position\":1,\"name\":\"Home\",\"item\":\"https:\/\/groupebeauchesne.com\/en\/\"},{\"@type\":\"ListItem\",\"position\":2,\"name\":\"Online Catalog\",\"item\":\"https:\/\/groupebeauchesne.com\/en\/?page_id=874\"},{\"@type\":\"ListItem\",\"position\":3,\"name\":\"ABRASIF 4-3\/16 X 11 150G 100\/BTE SIA\"}]},{\"@type\":\"WebSite\",\"@id\":\"https:\/\/groupebeauchesne.com\/#website\",\"url\":\"https:\/\/groupebeauchesne.com\/\",\"name\":\"Groupe Beauchesne\",\"description\":\"La r\u00e9f\u00e9rence en syst\u00e8me d\u2019int\u00e9rieur\",\"potentialAction\":[{\"@type\":\"SearchAction\",\"target\":{\"@type\":\"EntryPoint\",\"urlTemplate\":\"https:\/\/groupebeauchesne.com\/?s={search_term_string}\"},\"query-input\":{\"@type\":\"PropertyValueSpecification\",\"valueRequired\":true,\"valueName\":\"search_term_string\"}}],\"inLanguage\":\"en-CA\"}]}<\/script>\n<!-- \/ Yoast SEO plugin. -->","yoast_head_json":{"title":"ABRASIF 4-3\/16 X 11 150G 100\/BTE SIA | Groupe Beauchesne","robots":{"index":"index","follow":"follow","max-snippet":"max-snippet:-1","max-image-preview":"max-image-preview:large","max-video-preview":"max-video-preview:-1"},"canonical":"https:\/\/groupebeauchesne.com\/en\/product\/abrasif-4-3-16-x-11-150g-100-bte\/","og_locale":"en_US","og_type":"article","og_title":"ABRASIF 4-3\/16 X 11 150G 100\/BTE SIA | Groupe Beauchesne","og_url":"https:\/\/groupebeauchesne.com\/en\/product\/abrasif-4-3-16-x-11-150g-100-bte\/","og_site_name":"Groupe Beauchesne","article_modified_time":"2021-06-10T12:31:27+00:00","og_image":[{"width":500,"height":500,"url":"https:\/\/groupebeauchesne.com\/wp-content\/uploads\/2020\/09\/702284.jpg","type":"image\/jpeg"}],"twitter_card":"summary_large_image","schema":{"@context":"https:\/\/schema.org","@graph":[{"@type":"WebPage","@id":"https:\/\/groupebeauchesne.com\/en\/product\/abrasif-4-3-16-x-11-150g-100-bte\/","url":"https:\/\/groupebeauchesne.com\/en\/product\/abrasif-4-3-16-x-11-150g-100-bte\/","name":"ABRASIF 4-3\/16 X 11 150G 100\/BTE SIA | Groupe Beauchesne","isPartOf":{"@id":"https:\/\/groupebeauchesne.com\/#website"},"primaryImageOfPage":{"@id":"https:\/\/groupebeauchesne.com\/en\/product\/abrasif-4-3-16-x-11-150g-100-bte\/#primaryimage"},"image":{"@id":"https:\/\/groupebeauchesne.com\/en\/product\/abrasif-4-3-16-x-11-150g-100-bte\/#primaryimage"},"thumbnailUrl":"https:\/\/groupebeauchesne.com\/wp-content\/uploads\/2020\/09\/702284.jpg","datePublished":"2020-10-02T20:16:35+00:00","dateModified":"2021-06-10T12:31:27+00:00","breadcrumb":{"@id":"https:\/\/groupebeauchesne.com\/en\/product\/abrasif-4-3-16-x-11-150g-100-bte\/#breadcrumb"},"inLanguage":"en-CA","potentialAction":[{"@type":"ReadAction","target":["https:\/\/groupebeauchesne.com\/en\/product\/abrasif-4-3-16-x-11-150g-100-bte\/"]}]},{"@type":"ImageObject","inLanguage":"en-CA","@id":"https:\/\/groupebeauchesne.com\/en\/product\/abrasif-4-3-16-x-11-150g-100-bte\/#primaryimage","url":"https:\/\/groupebeauchesne.com\/wp-content\/uploads\/2020\/09\/702284.jpg","contentUrl":"https:\/\/groupebeauchesne.com\/wp-content\/uploads\/2020\/09\/702284.jpg","width":500,"height":500},{"@type":"BreadcrumbList","@id":"https:\/\/groupebeauchesne.com\/en\/product\/abrasif-4-3-16-x-11-150g-100-bte\/#breadcrumb","itemListElement":[{"@type":"ListItem","position":1,"name":"Home","item":"https:\/\/groupebeauchesne.com\/en\/"},{"@type":"ListItem","position":2,"name":"Online Catalog","item":"https:\/\/groupebeauchesne.com\/en\/?page_id=874"},{"@type":"ListItem","position":3,"name":"ABRASIF 4-3\/16 X 11 150G 100\/BTE SIA"}]},{"@type":"WebSite","@id":"https:\/\/groupebeauchesne.com\/#website","url":"https:\/\/groupebeauchesne.com\/","name":"Groupe Beauchesne","description":"La r\u00e9f\u00e9rence en syst\u00e8me d\u2019int\u00e9rieur","potentialAction":[{"@type":"SearchAction","target":{"@type":"EntryPoint","urlTemplate":"https:\/\/groupebeauchesne.com\/?s={search_term_string}"},"query-input":{"@type":"PropertyValueSpecification","valueRequired":true,"valueName":"search_term_string"}}],"inLanguage":"en-CA"}]}},"brands":[{"id":182,"name":"SIA- ABRASIF JJS","slug":"sia-abrasif-jjs"}],"_links":{"self":[{"href":"https:\/\/groupebeauchesne.com\/en\/wp-json\/wp\/v2\/product\/2493","targetHints":{"allow":["GET"]}}],"collection":[{"href":"https:\/\/groupebeauchesne.com\/en\/wp-json\/wp\/v2\/product"}],"about":[{"href":"https:\/\/groupebeauchesne.com\/en\/wp-json\/wp\/v2\/types\/product"}],"wp:featuredmedia":[{"embeddable":true,"href":"https:\/\/groupebeauchesne.com\/en\/wp-json\/wp\/v2\/media\/1688"}],"wp:attachment":[{"href":"https:\/\/groupebeauchesne.com\/en\/wp-json\/wp\/v2\/media?parent=2493"}],"wp:term":[{"taxonomy":"pwb-brand","embeddable":true,"href":"https:\/\/groupebeauchesne.com\/en\/wp-json\/wp\/v2\/pwb-brand?post=2493"},{"taxonomy":"product_brand","embeddable":true,"href":"https:\/\/groupebeauchesne.com\/en\/wp-json\/wp\/v2\/product_brand?post=2493"},{"taxonomy":"product_cat","embeddable":true,"href":"https:\/\/groupebeauchesne.com\/en\/wp-json\/wp\/v2\/product_cat?post=2493"},{"taxonomy":"product_tag","embeddable":true,"href":"https:\/\/groupebeauchesne.com\/en\/wp-json\/wp\/v2\/product_tag?post=2493"}],"curies":[{"name":"wp","href":"https:\/\/api.w.org\/{rel}","templated":true}]}}