{"id":2502,"date":"2020-10-02T18:04:31","date_gmt":"2020-10-02T18:04:31","guid":{"rendered":"https:\/\/groupebeauchesne.com\/product\/poudre-rose-fluo-cordeau-tajima-10-5-oz\/"},"modified":"2021-06-10T13:18:59","modified_gmt":"2021-06-10T13:18:59","slug":"poudre-rose-fluo-cordeau-tajima-10-5-oz","status":"publish","type":"product","link":"https:\/\/groupebeauchesne.com\/en\/product\/poudre-rose-fluo-cordeau-tajima-10-5-oz\/","title":{"rendered":"POUDRE A TRACER ROSE FLUO TAJIMA 10.5 OZ"},"content":{"rendered":"","protected":false},"excerpt":{"rendered":"","protected":false},"featured_media":2228,"template":"","meta":{"_acf_changed":false},"pwb-brand":[108],"product_brand":[],"product_cat":[146],"product_tag":[],"class_list":{"0":"post-2502","1":"product","2":"type-product","3":"status-publish","4":"has-post-thumbnail","6":"pwb-brand-tajima","7":"product_cat-various-interior-system-tools","9":"first","10":"instock","11":"taxable","12":"shipping-taxable","13":"product-type-simple"},"acf":[],"yoast_head":"<!-- This site is optimized with the Yoast SEO plugin v27.4 - https:\/\/yoast.com\/product\/yoast-seo-wordpress\/ -->\n<title>POUDRE A TRACER ROSE FLUO TAJIMA 10.5 OZ | Groupe Beauchesne<\/title>\n<meta name=\"robots\" content=\"index, follow, max-snippet:-1, max-image-preview:large, max-video-preview:-1\" \/>\n<link rel=\"canonical\" href=\"https:\/\/groupebeauchesne.com\/en\/product\/poudre-rose-fluo-cordeau-tajima-10-5-oz\/\" \/>\n<meta property=\"og:locale\" content=\"en_US\" \/>\n<meta property=\"og:type\" content=\"article\" \/>\n<meta property=\"og:title\" content=\"POUDRE A TRACER ROSE FLUO TAJIMA 10.5 OZ | Groupe Beauchesne\" \/>\n<meta property=\"og:url\" content=\"https:\/\/groupebeauchesne.com\/en\/product\/poudre-rose-fluo-cordeau-tajima-10-5-oz\/\" \/>\n<meta property=\"og:site_name\" content=\"Groupe Beauchesne\" \/>\n<meta property=\"article:modified_time\" content=\"2021-06-10T13:18:59+00:00\" \/>\n<meta property=\"og:image\" content=\"https:\/\/groupebeauchesne.com\/wp-content\/uploads\/2020\/10\/703106.jpg\" \/>\n\t<meta property=\"og:image:width\" content=\"520\" \/>\n\t<meta property=\"og:image:height\" content=\"471\" \/>\n\t<meta property=\"og:image:type\" content=\"image\/jpeg\" \/>\n<meta name=\"twitter:card\" content=\"summary_large_image\" \/>\n<script type=\"application\/ld+json\" class=\"yoast-schema-graph\">{\"@context\":\"https:\\\/\\\/schema.org\",\"@graph\":[{\"@type\":\"WebPage\",\"@id\":\"https:\\\/\\\/groupebeauchesne.com\\\/en\\\/product\\\/poudre-rose-fluo-cordeau-tajima-10-5-oz\\\/\",\"url\":\"https:\\\/\\\/groupebeauchesne.com\\\/en\\\/product\\\/poudre-rose-fluo-cordeau-tajima-10-5-oz\\\/\",\"name\":\"POUDRE A TRACER ROSE FLUO TAJIMA 10.5 OZ | Groupe Beauchesne\",\"isPartOf\":{\"@id\":\"https:\\\/\\\/groupebeauchesne.com\\\/#website\"},\"primaryImageOfPage\":{\"@id\":\"https:\\\/\\\/groupebeauchesne.com\\\/en\\\/product\\\/poudre-rose-fluo-cordeau-tajima-10-5-oz\\\/#primaryimage\"},\"image\":{\"@id\":\"https:\\\/\\\/groupebeauchesne.com\\\/en\\\/product\\\/poudre-rose-fluo-cordeau-tajima-10-5-oz\\\/#primaryimage\"},\"thumbnailUrl\":\"https:\\\/\\\/groupebeauchesne.com\\\/wp-content\\\/uploads\\\/2020\\\/10\\\/703106.jpg\",\"datePublished\":\"2020-10-02T18:04:31+00:00\",\"dateModified\":\"2021-06-10T13:18:59+00:00\",\"breadcrumb\":{\"@id\":\"https:\\\/\\\/groupebeauchesne.com\\\/en\\\/product\\\/poudre-rose-fluo-cordeau-tajima-10-5-oz\\\/#breadcrumb\"},\"inLanguage\":\"en-CA\",\"potentialAction\":[{\"@type\":\"ReadAction\",\"target\":[\"https:\\\/\\\/groupebeauchesne.com\\\/en\\\/product\\\/poudre-rose-fluo-cordeau-tajima-10-5-oz\\\/\"]}]},{\"@type\":\"ImageObject\",\"inLanguage\":\"en-CA\",\"@id\":\"https:\\\/\\\/groupebeauchesne.com\\\/en\\\/product\\\/poudre-rose-fluo-cordeau-tajima-10-5-oz\\\/#primaryimage\",\"url\":\"https:\\\/\\\/groupebeauchesne.com\\\/wp-content\\\/uploads\\\/2020\\\/10\\\/703106.jpg\",\"contentUrl\":\"https:\\\/\\\/groupebeauchesne.com\\\/wp-content\\\/uploads\\\/2020\\\/10\\\/703106.jpg\",\"width\":520,\"height\":471},{\"@type\":\"BreadcrumbList\",\"@id\":\"https:\\\/\\\/groupebeauchesne.com\\\/en\\\/product\\\/poudre-rose-fluo-cordeau-tajima-10-5-oz\\\/#breadcrumb\",\"itemListElement\":[{\"@type\":\"ListItem\",\"position\":1,\"name\":\"Home\",\"item\":\"https:\\\/\\\/groupebeauchesne.com\\\/en\\\/\"},{\"@type\":\"ListItem\",\"position\":2,\"name\":\"Online Catalog\",\"item\":\"https:\\\/\\\/groupebeauchesne.com\\\/en\\\/?page_id=874\"},{\"@type\":\"ListItem\",\"position\":3,\"name\":\"POUDRE A TRACER ROSE FLUO TAJIMA 10.5 OZ\"}]},{\"@type\":\"WebSite\",\"@id\":\"https:\\\/\\\/groupebeauchesne.com\\\/#website\",\"url\":\"https:\\\/\\\/groupebeauchesne.com\\\/\",\"name\":\"Groupe Beauchesne\",\"description\":\"La r\u00e9f\u00e9rence en syst\u00e8me d\u2019int\u00e9rieur\",\"potentialAction\":[{\"@type\":\"SearchAction\",\"target\":{\"@type\":\"EntryPoint\",\"urlTemplate\":\"https:\\\/\\\/groupebeauchesne.com\\\/?s={search_term_string}\"},\"query-input\":{\"@type\":\"PropertyValueSpecification\",\"valueRequired\":true,\"valueName\":\"search_term_string\"}}],\"inLanguage\":\"en-CA\"}]}<\/script>\n<!-- \/ Yoast SEO plugin. -->","yoast_head_json":{"title":"POUDRE A TRACER ROSE FLUO TAJIMA 10.5 OZ | Groupe Beauchesne","robots":{"index":"index","follow":"follow","max-snippet":"max-snippet:-1","max-image-preview":"max-image-preview:large","max-video-preview":"max-video-preview:-1"},"canonical":"https:\/\/groupebeauchesne.com\/en\/product\/poudre-rose-fluo-cordeau-tajima-10-5-oz\/","og_locale":"en_US","og_type":"article","og_title":"POUDRE A TRACER ROSE FLUO TAJIMA 10.5 OZ | Groupe Beauchesne","og_url":"https:\/\/groupebeauchesne.com\/en\/product\/poudre-rose-fluo-cordeau-tajima-10-5-oz\/","og_site_name":"Groupe Beauchesne","article_modified_time":"2021-06-10T13:18:59+00:00","og_image":[{"width":520,"height":471,"url":"https:\/\/groupebeauchesne.com\/wp-content\/uploads\/2020\/10\/703106.jpg","type":"image\/jpeg"}],"twitter_card":"summary_large_image","schema":{"@context":"https:\/\/schema.org","@graph":[{"@type":"WebPage","@id":"https:\/\/groupebeauchesne.com\/en\/product\/poudre-rose-fluo-cordeau-tajima-10-5-oz\/","url":"https:\/\/groupebeauchesne.com\/en\/product\/poudre-rose-fluo-cordeau-tajima-10-5-oz\/","name":"POUDRE A TRACER ROSE FLUO TAJIMA 10.5 OZ | Groupe Beauchesne","isPartOf":{"@id":"https:\/\/groupebeauchesne.com\/#website"},"primaryImageOfPage":{"@id":"https:\/\/groupebeauchesne.com\/en\/product\/poudre-rose-fluo-cordeau-tajima-10-5-oz\/#primaryimage"},"image":{"@id":"https:\/\/groupebeauchesne.com\/en\/product\/poudre-rose-fluo-cordeau-tajima-10-5-oz\/#primaryimage"},"thumbnailUrl":"https:\/\/groupebeauchesne.com\/wp-content\/uploads\/2020\/10\/703106.jpg","datePublished":"2020-10-02T18:04:31+00:00","dateModified":"2021-06-10T13:18:59+00:00","breadcrumb":{"@id":"https:\/\/groupebeauchesne.com\/en\/product\/poudre-rose-fluo-cordeau-tajima-10-5-oz\/#breadcrumb"},"inLanguage":"en-CA","potentialAction":[{"@type":"ReadAction","target":["https:\/\/groupebeauchesne.com\/en\/product\/poudre-rose-fluo-cordeau-tajima-10-5-oz\/"]}]},{"@type":"ImageObject","inLanguage":"en-CA","@id":"https:\/\/groupebeauchesne.com\/en\/product\/poudre-rose-fluo-cordeau-tajima-10-5-oz\/#primaryimage","url":"https:\/\/groupebeauchesne.com\/wp-content\/uploads\/2020\/10\/703106.jpg","contentUrl":"https:\/\/groupebeauchesne.com\/wp-content\/uploads\/2020\/10\/703106.jpg","width":520,"height":471},{"@type":"BreadcrumbList","@id":"https:\/\/groupebeauchesne.com\/en\/product\/poudre-rose-fluo-cordeau-tajima-10-5-oz\/#breadcrumb","itemListElement":[{"@type":"ListItem","position":1,"name":"Home","item":"https:\/\/groupebeauchesne.com\/en\/"},{"@type":"ListItem","position":2,"name":"Online Catalog","item":"https:\/\/groupebeauchesne.com\/en\/?page_id=874"},{"@type":"ListItem","position":3,"name":"POUDRE A TRACER ROSE FLUO TAJIMA 10.5 OZ"}]},{"@type":"WebSite","@id":"https:\/\/groupebeauchesne.com\/#website","url":"https:\/\/groupebeauchesne.com\/","name":"Groupe Beauchesne","description":"La r\u00e9f\u00e9rence en syst\u00e8me d\u2019int\u00e9rieur","potentialAction":[{"@type":"SearchAction","target":{"@type":"EntryPoint","urlTemplate":"https:\/\/groupebeauchesne.com\/?s={search_term_string}"},"query-input":{"@type":"PropertyValueSpecification","valueRequired":true,"valueName":"search_term_string"}}],"inLanguage":"en-CA"}]}},"brands":[{"id":108,"name":"TAJIMA","slug":"tajima"}],"_links":{"self":[{"href":"https:\/\/groupebeauchesne.com\/en\/wp-json\/wp\/v2\/product\/2502","targetHints":{"allow":["GET"]}}],"collection":[{"href":"https:\/\/groupebeauchesne.com\/en\/wp-json\/wp\/v2\/product"}],"about":[{"href":"https:\/\/groupebeauchesne.com\/en\/wp-json\/wp\/v2\/types\/product"}],"wp:featuredmedia":[{"embeddable":true,"href":"https:\/\/groupebeauchesne.com\/en\/wp-json\/wp\/v2\/media\/2228"}],"wp:attachment":[{"href":"https:\/\/groupebeauchesne.com\/en\/wp-json\/wp\/v2\/media?parent=2502"}],"wp:term":[{"taxonomy":"pwb-brand","embeddable":true,"href":"https:\/\/groupebeauchesne.com\/en\/wp-json\/wp\/v2\/pwb-brand?post=2502"},{"taxonomy":"product_brand","embeddable":true,"href":"https:\/\/groupebeauchesne.com\/en\/wp-json\/wp\/v2\/product_brand?post=2502"},{"taxonomy":"product_cat","embeddable":true,"href":"https:\/\/groupebeauchesne.com\/en\/wp-json\/wp\/v2\/product_cat?post=2502"},{"taxonomy":"product_tag","embeddable":true,"href":"https:\/\/groupebeauchesne.com\/en\/wp-json\/wp\/v2\/product_tag?post=2502"}],"curies":[{"name":"wp","href":"https:\/\/api.w.org\/{rel}","templated":true}]}}