{"id":2514,"date":"2020-09-29T18:42:34","date_gmt":"2020-09-29T18:42:34","guid":{"rendered":"https:\/\/groupebeauchesne.com\/product\/meches-a-toupie-3-16-porter-cable-43218\/"},"modified":"2020-09-29T18:42:34","modified_gmt":"2020-09-29T18:42:34","slug":"meches-a-toupie-3-16-porter-cable-43218","status":"publish","type":"product","link":"https:\/\/groupebeauchesne.com\/en\/product\/meches-a-toupie-3-16-porter-cable-43218\/","title":{"rendered":"MECHES A TOUPIE 3\/16 PORTER CABLE 43218"},"content":{"rendered":"<p>MECHES A TOUPIE 3\/16 PORTER CABLE 43218<\/p>\n","protected":false},"excerpt":{"rendered":"<p>MECHES A TOUPIE 3\/16 PORTER CABLE 43218<\/p>\n","protected":false},"featured_media":1444,"template":"","meta":{"_acf_changed":false},"pwb-brand":[165],"product_brand":[],"product_cat":[51],"product_tag":[],"class_list":{"0":"post-2514","1":"product","2":"type-product","3":"status-publish","4":"has-post-thumbnail","6":"pwb-brand-porter-cable","7":"product_cat-uncategorized","9":"first","10":"instock","11":"taxable","12":"shipping-taxable","13":"product-type-simple"},"acf":[],"yoast_head":"<!-- This site is optimized with the Yoast SEO plugin v27.4 - https:\/\/yoast.com\/product\/yoast-seo-wordpress\/ -->\n<title>MECHES A TOUPIE 3\/16 PORTER CABLE 43218 | Groupe Beauchesne<\/title>\n<meta name=\"robots\" content=\"index, follow, max-snippet:-1, max-image-preview:large, max-video-preview:-1\" \/>\n<link rel=\"canonical\" href=\"https:\/\/groupebeauchesne.com\/en\/product\/meches-a-toupie-3-16-porter-cable-43218\/\" \/>\n<meta property=\"og:locale\" content=\"en_US\" \/>\n<meta property=\"og:type\" content=\"article\" \/>\n<meta property=\"og:title\" content=\"MECHES A TOUPIE 3\/16 PORTER CABLE 43218 | Groupe Beauchesne\" \/>\n<meta property=\"og:description\" content=\"MECHES A TOUPIE 3\/16 PORTER CABLE 43218\" \/>\n<meta property=\"og:url\" content=\"https:\/\/groupebeauchesne.com\/en\/product\/meches-a-toupie-3-16-porter-cable-43218\/\" \/>\n<meta property=\"og:site_name\" content=\"Groupe Beauchesne\" \/>\n<meta property=\"og:image\" content=\"https:\/\/groupebeauchesne.com\/wp-content\/uploads\/2020\/09\/700490.jpg\" \/>\n\t<meta property=\"og:image:width\" content=\"215\" \/>\n\t<meta property=\"og:image:height\" content=\"214\" \/>\n\t<meta property=\"og:image:type\" content=\"image\/jpeg\" \/>\n<meta name=\"twitter:card\" content=\"summary_large_image\" \/>\n<script type=\"application\/ld+json\" class=\"yoast-schema-graph\">{\"@context\":\"https:\\\/\\\/schema.org\",\"@graph\":[{\"@type\":\"WebPage\",\"@id\":\"https:\\\/\\\/groupebeauchesne.com\\\/en\\\/product\\\/meches-a-toupie-3-16-porter-cable-43218\\\/\",\"url\":\"https:\\\/\\\/groupebeauchesne.com\\\/en\\\/product\\\/meches-a-toupie-3-16-porter-cable-43218\\\/\",\"name\":\"MECHES A TOUPIE 3\\\/16 PORTER CABLE 43218 | Groupe Beauchesne\",\"isPartOf\":{\"@id\":\"https:\\\/\\\/groupebeauchesne.com\\\/#website\"},\"primaryImageOfPage\":{\"@id\":\"https:\\\/\\\/groupebeauchesne.com\\\/en\\\/product\\\/meches-a-toupie-3-16-porter-cable-43218\\\/#primaryimage\"},\"image\":{\"@id\":\"https:\\\/\\\/groupebeauchesne.com\\\/en\\\/product\\\/meches-a-toupie-3-16-porter-cable-43218\\\/#primaryimage\"},\"thumbnailUrl\":\"https:\\\/\\\/groupebeauchesne.com\\\/wp-content\\\/uploads\\\/2020\\\/09\\\/700490.jpg\",\"datePublished\":\"2020-09-29T18:42:34+00:00\",\"breadcrumb\":{\"@id\":\"https:\\\/\\\/groupebeauchesne.com\\\/en\\\/product\\\/meches-a-toupie-3-16-porter-cable-43218\\\/#breadcrumb\"},\"inLanguage\":\"en-CA\",\"potentialAction\":[{\"@type\":\"ReadAction\",\"target\":[\"https:\\\/\\\/groupebeauchesne.com\\\/en\\\/product\\\/meches-a-toupie-3-16-porter-cable-43218\\\/\"]}]},{\"@type\":\"ImageObject\",\"inLanguage\":\"en-CA\",\"@id\":\"https:\\\/\\\/groupebeauchesne.com\\\/en\\\/product\\\/meches-a-toupie-3-16-porter-cable-43218\\\/#primaryimage\",\"url\":\"https:\\\/\\\/groupebeauchesne.com\\\/wp-content\\\/uploads\\\/2020\\\/09\\\/700490.jpg\",\"contentUrl\":\"https:\\\/\\\/groupebeauchesne.com\\\/wp-content\\\/uploads\\\/2020\\\/09\\\/700490.jpg\",\"width\":215,\"height\":214},{\"@type\":\"BreadcrumbList\",\"@id\":\"https:\\\/\\\/groupebeauchesne.com\\\/en\\\/product\\\/meches-a-toupie-3-16-porter-cable-43218\\\/#breadcrumb\",\"itemListElement\":[{\"@type\":\"ListItem\",\"position\":1,\"name\":\"Home\",\"item\":\"https:\\\/\\\/groupebeauchesne.com\\\/en\\\/\"},{\"@type\":\"ListItem\",\"position\":2,\"name\":\"Online Catalog\",\"item\":\"https:\\\/\\\/groupebeauchesne.com\\\/en\\\/?page_id=874\"},{\"@type\":\"ListItem\",\"position\":3,\"name\":\"MECHES A TOUPIE 3\\\/16 PORTER CABLE 43218\"}]},{\"@type\":\"WebSite\",\"@id\":\"https:\\\/\\\/groupebeauchesne.com\\\/#website\",\"url\":\"https:\\\/\\\/groupebeauchesne.com\\\/\",\"name\":\"Groupe Beauchesne\",\"description\":\"La r\u00e9f\u00e9rence en syst\u00e8me d\u2019int\u00e9rieur\",\"potentialAction\":[{\"@type\":\"SearchAction\",\"target\":{\"@type\":\"EntryPoint\",\"urlTemplate\":\"https:\\\/\\\/groupebeauchesne.com\\\/?s={search_term_string}\"},\"query-input\":{\"@type\":\"PropertyValueSpecification\",\"valueRequired\":true,\"valueName\":\"search_term_string\"}}],\"inLanguage\":\"en-CA\"}]}<\/script>\n<!-- \/ Yoast SEO plugin. -->","yoast_head_json":{"title":"MECHES A TOUPIE 3\/16 PORTER CABLE 43218 | Groupe Beauchesne","robots":{"index":"index","follow":"follow","max-snippet":"max-snippet:-1","max-image-preview":"max-image-preview:large","max-video-preview":"max-video-preview:-1"},"canonical":"https:\/\/groupebeauchesne.com\/en\/product\/meches-a-toupie-3-16-porter-cable-43218\/","og_locale":"en_US","og_type":"article","og_title":"MECHES A TOUPIE 3\/16 PORTER CABLE 43218 | Groupe Beauchesne","og_description":"MECHES A TOUPIE 3\/16 PORTER CABLE 43218","og_url":"https:\/\/groupebeauchesne.com\/en\/product\/meches-a-toupie-3-16-porter-cable-43218\/","og_site_name":"Groupe Beauchesne","og_image":[{"width":215,"height":214,"url":"https:\/\/groupebeauchesne.com\/wp-content\/uploads\/2020\/09\/700490.jpg","type":"image\/jpeg"}],"twitter_card":"summary_large_image","schema":{"@context":"https:\/\/schema.org","@graph":[{"@type":"WebPage","@id":"https:\/\/groupebeauchesne.com\/en\/product\/meches-a-toupie-3-16-porter-cable-43218\/","url":"https:\/\/groupebeauchesne.com\/en\/product\/meches-a-toupie-3-16-porter-cable-43218\/","name":"MECHES A TOUPIE 3\/16 PORTER CABLE 43218 | Groupe Beauchesne","isPartOf":{"@id":"https:\/\/groupebeauchesne.com\/#website"},"primaryImageOfPage":{"@id":"https:\/\/groupebeauchesne.com\/en\/product\/meches-a-toupie-3-16-porter-cable-43218\/#primaryimage"},"image":{"@id":"https:\/\/groupebeauchesne.com\/en\/product\/meches-a-toupie-3-16-porter-cable-43218\/#primaryimage"},"thumbnailUrl":"https:\/\/groupebeauchesne.com\/wp-content\/uploads\/2020\/09\/700490.jpg","datePublished":"2020-09-29T18:42:34+00:00","breadcrumb":{"@id":"https:\/\/groupebeauchesne.com\/en\/product\/meches-a-toupie-3-16-porter-cable-43218\/#breadcrumb"},"inLanguage":"en-CA","potentialAction":[{"@type":"ReadAction","target":["https:\/\/groupebeauchesne.com\/en\/product\/meches-a-toupie-3-16-porter-cable-43218\/"]}]},{"@type":"ImageObject","inLanguage":"en-CA","@id":"https:\/\/groupebeauchesne.com\/en\/product\/meches-a-toupie-3-16-porter-cable-43218\/#primaryimage","url":"https:\/\/groupebeauchesne.com\/wp-content\/uploads\/2020\/09\/700490.jpg","contentUrl":"https:\/\/groupebeauchesne.com\/wp-content\/uploads\/2020\/09\/700490.jpg","width":215,"height":214},{"@type":"BreadcrumbList","@id":"https:\/\/groupebeauchesne.com\/en\/product\/meches-a-toupie-3-16-porter-cable-43218\/#breadcrumb","itemListElement":[{"@type":"ListItem","position":1,"name":"Home","item":"https:\/\/groupebeauchesne.com\/en\/"},{"@type":"ListItem","position":2,"name":"Online Catalog","item":"https:\/\/groupebeauchesne.com\/en\/?page_id=874"},{"@type":"ListItem","position":3,"name":"MECHES A TOUPIE 3\/16 PORTER CABLE 43218"}]},{"@type":"WebSite","@id":"https:\/\/groupebeauchesne.com\/#website","url":"https:\/\/groupebeauchesne.com\/","name":"Groupe Beauchesne","description":"La r\u00e9f\u00e9rence en syst\u00e8me d\u2019int\u00e9rieur","potentialAction":[{"@type":"SearchAction","target":{"@type":"EntryPoint","urlTemplate":"https:\/\/groupebeauchesne.com\/?s={search_term_string}"},"query-input":{"@type":"PropertyValueSpecification","valueRequired":true,"valueName":"search_term_string"}}],"inLanguage":"en-CA"}]}},"brands":[{"id":165,"name":"PORTER CABLE","slug":"porter-cable"}],"_links":{"self":[{"href":"https:\/\/groupebeauchesne.com\/en\/wp-json\/wp\/v2\/product\/2514","targetHints":{"allow":["GET"]}}],"collection":[{"href":"https:\/\/groupebeauchesne.com\/en\/wp-json\/wp\/v2\/product"}],"about":[{"href":"https:\/\/groupebeauchesne.com\/en\/wp-json\/wp\/v2\/types\/product"}],"wp:featuredmedia":[{"embeddable":true,"href":"https:\/\/groupebeauchesne.com\/en\/wp-json\/wp\/v2\/media\/1444"}],"wp:attachment":[{"href":"https:\/\/groupebeauchesne.com\/en\/wp-json\/wp\/v2\/media?parent=2514"}],"wp:term":[{"taxonomy":"pwb-brand","embeddable":true,"href":"https:\/\/groupebeauchesne.com\/en\/wp-json\/wp\/v2\/pwb-brand?post=2514"},{"taxonomy":"product_brand","embeddable":true,"href":"https:\/\/groupebeauchesne.com\/en\/wp-json\/wp\/v2\/product_brand?post=2514"},{"taxonomy":"product_cat","embeddable":true,"href":"https:\/\/groupebeauchesne.com\/en\/wp-json\/wp\/v2\/product_cat?post=2514"},{"taxonomy":"product_tag","embeddable":true,"href":"https:\/\/groupebeauchesne.com\/en\/wp-json\/wp\/v2\/product_tag?post=2514"}],"curies":[{"name":"wp","href":"https:\/\/api.w.org\/{rel}","templated":true}]}}