{"id":2554,"date":"2020-09-29T18:42:27","date_gmt":"2020-09-29T18:42:27","guid":{"rendered":"https:\/\/groupebeauchesne.com\/product\/visseuse-sans-balais-seul-20v-dcf620b\/"},"modified":"2020-09-29T18:42:27","modified_gmt":"2020-09-29T18:42:27","slug":"visseuse-sans-balais-seul-20v-dcf620b","status":"publish","type":"product","link":"https:\/\/groupebeauchesne.com\/en\/product\/visseuse-sans-balais-seul-20v-dcf620b\/","title":{"rendered":"VISSEUSE SANS BALAIS SEUL 20V DCF620B"},"content":{"rendered":"<p>VISSEUSE SANS BALAIS SEUL 20V DCF620B<\/p>\n","protected":false},"excerpt":{"rendered":"<p>VISSEUSE SANS BALAIS SEUL 20V DCF620B<\/p>\n","protected":false},"featured_media":1454,"template":"","meta":{"_acf_changed":false},"pwb-brand":[88],"product_brand":[],"product_cat":[162],"product_tag":[],"class_list":{"0":"post-2554","1":"product","2":"type-product","3":"status-publish","4":"has-post-thumbnail","6":"pwb-brand-dewalt","7":"product_cat-power-tools-and-batteries","9":"first","10":"instock","11":"taxable","12":"shipping-taxable","13":"product-type-simple"},"acf":[],"yoast_head":"<!-- This site is optimized with the Yoast SEO plugin v27.2 - https:\/\/yoast.com\/product\/yoast-seo-wordpress\/ -->\n<title>VISSEUSE SANS BALAIS SEUL 20V DCF620B | Groupe Beauchesne<\/title>\n<meta name=\"robots\" content=\"index, follow, max-snippet:-1, max-image-preview:large, max-video-preview:-1\" \/>\n<link rel=\"canonical\" href=\"https:\/\/groupebeauchesne.com\/en\/product\/visseuse-sans-balais-seul-20v-dcf620b\/\" \/>\n<meta property=\"og:locale\" content=\"en_US\" \/>\n<meta property=\"og:type\" content=\"article\" \/>\n<meta property=\"og:title\" content=\"VISSEUSE SANS BALAIS SEUL 20V DCF620B | Groupe Beauchesne\" \/>\n<meta property=\"og:description\" content=\"VISSEUSE SANS BALAIS SEUL 20V DCF620B\" \/>\n<meta property=\"og:url\" content=\"https:\/\/groupebeauchesne.com\/en\/product\/visseuse-sans-balais-seul-20v-dcf620b\/\" \/>\n<meta property=\"og:site_name\" content=\"Groupe Beauchesne\" \/>\n<meta property=\"og:image\" content=\"https:\/\/groupebeauchesne.com\/wp-content\/uploads\/2020\/09\/710152.jpg\" \/>\n\t<meta property=\"og:image:width\" content=\"648\" \/>\n\t<meta property=\"og:image:height\" content=\"648\" \/>\n\t<meta property=\"og:image:type\" content=\"image\/jpeg\" \/>\n<meta name=\"twitter:card\" content=\"summary_large_image\" \/>\n<script type=\"application\/ld+json\" class=\"yoast-schema-graph\">{\"@context\":\"https:\/\/schema.org\",\"@graph\":[{\"@type\":\"WebPage\",\"@id\":\"https:\/\/groupebeauchesne.com\/en\/product\/visseuse-sans-balais-seul-20v-dcf620b\/\",\"url\":\"https:\/\/groupebeauchesne.com\/en\/product\/visseuse-sans-balais-seul-20v-dcf620b\/\",\"name\":\"VISSEUSE SANS BALAIS SEUL 20V DCF620B | Groupe Beauchesne\",\"isPartOf\":{\"@id\":\"https:\/\/groupebeauchesne.com\/#website\"},\"primaryImageOfPage\":{\"@id\":\"https:\/\/groupebeauchesne.com\/en\/product\/visseuse-sans-balais-seul-20v-dcf620b\/#primaryimage\"},\"image\":{\"@id\":\"https:\/\/groupebeauchesne.com\/en\/product\/visseuse-sans-balais-seul-20v-dcf620b\/#primaryimage\"},\"thumbnailUrl\":\"https:\/\/groupebeauchesne.com\/wp-content\/uploads\/2020\/09\/710152.jpg\",\"datePublished\":\"2020-09-29T18:42:27+00:00\",\"breadcrumb\":{\"@id\":\"https:\/\/groupebeauchesne.com\/en\/product\/visseuse-sans-balais-seul-20v-dcf620b\/#breadcrumb\"},\"inLanguage\":\"en-CA\",\"potentialAction\":[{\"@type\":\"ReadAction\",\"target\":[\"https:\/\/groupebeauchesne.com\/en\/product\/visseuse-sans-balais-seul-20v-dcf620b\/\"]}]},{\"@type\":\"ImageObject\",\"inLanguage\":\"en-CA\",\"@id\":\"https:\/\/groupebeauchesne.com\/en\/product\/visseuse-sans-balais-seul-20v-dcf620b\/#primaryimage\",\"url\":\"https:\/\/groupebeauchesne.com\/wp-content\/uploads\/2020\/09\/710152.jpg\",\"contentUrl\":\"https:\/\/groupebeauchesne.com\/wp-content\/uploads\/2020\/09\/710152.jpg\",\"width\":648,\"height\":648},{\"@type\":\"BreadcrumbList\",\"@id\":\"https:\/\/groupebeauchesne.com\/en\/product\/visseuse-sans-balais-seul-20v-dcf620b\/#breadcrumb\",\"itemListElement\":[{\"@type\":\"ListItem\",\"position\":1,\"name\":\"Home\",\"item\":\"https:\/\/groupebeauchesne.com\/en\/\"},{\"@type\":\"ListItem\",\"position\":2,\"name\":\"Online Catalog\",\"item\":\"https:\/\/groupebeauchesne.com\/en\/?page_id=874\"},{\"@type\":\"ListItem\",\"position\":3,\"name\":\"VISSEUSE SANS BALAIS SEUL 20V DCF620B\"}]},{\"@type\":\"WebSite\",\"@id\":\"https:\/\/groupebeauchesne.com\/#website\",\"url\":\"https:\/\/groupebeauchesne.com\/\",\"name\":\"Groupe Beauchesne\",\"description\":\"La r\u00e9f\u00e9rence en syst\u00e8me d\u2019int\u00e9rieur\",\"potentialAction\":[{\"@type\":\"SearchAction\",\"target\":{\"@type\":\"EntryPoint\",\"urlTemplate\":\"https:\/\/groupebeauchesne.com\/?s={search_term_string}\"},\"query-input\":{\"@type\":\"PropertyValueSpecification\",\"valueRequired\":true,\"valueName\":\"search_term_string\"}}],\"inLanguage\":\"en-CA\"}]}<\/script>\n<!-- \/ Yoast SEO plugin. -->","yoast_head_json":{"title":"VISSEUSE SANS BALAIS SEUL 20V DCF620B | Groupe Beauchesne","robots":{"index":"index","follow":"follow","max-snippet":"max-snippet:-1","max-image-preview":"max-image-preview:large","max-video-preview":"max-video-preview:-1"},"canonical":"https:\/\/groupebeauchesne.com\/en\/product\/visseuse-sans-balais-seul-20v-dcf620b\/","og_locale":"en_US","og_type":"article","og_title":"VISSEUSE SANS BALAIS SEUL 20V DCF620B | Groupe Beauchesne","og_description":"VISSEUSE SANS BALAIS SEUL 20V DCF620B","og_url":"https:\/\/groupebeauchesne.com\/en\/product\/visseuse-sans-balais-seul-20v-dcf620b\/","og_site_name":"Groupe Beauchesne","og_image":[{"width":648,"height":648,"url":"https:\/\/groupebeauchesne.com\/wp-content\/uploads\/2020\/09\/710152.jpg","type":"image\/jpeg"}],"twitter_card":"summary_large_image","schema":{"@context":"https:\/\/schema.org","@graph":[{"@type":"WebPage","@id":"https:\/\/groupebeauchesne.com\/en\/product\/visseuse-sans-balais-seul-20v-dcf620b\/","url":"https:\/\/groupebeauchesne.com\/en\/product\/visseuse-sans-balais-seul-20v-dcf620b\/","name":"VISSEUSE SANS BALAIS SEUL 20V DCF620B | Groupe Beauchesne","isPartOf":{"@id":"https:\/\/groupebeauchesne.com\/#website"},"primaryImageOfPage":{"@id":"https:\/\/groupebeauchesne.com\/en\/product\/visseuse-sans-balais-seul-20v-dcf620b\/#primaryimage"},"image":{"@id":"https:\/\/groupebeauchesne.com\/en\/product\/visseuse-sans-balais-seul-20v-dcf620b\/#primaryimage"},"thumbnailUrl":"https:\/\/groupebeauchesne.com\/wp-content\/uploads\/2020\/09\/710152.jpg","datePublished":"2020-09-29T18:42:27+00:00","breadcrumb":{"@id":"https:\/\/groupebeauchesne.com\/en\/product\/visseuse-sans-balais-seul-20v-dcf620b\/#breadcrumb"},"inLanguage":"en-CA","potentialAction":[{"@type":"ReadAction","target":["https:\/\/groupebeauchesne.com\/en\/product\/visseuse-sans-balais-seul-20v-dcf620b\/"]}]},{"@type":"ImageObject","inLanguage":"en-CA","@id":"https:\/\/groupebeauchesne.com\/en\/product\/visseuse-sans-balais-seul-20v-dcf620b\/#primaryimage","url":"https:\/\/groupebeauchesne.com\/wp-content\/uploads\/2020\/09\/710152.jpg","contentUrl":"https:\/\/groupebeauchesne.com\/wp-content\/uploads\/2020\/09\/710152.jpg","width":648,"height":648},{"@type":"BreadcrumbList","@id":"https:\/\/groupebeauchesne.com\/en\/product\/visseuse-sans-balais-seul-20v-dcf620b\/#breadcrumb","itemListElement":[{"@type":"ListItem","position":1,"name":"Home","item":"https:\/\/groupebeauchesne.com\/en\/"},{"@type":"ListItem","position":2,"name":"Online Catalog","item":"https:\/\/groupebeauchesne.com\/en\/?page_id=874"},{"@type":"ListItem","position":3,"name":"VISSEUSE SANS BALAIS SEUL 20V DCF620B"}]},{"@type":"WebSite","@id":"https:\/\/groupebeauchesne.com\/#website","url":"https:\/\/groupebeauchesne.com\/","name":"Groupe Beauchesne","description":"La r\u00e9f\u00e9rence en syst\u00e8me d\u2019int\u00e9rieur","potentialAction":[{"@type":"SearchAction","target":{"@type":"EntryPoint","urlTemplate":"https:\/\/groupebeauchesne.com\/?s={search_term_string}"},"query-input":{"@type":"PropertyValueSpecification","valueRequired":true,"valueName":"search_term_string"}}],"inLanguage":"en-CA"}]}},"brands":[{"id":88,"name":"DEWALT","slug":"dewalt"}],"_links":{"self":[{"href":"https:\/\/groupebeauchesne.com\/en\/wp-json\/wp\/v2\/product\/2554","targetHints":{"allow":["GET"]}}],"collection":[{"href":"https:\/\/groupebeauchesne.com\/en\/wp-json\/wp\/v2\/product"}],"about":[{"href":"https:\/\/groupebeauchesne.com\/en\/wp-json\/wp\/v2\/types\/product"}],"wp:featuredmedia":[{"embeddable":true,"href":"https:\/\/groupebeauchesne.com\/en\/wp-json\/wp\/v2\/media\/1454"}],"wp:attachment":[{"href":"https:\/\/groupebeauchesne.com\/en\/wp-json\/wp\/v2\/media?parent=2554"}],"wp:term":[{"taxonomy":"pwb-brand","embeddable":true,"href":"https:\/\/groupebeauchesne.com\/en\/wp-json\/wp\/v2\/pwb-brand?post=2554"},{"taxonomy":"product_brand","embeddable":true,"href":"https:\/\/groupebeauchesne.com\/en\/wp-json\/wp\/v2\/product_brand?post=2554"},{"taxonomy":"product_cat","embeddable":true,"href":"https:\/\/groupebeauchesne.com\/en\/wp-json\/wp\/v2\/product_cat?post=2554"},{"taxonomy":"product_tag","embeddable":true,"href":"https:\/\/groupebeauchesne.com\/en\/wp-json\/wp\/v2\/product_tag?post=2554"}],"curies":[{"name":"wp","href":"https:\/\/api.w.org\/{rel}","templated":true}]}}