{"id":2556,"date":"2020-09-29T18:42:26","date_gmt":"2020-09-29T18:42:26","guid":{"rendered":"https:\/\/groupebeauchesne.com\/product\/pile-6-0-ah-seul-dcb206\/"},"modified":"2020-09-29T18:42:26","modified_gmt":"2020-09-29T18:42:26","slug":"pile-6-0-ah-seul-dcb206","status":"publish","type":"product","link":"https:\/\/groupebeauchesne.com\/en\/product\/pile-6-0-ah-seul-dcb206\/","title":{"rendered":"PILE 6.0 Ah (seul) DCB206"},"content":{"rendered":"<p>PILE 6.0 Ah (seul) DCB206<\/p>\n","protected":false},"excerpt":{"rendered":"<p>PILE 6.0 Ah (seul) DCB206<\/p>\n","protected":false},"featured_media":1490,"template":"","meta":{"_acf_changed":false},"pwb-brand":[88],"product_brand":[],"product_cat":[162],"product_tag":[],"class_list":{"0":"post-2556","1":"product","2":"type-product","3":"status-publish","4":"has-post-thumbnail","6":"pwb-brand-dewalt","7":"product_cat-power-tools-and-batteries","9":"first","10":"instock","11":"taxable","12":"shipping-taxable","13":"product-type-simple"},"acf":[],"yoast_head":"<!-- This site is optimized with the Yoast SEO plugin v27.2 - https:\/\/yoast.com\/product\/yoast-seo-wordpress\/ -->\n<title>PILE 6.0 Ah (seul) DCB206 | Groupe Beauchesne<\/title>\n<meta name=\"robots\" content=\"index, follow, max-snippet:-1, max-image-preview:large, max-video-preview:-1\" \/>\n<link rel=\"canonical\" href=\"https:\/\/groupebeauchesne.com\/en\/product\/pile-6-0-ah-seul-dcb206\/\" \/>\n<meta property=\"og:locale\" content=\"en_US\" \/>\n<meta property=\"og:type\" content=\"article\" \/>\n<meta property=\"og:title\" content=\"PILE 6.0 Ah (seul) DCB206 | Groupe Beauchesne\" \/>\n<meta property=\"og:description\" content=\"PILE 6.0 Ah (seul) DCB206\" \/>\n<meta property=\"og:url\" content=\"https:\/\/groupebeauchesne.com\/en\/product\/pile-6-0-ah-seul-dcb206\/\" \/>\n<meta property=\"og:site_name\" content=\"Groupe Beauchesne\" \/>\n<meta property=\"og:image\" content=\"https:\/\/groupebeauchesne.com\/wp-content\/uploads\/2020\/09\/710627U.jpg\" \/>\n\t<meta property=\"og:image:width\" content=\"500\" \/>\n\t<meta property=\"og:image:height\" content=\"500\" \/>\n\t<meta property=\"og:image:type\" content=\"image\/jpeg\" \/>\n<meta name=\"twitter:card\" content=\"summary_large_image\" \/>\n<script type=\"application\/ld+json\" class=\"yoast-schema-graph\">{\"@context\":\"https:\/\/schema.org\",\"@graph\":[{\"@type\":\"WebPage\",\"@id\":\"https:\/\/groupebeauchesne.com\/en\/product\/pile-6-0-ah-seul-dcb206\/\",\"url\":\"https:\/\/groupebeauchesne.com\/en\/product\/pile-6-0-ah-seul-dcb206\/\",\"name\":\"PILE 6.0 Ah (seul) DCB206 | Groupe Beauchesne\",\"isPartOf\":{\"@id\":\"https:\/\/groupebeauchesne.com\/#website\"},\"primaryImageOfPage\":{\"@id\":\"https:\/\/groupebeauchesne.com\/en\/product\/pile-6-0-ah-seul-dcb206\/#primaryimage\"},\"image\":{\"@id\":\"https:\/\/groupebeauchesne.com\/en\/product\/pile-6-0-ah-seul-dcb206\/#primaryimage\"},\"thumbnailUrl\":\"https:\/\/groupebeauchesne.com\/wp-content\/uploads\/2020\/09\/710627U.jpg\",\"datePublished\":\"2020-09-29T18:42:26+00:00\",\"breadcrumb\":{\"@id\":\"https:\/\/groupebeauchesne.com\/en\/product\/pile-6-0-ah-seul-dcb206\/#breadcrumb\"},\"inLanguage\":\"en-CA\",\"potentialAction\":[{\"@type\":\"ReadAction\",\"target\":[\"https:\/\/groupebeauchesne.com\/en\/product\/pile-6-0-ah-seul-dcb206\/\"]}]},{\"@type\":\"ImageObject\",\"inLanguage\":\"en-CA\",\"@id\":\"https:\/\/groupebeauchesne.com\/en\/product\/pile-6-0-ah-seul-dcb206\/#primaryimage\",\"url\":\"https:\/\/groupebeauchesne.com\/wp-content\/uploads\/2020\/09\/710627U.jpg\",\"contentUrl\":\"https:\/\/groupebeauchesne.com\/wp-content\/uploads\/2020\/09\/710627U.jpg\",\"width\":500,\"height\":500},{\"@type\":\"BreadcrumbList\",\"@id\":\"https:\/\/groupebeauchesne.com\/en\/product\/pile-6-0-ah-seul-dcb206\/#breadcrumb\",\"itemListElement\":[{\"@type\":\"ListItem\",\"position\":1,\"name\":\"Home\",\"item\":\"https:\/\/groupebeauchesne.com\/en\/\"},{\"@type\":\"ListItem\",\"position\":2,\"name\":\"Online Catalog\",\"item\":\"https:\/\/groupebeauchesne.com\/en\/?page_id=874\"},{\"@type\":\"ListItem\",\"position\":3,\"name\":\"PILE 6.0 Ah (seul) DCB206\"}]},{\"@type\":\"WebSite\",\"@id\":\"https:\/\/groupebeauchesne.com\/#website\",\"url\":\"https:\/\/groupebeauchesne.com\/\",\"name\":\"Groupe Beauchesne\",\"description\":\"La r\u00e9f\u00e9rence en syst\u00e8me d\u2019int\u00e9rieur\",\"potentialAction\":[{\"@type\":\"SearchAction\",\"target\":{\"@type\":\"EntryPoint\",\"urlTemplate\":\"https:\/\/groupebeauchesne.com\/?s={search_term_string}\"},\"query-input\":{\"@type\":\"PropertyValueSpecification\",\"valueRequired\":true,\"valueName\":\"search_term_string\"}}],\"inLanguage\":\"en-CA\"}]}<\/script>\n<!-- \/ Yoast SEO plugin. -->","yoast_head_json":{"title":"PILE 6.0 Ah (seul) DCB206 | Groupe Beauchesne","robots":{"index":"index","follow":"follow","max-snippet":"max-snippet:-1","max-image-preview":"max-image-preview:large","max-video-preview":"max-video-preview:-1"},"canonical":"https:\/\/groupebeauchesne.com\/en\/product\/pile-6-0-ah-seul-dcb206\/","og_locale":"en_US","og_type":"article","og_title":"PILE 6.0 Ah (seul) DCB206 | Groupe Beauchesne","og_description":"PILE 6.0 Ah (seul) DCB206","og_url":"https:\/\/groupebeauchesne.com\/en\/product\/pile-6-0-ah-seul-dcb206\/","og_site_name":"Groupe Beauchesne","og_image":[{"width":500,"height":500,"url":"https:\/\/groupebeauchesne.com\/wp-content\/uploads\/2020\/09\/710627U.jpg","type":"image\/jpeg"}],"twitter_card":"summary_large_image","schema":{"@context":"https:\/\/schema.org","@graph":[{"@type":"WebPage","@id":"https:\/\/groupebeauchesne.com\/en\/product\/pile-6-0-ah-seul-dcb206\/","url":"https:\/\/groupebeauchesne.com\/en\/product\/pile-6-0-ah-seul-dcb206\/","name":"PILE 6.0 Ah (seul) DCB206 | Groupe Beauchesne","isPartOf":{"@id":"https:\/\/groupebeauchesne.com\/#website"},"primaryImageOfPage":{"@id":"https:\/\/groupebeauchesne.com\/en\/product\/pile-6-0-ah-seul-dcb206\/#primaryimage"},"image":{"@id":"https:\/\/groupebeauchesne.com\/en\/product\/pile-6-0-ah-seul-dcb206\/#primaryimage"},"thumbnailUrl":"https:\/\/groupebeauchesne.com\/wp-content\/uploads\/2020\/09\/710627U.jpg","datePublished":"2020-09-29T18:42:26+00:00","breadcrumb":{"@id":"https:\/\/groupebeauchesne.com\/en\/product\/pile-6-0-ah-seul-dcb206\/#breadcrumb"},"inLanguage":"en-CA","potentialAction":[{"@type":"ReadAction","target":["https:\/\/groupebeauchesne.com\/en\/product\/pile-6-0-ah-seul-dcb206\/"]}]},{"@type":"ImageObject","inLanguage":"en-CA","@id":"https:\/\/groupebeauchesne.com\/en\/product\/pile-6-0-ah-seul-dcb206\/#primaryimage","url":"https:\/\/groupebeauchesne.com\/wp-content\/uploads\/2020\/09\/710627U.jpg","contentUrl":"https:\/\/groupebeauchesne.com\/wp-content\/uploads\/2020\/09\/710627U.jpg","width":500,"height":500},{"@type":"BreadcrumbList","@id":"https:\/\/groupebeauchesne.com\/en\/product\/pile-6-0-ah-seul-dcb206\/#breadcrumb","itemListElement":[{"@type":"ListItem","position":1,"name":"Home","item":"https:\/\/groupebeauchesne.com\/en\/"},{"@type":"ListItem","position":2,"name":"Online Catalog","item":"https:\/\/groupebeauchesne.com\/en\/?page_id=874"},{"@type":"ListItem","position":3,"name":"PILE 6.0 Ah (seul) DCB206"}]},{"@type":"WebSite","@id":"https:\/\/groupebeauchesne.com\/#website","url":"https:\/\/groupebeauchesne.com\/","name":"Groupe Beauchesne","description":"La r\u00e9f\u00e9rence en syst\u00e8me d\u2019int\u00e9rieur","potentialAction":[{"@type":"SearchAction","target":{"@type":"EntryPoint","urlTemplate":"https:\/\/groupebeauchesne.com\/?s={search_term_string}"},"query-input":{"@type":"PropertyValueSpecification","valueRequired":true,"valueName":"search_term_string"}}],"inLanguage":"en-CA"}]}},"brands":[{"id":88,"name":"DEWALT","slug":"dewalt"}],"_links":{"self":[{"href":"https:\/\/groupebeauchesne.com\/en\/wp-json\/wp\/v2\/product\/2556","targetHints":{"allow":["GET"]}}],"collection":[{"href":"https:\/\/groupebeauchesne.com\/en\/wp-json\/wp\/v2\/product"}],"about":[{"href":"https:\/\/groupebeauchesne.com\/en\/wp-json\/wp\/v2\/types\/product"}],"wp:featuredmedia":[{"embeddable":true,"href":"https:\/\/groupebeauchesne.com\/en\/wp-json\/wp\/v2\/media\/1490"}],"wp:attachment":[{"href":"https:\/\/groupebeauchesne.com\/en\/wp-json\/wp\/v2\/media?parent=2556"}],"wp:term":[{"taxonomy":"pwb-brand","embeddable":true,"href":"https:\/\/groupebeauchesne.com\/en\/wp-json\/wp\/v2\/pwb-brand?post=2556"},{"taxonomy":"product_brand","embeddable":true,"href":"https:\/\/groupebeauchesne.com\/en\/wp-json\/wp\/v2\/product_brand?post=2556"},{"taxonomy":"product_cat","embeddable":true,"href":"https:\/\/groupebeauchesne.com\/en\/wp-json\/wp\/v2\/product_cat?post=2556"},{"taxonomy":"product_tag","embeddable":true,"href":"https:\/\/groupebeauchesne.com\/en\/wp-json\/wp\/v2\/product_tag?post=2556"}],"curies":[{"name":"wp","href":"https:\/\/api.w.org\/{rel}","templated":true}]}}