{"id":2658,"date":"2020-09-25T20:17:38","date_gmt":"2020-09-25T20:17:38","guid":{"rendered":"https:\/\/groupebeauchesne.com\/product\/sac-a-outils-platrier-pour-seau-plastique-20l-10847\/"},"modified":"2020-09-25T20:17:38","modified_gmt":"2020-09-25T20:17:38","slug":"sac-a-outils-platrier-pour-seau-plastique-20l-10847","status":"publish","type":"product","link":"https:\/\/groupebeauchesne.com\/en\/product\/sac-a-outils-platrier-pour-seau-plastique-20l-10847\/","title":{"rendered":"SAC OUTILS PLATRIER  POUR SEAU EN PLASTIQUE 20L 10847"},"content":{"rendered":"<p>SAC A OUTILS PLATRIER POUR GRANDE CHAUDIERE 10847<\/p>\n","protected":false},"excerpt":{"rendered":"<p>SAC A OUTILS PLATRIER POUR GRANDE CHAUDIERE 10847<\/p>\n","protected":false},"featured_media":1362,"template":"","meta":{"_acf_changed":false},"pwb-brand":[38],"product_brand":[],"product_cat":[156],"product_tag":[],"class_list":{"0":"post-2658","1":"product","2":"type-product","3":"status-publish","4":"has-post-thumbnail","6":"pwb-brand-marshalltown","7":"product_cat-tool-bags","9":"first","10":"instock","11":"taxable","12":"shipping-taxable","13":"product-type-simple"},"acf":[],"yoast_head":"<!-- This site is optimized with the Yoast SEO plugin v27.4 - https:\/\/yoast.com\/product\/yoast-seo-wordpress\/ -->\n<title>SAC OUTILS PLATRIER POUR SEAU EN PLASTIQUE 20L 10847 | Groupe Beauchesne<\/title>\n<meta name=\"robots\" content=\"index, follow, max-snippet:-1, max-image-preview:large, max-video-preview:-1\" \/>\n<link rel=\"canonical\" href=\"https:\/\/groupebeauchesne.com\/en\/product\/sac-a-outils-platrier-pour-seau-plastique-20l-10847\/\" \/>\n<meta property=\"og:locale\" content=\"en_US\" \/>\n<meta property=\"og:type\" content=\"article\" \/>\n<meta property=\"og:title\" content=\"SAC OUTILS PLATRIER POUR SEAU EN PLASTIQUE 20L 10847 | Groupe Beauchesne\" \/>\n<meta property=\"og:description\" content=\"SAC A OUTILS PLATRIER POUR GRANDE CHAUDIERE 10847\" \/>\n<meta property=\"og:url\" content=\"https:\/\/groupebeauchesne.com\/en\/product\/sac-a-outils-platrier-pour-seau-plastique-20l-10847\/\" \/>\n<meta property=\"og:site_name\" content=\"Groupe Beauchesne\" \/>\n<meta property=\"og:image\" content=\"https:\/\/groupebeauchesne.com\/wp-content\/uploads\/2020\/09\/701089.jpg\" \/>\n\t<meta property=\"og:image:width\" content=\"378\" \/>\n\t<meta property=\"og:image:height\" content=\"550\" \/>\n\t<meta property=\"og:image:type\" content=\"image\/jpeg\" \/>\n<meta name=\"twitter:card\" content=\"summary_large_image\" \/>\n<script type=\"application\/ld+json\" class=\"yoast-schema-graph\">{\"@context\":\"https:\\\/\\\/schema.org\",\"@graph\":[{\"@type\":\"WebPage\",\"@id\":\"https:\\\/\\\/groupebeauchesne.com\\\/en\\\/product\\\/sac-a-outils-platrier-pour-seau-plastique-20l-10847\\\/\",\"url\":\"https:\\\/\\\/groupebeauchesne.com\\\/en\\\/product\\\/sac-a-outils-platrier-pour-seau-plastique-20l-10847\\\/\",\"name\":\"SAC OUTILS PLATRIER POUR SEAU EN PLASTIQUE 20L 10847 | Groupe Beauchesne\",\"isPartOf\":{\"@id\":\"https:\\\/\\\/groupebeauchesne.com\\\/#website\"},\"primaryImageOfPage\":{\"@id\":\"https:\\\/\\\/groupebeauchesne.com\\\/en\\\/product\\\/sac-a-outils-platrier-pour-seau-plastique-20l-10847\\\/#primaryimage\"},\"image\":{\"@id\":\"https:\\\/\\\/groupebeauchesne.com\\\/en\\\/product\\\/sac-a-outils-platrier-pour-seau-plastique-20l-10847\\\/#primaryimage\"},\"thumbnailUrl\":\"https:\\\/\\\/groupebeauchesne.com\\\/wp-content\\\/uploads\\\/2020\\\/09\\\/701089.jpg\",\"datePublished\":\"2020-09-25T20:17:38+00:00\",\"breadcrumb\":{\"@id\":\"https:\\\/\\\/groupebeauchesne.com\\\/en\\\/product\\\/sac-a-outils-platrier-pour-seau-plastique-20l-10847\\\/#breadcrumb\"},\"inLanguage\":\"en-CA\",\"potentialAction\":[{\"@type\":\"ReadAction\",\"target\":[\"https:\\\/\\\/groupebeauchesne.com\\\/en\\\/product\\\/sac-a-outils-platrier-pour-seau-plastique-20l-10847\\\/\"]}]},{\"@type\":\"ImageObject\",\"inLanguage\":\"en-CA\",\"@id\":\"https:\\\/\\\/groupebeauchesne.com\\\/en\\\/product\\\/sac-a-outils-platrier-pour-seau-plastique-20l-10847\\\/#primaryimage\",\"url\":\"https:\\\/\\\/groupebeauchesne.com\\\/wp-content\\\/uploads\\\/2020\\\/09\\\/701089.jpg\",\"contentUrl\":\"https:\\\/\\\/groupebeauchesne.com\\\/wp-content\\\/uploads\\\/2020\\\/09\\\/701089.jpg\",\"width\":378,\"height\":550},{\"@type\":\"BreadcrumbList\",\"@id\":\"https:\\\/\\\/groupebeauchesne.com\\\/en\\\/product\\\/sac-a-outils-platrier-pour-seau-plastique-20l-10847\\\/#breadcrumb\",\"itemListElement\":[{\"@type\":\"ListItem\",\"position\":1,\"name\":\"Home\",\"item\":\"https:\\\/\\\/groupebeauchesne.com\\\/en\\\/\"},{\"@type\":\"ListItem\",\"position\":2,\"name\":\"Online Catalog\",\"item\":\"https:\\\/\\\/groupebeauchesne.com\\\/en\\\/?page_id=874\"},{\"@type\":\"ListItem\",\"position\":3,\"name\":\"SAC OUTILS PLATRIER POUR SEAU EN PLASTIQUE 20L 10847\"}]},{\"@type\":\"WebSite\",\"@id\":\"https:\\\/\\\/groupebeauchesne.com\\\/#website\",\"url\":\"https:\\\/\\\/groupebeauchesne.com\\\/\",\"name\":\"Groupe Beauchesne\",\"description\":\"La r\u00e9f\u00e9rence en syst\u00e8me d\u2019int\u00e9rieur\",\"potentialAction\":[{\"@type\":\"SearchAction\",\"target\":{\"@type\":\"EntryPoint\",\"urlTemplate\":\"https:\\\/\\\/groupebeauchesne.com\\\/?s={search_term_string}\"},\"query-input\":{\"@type\":\"PropertyValueSpecification\",\"valueRequired\":true,\"valueName\":\"search_term_string\"}}],\"inLanguage\":\"en-CA\"}]}<\/script>\n<!-- \/ Yoast SEO plugin. -->","yoast_head_json":{"title":"SAC OUTILS PLATRIER POUR SEAU EN PLASTIQUE 20L 10847 | Groupe Beauchesne","robots":{"index":"index","follow":"follow","max-snippet":"max-snippet:-1","max-image-preview":"max-image-preview:large","max-video-preview":"max-video-preview:-1"},"canonical":"https:\/\/groupebeauchesne.com\/en\/product\/sac-a-outils-platrier-pour-seau-plastique-20l-10847\/","og_locale":"en_US","og_type":"article","og_title":"SAC OUTILS PLATRIER POUR SEAU EN PLASTIQUE 20L 10847 | Groupe Beauchesne","og_description":"SAC A OUTILS PLATRIER POUR GRANDE CHAUDIERE 10847","og_url":"https:\/\/groupebeauchesne.com\/en\/product\/sac-a-outils-platrier-pour-seau-plastique-20l-10847\/","og_site_name":"Groupe Beauchesne","og_image":[{"width":378,"height":550,"url":"https:\/\/groupebeauchesne.com\/wp-content\/uploads\/2020\/09\/701089.jpg","type":"image\/jpeg"}],"twitter_card":"summary_large_image","schema":{"@context":"https:\/\/schema.org","@graph":[{"@type":"WebPage","@id":"https:\/\/groupebeauchesne.com\/en\/product\/sac-a-outils-platrier-pour-seau-plastique-20l-10847\/","url":"https:\/\/groupebeauchesne.com\/en\/product\/sac-a-outils-platrier-pour-seau-plastique-20l-10847\/","name":"SAC OUTILS PLATRIER POUR SEAU EN PLASTIQUE 20L 10847 | Groupe Beauchesne","isPartOf":{"@id":"https:\/\/groupebeauchesne.com\/#website"},"primaryImageOfPage":{"@id":"https:\/\/groupebeauchesne.com\/en\/product\/sac-a-outils-platrier-pour-seau-plastique-20l-10847\/#primaryimage"},"image":{"@id":"https:\/\/groupebeauchesne.com\/en\/product\/sac-a-outils-platrier-pour-seau-plastique-20l-10847\/#primaryimage"},"thumbnailUrl":"https:\/\/groupebeauchesne.com\/wp-content\/uploads\/2020\/09\/701089.jpg","datePublished":"2020-09-25T20:17:38+00:00","breadcrumb":{"@id":"https:\/\/groupebeauchesne.com\/en\/product\/sac-a-outils-platrier-pour-seau-plastique-20l-10847\/#breadcrumb"},"inLanguage":"en-CA","potentialAction":[{"@type":"ReadAction","target":["https:\/\/groupebeauchesne.com\/en\/product\/sac-a-outils-platrier-pour-seau-plastique-20l-10847\/"]}]},{"@type":"ImageObject","inLanguage":"en-CA","@id":"https:\/\/groupebeauchesne.com\/en\/product\/sac-a-outils-platrier-pour-seau-plastique-20l-10847\/#primaryimage","url":"https:\/\/groupebeauchesne.com\/wp-content\/uploads\/2020\/09\/701089.jpg","contentUrl":"https:\/\/groupebeauchesne.com\/wp-content\/uploads\/2020\/09\/701089.jpg","width":378,"height":550},{"@type":"BreadcrumbList","@id":"https:\/\/groupebeauchesne.com\/en\/product\/sac-a-outils-platrier-pour-seau-plastique-20l-10847\/#breadcrumb","itemListElement":[{"@type":"ListItem","position":1,"name":"Home","item":"https:\/\/groupebeauchesne.com\/en\/"},{"@type":"ListItem","position":2,"name":"Online Catalog","item":"https:\/\/groupebeauchesne.com\/en\/?page_id=874"},{"@type":"ListItem","position":3,"name":"SAC OUTILS PLATRIER POUR SEAU EN PLASTIQUE 20L 10847"}]},{"@type":"WebSite","@id":"https:\/\/groupebeauchesne.com\/#website","url":"https:\/\/groupebeauchesne.com\/","name":"Groupe Beauchesne","description":"La r\u00e9f\u00e9rence en syst\u00e8me d\u2019int\u00e9rieur","potentialAction":[{"@type":"SearchAction","target":{"@type":"EntryPoint","urlTemplate":"https:\/\/groupebeauchesne.com\/?s={search_term_string}"},"query-input":{"@type":"PropertyValueSpecification","valueRequired":true,"valueName":"search_term_string"}}],"inLanguage":"en-CA"}]}},"brands":[{"id":38,"name":"MARSHALLTOWN","slug":"marshalltown"}],"_links":{"self":[{"href":"https:\/\/groupebeauchesne.com\/en\/wp-json\/wp\/v2\/product\/2658","targetHints":{"allow":["GET"]}}],"collection":[{"href":"https:\/\/groupebeauchesne.com\/en\/wp-json\/wp\/v2\/product"}],"about":[{"href":"https:\/\/groupebeauchesne.com\/en\/wp-json\/wp\/v2\/types\/product"}],"wp:featuredmedia":[{"embeddable":true,"href":"https:\/\/groupebeauchesne.com\/en\/wp-json\/wp\/v2\/media\/1362"}],"wp:attachment":[{"href":"https:\/\/groupebeauchesne.com\/en\/wp-json\/wp\/v2\/media?parent=2658"}],"wp:term":[{"taxonomy":"pwb-brand","embeddable":true,"href":"https:\/\/groupebeauchesne.com\/en\/wp-json\/wp\/v2\/pwb-brand?post=2658"},{"taxonomy":"product_brand","embeddable":true,"href":"https:\/\/groupebeauchesne.com\/en\/wp-json\/wp\/v2\/product_brand?post=2658"},{"taxonomy":"product_cat","embeddable":true,"href":"https:\/\/groupebeauchesne.com\/en\/wp-json\/wp\/v2\/product_cat?post=2658"},{"taxonomy":"product_tag","embeddable":true,"href":"https:\/\/groupebeauchesne.com\/en\/wp-json\/wp\/v2\/product_tag?post=2658"}],"curies":[{"name":"wp","href":"https:\/\/api.w.org\/{rel}","templated":true}]}}