{"id":2701,"date":"2020-09-25T20:17:31","date_gmt":"2020-09-25T20:17:31","guid":{"rendered":"https:\/\/groupebeauchesne.com\/product\/pince-serre-joint-automatique-7-lock-jaw-a06200g\/"},"modified":"2020-09-25T20:17:31","modified_gmt":"2020-09-25T20:17:31","slug":"pince-serre-joint-automatique-7-lock-jaw-a06200g","status":"publish","type":"product","link":"https:\/\/groupebeauchesne.com\/en\/product\/pince-serre-joint-automatique-7-lock-jaw-a06200g\/","title":{"rendered":"PINCE SERRE JOINT AUTOMATIQUE 7&#8221; (LOCK JAW) A06200G"},"content":{"rendered":"<p>PINCE SERRE JOINT AUTOMATIQUE 7&#8221; (LOCK JAW) A06200G<\/p>\n","protected":false},"excerpt":{"rendered":"<p>PINCE SERRE JOINT AUTOMATIQUE 7&#8221; (LOCK JAW) A06200G<\/p>\n","protected":false},"featured_media":2182,"template":"","meta":{"_acf_changed":false},"pwb-brand":[87],"product_brand":[],"product_cat":[149],"product_tag":[],"class_list":{"0":"post-2701","1":"product","2":"type-product","3":"status-publish","4":"has-post-thumbnail","6":"pwb-brand-armor-tool","7":"product_cat-pliers-and-snips","9":"first","10":"instock","11":"taxable","12":"shipping-taxable","13":"product-type-simple"},"acf":[],"yoast_head":"<!-- This site is optimized with the Yoast SEO plugin v27.4 - https:\/\/yoast.com\/product\/yoast-seo-wordpress\/ -->\n<title>PINCE SERRE JOINT AUTOMATIQUE 7&#039;&#039; (LOCK JAW) A06200G | Groupe Beauchesne<\/title>\n<meta name=\"robots\" content=\"index, follow, max-snippet:-1, max-image-preview:large, max-video-preview:-1\" \/>\n<link rel=\"canonical\" href=\"https:\/\/groupebeauchesne.com\/en\/product\/pince-serre-joint-automatique-7-lock-jaw-a06200g\/\" \/>\n<meta property=\"og:locale\" content=\"en_US\" \/>\n<meta property=\"og:type\" content=\"article\" \/>\n<meta property=\"og:title\" content=\"PINCE SERRE JOINT AUTOMATIQUE 7&#039;&#039; (LOCK JAW) A06200G | Groupe Beauchesne\" \/>\n<meta property=\"og:description\" content=\"PINCE SERRE JOINT AUTOMATIQUE 7&#8221; (LOCK JAW) A06200G\" \/>\n<meta property=\"og:url\" content=\"https:\/\/groupebeauchesne.com\/en\/product\/pince-serre-joint-automatique-7-lock-jaw-a06200g\/\" \/>\n<meta property=\"og:site_name\" content=\"Groupe Beauchesne\" \/>\n<meta property=\"og:image\" content=\"https:\/\/groupebeauchesne.com\/wp-content\/uploads\/2020\/10\/701440.jpg\" \/>\n\t<meta property=\"og:image:width\" content=\"560\" \/>\n\t<meta property=\"og:image:height\" content=\"560\" \/>\n\t<meta property=\"og:image:type\" content=\"image\/jpeg\" \/>\n<meta name=\"twitter:card\" content=\"summary_large_image\" \/>\n<script type=\"application\/ld+json\" class=\"yoast-schema-graph\">{\"@context\":\"https:\\\/\\\/schema.org\",\"@graph\":[{\"@type\":\"WebPage\",\"@id\":\"https:\\\/\\\/groupebeauchesne.com\\\/en\\\/product\\\/pince-serre-joint-automatique-7-lock-jaw-a06200g\\\/\",\"url\":\"https:\\\/\\\/groupebeauchesne.com\\\/en\\\/product\\\/pince-serre-joint-automatique-7-lock-jaw-a06200g\\\/\",\"name\":\"PINCE SERRE JOINT AUTOMATIQUE 7'' (LOCK JAW) A06200G | Groupe Beauchesne\",\"isPartOf\":{\"@id\":\"https:\\\/\\\/groupebeauchesne.com\\\/#website\"},\"primaryImageOfPage\":{\"@id\":\"https:\\\/\\\/groupebeauchesne.com\\\/en\\\/product\\\/pince-serre-joint-automatique-7-lock-jaw-a06200g\\\/#primaryimage\"},\"image\":{\"@id\":\"https:\\\/\\\/groupebeauchesne.com\\\/en\\\/product\\\/pince-serre-joint-automatique-7-lock-jaw-a06200g\\\/#primaryimage\"},\"thumbnailUrl\":\"https:\\\/\\\/groupebeauchesne.com\\\/wp-content\\\/uploads\\\/2020\\\/10\\\/701440.jpg\",\"datePublished\":\"2020-09-25T20:17:31+00:00\",\"breadcrumb\":{\"@id\":\"https:\\\/\\\/groupebeauchesne.com\\\/en\\\/product\\\/pince-serre-joint-automatique-7-lock-jaw-a06200g\\\/#breadcrumb\"},\"inLanguage\":\"en-CA\",\"potentialAction\":[{\"@type\":\"ReadAction\",\"target\":[\"https:\\\/\\\/groupebeauchesne.com\\\/en\\\/product\\\/pince-serre-joint-automatique-7-lock-jaw-a06200g\\\/\"]}]},{\"@type\":\"ImageObject\",\"inLanguage\":\"en-CA\",\"@id\":\"https:\\\/\\\/groupebeauchesne.com\\\/en\\\/product\\\/pince-serre-joint-automatique-7-lock-jaw-a06200g\\\/#primaryimage\",\"url\":\"https:\\\/\\\/groupebeauchesne.com\\\/wp-content\\\/uploads\\\/2020\\\/10\\\/701440.jpg\",\"contentUrl\":\"https:\\\/\\\/groupebeauchesne.com\\\/wp-content\\\/uploads\\\/2020\\\/10\\\/701440.jpg\",\"width\":560,\"height\":560},{\"@type\":\"BreadcrumbList\",\"@id\":\"https:\\\/\\\/groupebeauchesne.com\\\/en\\\/product\\\/pince-serre-joint-automatique-7-lock-jaw-a06200g\\\/#breadcrumb\",\"itemListElement\":[{\"@type\":\"ListItem\",\"position\":1,\"name\":\"Home\",\"item\":\"https:\\\/\\\/groupebeauchesne.com\\\/en\\\/\"},{\"@type\":\"ListItem\",\"position\":2,\"name\":\"Online Catalog\",\"item\":\"https:\\\/\\\/groupebeauchesne.com\\\/en\\\/?page_id=874\"},{\"@type\":\"ListItem\",\"position\":3,\"name\":\"PINCE SERRE JOINT AUTOMATIQUE 7&#8221; (LOCK JAW) A06200G\"}]},{\"@type\":\"WebSite\",\"@id\":\"https:\\\/\\\/groupebeauchesne.com\\\/#website\",\"url\":\"https:\\\/\\\/groupebeauchesne.com\\\/\",\"name\":\"Groupe Beauchesne\",\"description\":\"La r\u00e9f\u00e9rence en syst\u00e8me d\u2019int\u00e9rieur\",\"potentialAction\":[{\"@type\":\"SearchAction\",\"target\":{\"@type\":\"EntryPoint\",\"urlTemplate\":\"https:\\\/\\\/groupebeauchesne.com\\\/?s={search_term_string}\"},\"query-input\":{\"@type\":\"PropertyValueSpecification\",\"valueRequired\":true,\"valueName\":\"search_term_string\"}}],\"inLanguage\":\"en-CA\"}]}<\/script>\n<!-- \/ Yoast SEO plugin. -->","yoast_head_json":{"title":"PINCE SERRE JOINT AUTOMATIQUE 7'' (LOCK JAW) A06200G | Groupe Beauchesne","robots":{"index":"index","follow":"follow","max-snippet":"max-snippet:-1","max-image-preview":"max-image-preview:large","max-video-preview":"max-video-preview:-1"},"canonical":"https:\/\/groupebeauchesne.com\/en\/product\/pince-serre-joint-automatique-7-lock-jaw-a06200g\/","og_locale":"en_US","og_type":"article","og_title":"PINCE SERRE JOINT AUTOMATIQUE 7'' (LOCK JAW) A06200G | Groupe Beauchesne","og_description":"PINCE SERRE JOINT AUTOMATIQUE 7&#8221; (LOCK JAW) A06200G","og_url":"https:\/\/groupebeauchesne.com\/en\/product\/pince-serre-joint-automatique-7-lock-jaw-a06200g\/","og_site_name":"Groupe Beauchesne","og_image":[{"width":560,"height":560,"url":"https:\/\/groupebeauchesne.com\/wp-content\/uploads\/2020\/10\/701440.jpg","type":"image\/jpeg"}],"twitter_card":"summary_large_image","schema":{"@context":"https:\/\/schema.org","@graph":[{"@type":"WebPage","@id":"https:\/\/groupebeauchesne.com\/en\/product\/pince-serre-joint-automatique-7-lock-jaw-a06200g\/","url":"https:\/\/groupebeauchesne.com\/en\/product\/pince-serre-joint-automatique-7-lock-jaw-a06200g\/","name":"PINCE SERRE JOINT AUTOMATIQUE 7'' (LOCK JAW) A06200G | Groupe Beauchesne","isPartOf":{"@id":"https:\/\/groupebeauchesne.com\/#website"},"primaryImageOfPage":{"@id":"https:\/\/groupebeauchesne.com\/en\/product\/pince-serre-joint-automatique-7-lock-jaw-a06200g\/#primaryimage"},"image":{"@id":"https:\/\/groupebeauchesne.com\/en\/product\/pince-serre-joint-automatique-7-lock-jaw-a06200g\/#primaryimage"},"thumbnailUrl":"https:\/\/groupebeauchesne.com\/wp-content\/uploads\/2020\/10\/701440.jpg","datePublished":"2020-09-25T20:17:31+00:00","breadcrumb":{"@id":"https:\/\/groupebeauchesne.com\/en\/product\/pince-serre-joint-automatique-7-lock-jaw-a06200g\/#breadcrumb"},"inLanguage":"en-CA","potentialAction":[{"@type":"ReadAction","target":["https:\/\/groupebeauchesne.com\/en\/product\/pince-serre-joint-automatique-7-lock-jaw-a06200g\/"]}]},{"@type":"ImageObject","inLanguage":"en-CA","@id":"https:\/\/groupebeauchesne.com\/en\/product\/pince-serre-joint-automatique-7-lock-jaw-a06200g\/#primaryimage","url":"https:\/\/groupebeauchesne.com\/wp-content\/uploads\/2020\/10\/701440.jpg","contentUrl":"https:\/\/groupebeauchesne.com\/wp-content\/uploads\/2020\/10\/701440.jpg","width":560,"height":560},{"@type":"BreadcrumbList","@id":"https:\/\/groupebeauchesne.com\/en\/product\/pince-serre-joint-automatique-7-lock-jaw-a06200g\/#breadcrumb","itemListElement":[{"@type":"ListItem","position":1,"name":"Home","item":"https:\/\/groupebeauchesne.com\/en\/"},{"@type":"ListItem","position":2,"name":"Online Catalog","item":"https:\/\/groupebeauchesne.com\/en\/?page_id=874"},{"@type":"ListItem","position":3,"name":"PINCE SERRE JOINT AUTOMATIQUE 7&#8221; (LOCK JAW) A06200G"}]},{"@type":"WebSite","@id":"https:\/\/groupebeauchesne.com\/#website","url":"https:\/\/groupebeauchesne.com\/","name":"Groupe Beauchesne","description":"La r\u00e9f\u00e9rence en syst\u00e8me d\u2019int\u00e9rieur","potentialAction":[{"@type":"SearchAction","target":{"@type":"EntryPoint","urlTemplate":"https:\/\/groupebeauchesne.com\/?s={search_term_string}"},"query-input":{"@type":"PropertyValueSpecification","valueRequired":true,"valueName":"search_term_string"}}],"inLanguage":"en-CA"}]}},"brands":[{"id":87,"name":"ARMOR TOOL","slug":"armor-tool"}],"_links":{"self":[{"href":"https:\/\/groupebeauchesne.com\/en\/wp-json\/wp\/v2\/product\/2701","targetHints":{"allow":["GET"]}}],"collection":[{"href":"https:\/\/groupebeauchesne.com\/en\/wp-json\/wp\/v2\/product"}],"about":[{"href":"https:\/\/groupebeauchesne.com\/en\/wp-json\/wp\/v2\/types\/product"}],"wp:featuredmedia":[{"embeddable":true,"href":"https:\/\/groupebeauchesne.com\/en\/wp-json\/wp\/v2\/media\/2182"}],"wp:attachment":[{"href":"https:\/\/groupebeauchesne.com\/en\/wp-json\/wp\/v2\/media?parent=2701"}],"wp:term":[{"taxonomy":"pwb-brand","embeddable":true,"href":"https:\/\/groupebeauchesne.com\/en\/wp-json\/wp\/v2\/pwb-brand?post=2701"},{"taxonomy":"product_brand","embeddable":true,"href":"https:\/\/groupebeauchesne.com\/en\/wp-json\/wp\/v2\/product_brand?post=2701"},{"taxonomy":"product_cat","embeddable":true,"href":"https:\/\/groupebeauchesne.com\/en\/wp-json\/wp\/v2\/product_cat?post=2701"},{"taxonomy":"product_tag","embeddable":true,"href":"https:\/\/groupebeauchesne.com\/en\/wp-json\/wp\/v2\/product_tag?post=2701"}],"curies":[{"name":"wp","href":"https:\/\/api.w.org\/{rel}","templated":true}]}}