{"id":2736,"date":"2020-09-25T19:55:39","date_gmt":"2020-09-25T19:55:39","guid":{"rendered":"https:\/\/groupebeauchesne.com\/product\/chevalet-3-x-30-alum-csa-st0696\/"},"modified":"2020-09-25T19:55:39","modified_gmt":"2020-09-25T19:55:39","slug":"chevalet-3-x-30-alum-csa-st0696","status":"publish","type":"product","link":"https:\/\/groupebeauchesne.com\/en\/product\/chevalet-3-x-30-alum-csa-st0696\/","title":{"rendered":"CHEVALET 3&#8242; X 30&#8221;  ALUM CSA ST0696"},"content":{"rendered":"<p>CHEVALET 3&#8242; X 30&#8221; ALUM CSA ST0696<\/p>\n","protected":false},"excerpt":{"rendered":"<p>CHEVALET 3&#8242; X 30&#8221; ALUM CSA ST0696<\/p>\n","protected":false},"featured_media":1194,"template":"","meta":{"_acf_changed":false},"pwb-brand":[168,61],"product_brand":[],"product_cat":[135],"product_tag":[],"class_list":{"0":"post-2736","1":"product","2":"type-product","3":"status-publish","4":"has-post-thumbnail","6":"pwb-brand-circle-brand","7":"pwb-brand-wallboard-trim-and-tools","8":"product_cat-scaffold-drywall-cart-plank","10":"first","11":"instock","12":"taxable","13":"shipping-taxable","14":"product-type-simple"},"acf":[],"yoast_head":"<!-- This site is optimized with the Yoast SEO plugin v27.2 - https:\/\/yoast.com\/product\/yoast-seo-wordpress\/ -->\n<title>CHEVALET 3&#039; X 30&#039;&#039; ALUM CSA ST0696 | Groupe Beauchesne<\/title>\n<meta name=\"robots\" content=\"index, follow, max-snippet:-1, max-image-preview:large, max-video-preview:-1\" \/>\n<link rel=\"canonical\" href=\"https:\/\/groupebeauchesne.com\/en\/product\/chevalet-3-x-30-alum-csa-st0696\/\" \/>\n<meta property=\"og:locale\" content=\"en_US\" \/>\n<meta property=\"og:type\" content=\"article\" \/>\n<meta property=\"og:title\" content=\"CHEVALET 3&#039; X 30&#039;&#039; ALUM CSA ST0696 | Groupe Beauchesne\" \/>\n<meta property=\"og:description\" content=\"CHEVALET 3&#8242; X 30&#8221; ALUM CSA ST0696\" \/>\n<meta property=\"og:url\" content=\"https:\/\/groupebeauchesne.com\/en\/product\/chevalet-3-x-30-alum-csa-st0696\/\" \/>\n<meta property=\"og:site_name\" content=\"Groupe Beauchesne\" \/>\n<meta property=\"og:image\" content=\"https:\/\/groupebeauchesne.com\/wp-content\/uploads\/2020\/09\/700836.png\" \/>\n\t<meta property=\"og:image:width\" content=\"500\" \/>\n\t<meta property=\"og:image:height\" content=\"500\" \/>\n\t<meta property=\"og:image:type\" content=\"image\/png\" \/>\n<meta name=\"twitter:card\" content=\"summary_large_image\" \/>\n<script type=\"application\/ld+json\" class=\"yoast-schema-graph\">{\"@context\":\"https:\/\/schema.org\",\"@graph\":[{\"@type\":\"WebPage\",\"@id\":\"https:\/\/groupebeauchesne.com\/en\/product\/chevalet-3-x-30-alum-csa-st0696\/\",\"url\":\"https:\/\/groupebeauchesne.com\/en\/product\/chevalet-3-x-30-alum-csa-st0696\/\",\"name\":\"CHEVALET 3' X 30'' ALUM CSA ST0696 | Groupe Beauchesne\",\"isPartOf\":{\"@id\":\"https:\/\/groupebeauchesne.com\/#website\"},\"primaryImageOfPage\":{\"@id\":\"https:\/\/groupebeauchesne.com\/en\/product\/chevalet-3-x-30-alum-csa-st0696\/#primaryimage\"},\"image\":{\"@id\":\"https:\/\/groupebeauchesne.com\/en\/product\/chevalet-3-x-30-alum-csa-st0696\/#primaryimage\"},\"thumbnailUrl\":\"https:\/\/groupebeauchesne.com\/wp-content\/uploads\/2020\/09\/700836.png\",\"datePublished\":\"2020-09-25T19:55:39+00:00\",\"breadcrumb\":{\"@id\":\"https:\/\/groupebeauchesne.com\/en\/product\/chevalet-3-x-30-alum-csa-st0696\/#breadcrumb\"},\"inLanguage\":\"en-CA\",\"potentialAction\":[{\"@type\":\"ReadAction\",\"target\":[\"https:\/\/groupebeauchesne.com\/en\/product\/chevalet-3-x-30-alum-csa-st0696\/\"]}]},{\"@type\":\"ImageObject\",\"inLanguage\":\"en-CA\",\"@id\":\"https:\/\/groupebeauchesne.com\/en\/product\/chevalet-3-x-30-alum-csa-st0696\/#primaryimage\",\"url\":\"https:\/\/groupebeauchesne.com\/wp-content\/uploads\/2020\/09\/700836.png\",\"contentUrl\":\"https:\/\/groupebeauchesne.com\/wp-content\/uploads\/2020\/09\/700836.png\",\"width\":500,\"height\":500},{\"@type\":\"BreadcrumbList\",\"@id\":\"https:\/\/groupebeauchesne.com\/en\/product\/chevalet-3-x-30-alum-csa-st0696\/#breadcrumb\",\"itemListElement\":[{\"@type\":\"ListItem\",\"position\":1,\"name\":\"Home\",\"item\":\"https:\/\/groupebeauchesne.com\/en\/\"},{\"@type\":\"ListItem\",\"position\":2,\"name\":\"Online Catalog\",\"item\":\"https:\/\/groupebeauchesne.com\/en\/?page_id=874\"},{\"@type\":\"ListItem\",\"position\":3,\"name\":\"CHEVALET 3&#8242; X 30&#8221; ALUM CSA ST0696\"}]},{\"@type\":\"WebSite\",\"@id\":\"https:\/\/groupebeauchesne.com\/#website\",\"url\":\"https:\/\/groupebeauchesne.com\/\",\"name\":\"Groupe Beauchesne\",\"description\":\"La r\u00e9f\u00e9rence en syst\u00e8me d\u2019int\u00e9rieur\",\"potentialAction\":[{\"@type\":\"SearchAction\",\"target\":{\"@type\":\"EntryPoint\",\"urlTemplate\":\"https:\/\/groupebeauchesne.com\/?s={search_term_string}\"},\"query-input\":{\"@type\":\"PropertyValueSpecification\",\"valueRequired\":true,\"valueName\":\"search_term_string\"}}],\"inLanguage\":\"en-CA\"}]}<\/script>\n<!-- \/ Yoast SEO plugin. -->","yoast_head_json":{"title":"CHEVALET 3' X 30'' ALUM CSA ST0696 | Groupe Beauchesne","robots":{"index":"index","follow":"follow","max-snippet":"max-snippet:-1","max-image-preview":"max-image-preview:large","max-video-preview":"max-video-preview:-1"},"canonical":"https:\/\/groupebeauchesne.com\/en\/product\/chevalet-3-x-30-alum-csa-st0696\/","og_locale":"en_US","og_type":"article","og_title":"CHEVALET 3' X 30'' ALUM CSA ST0696 | Groupe Beauchesne","og_description":"CHEVALET 3&#8242; X 30&#8221; ALUM CSA ST0696","og_url":"https:\/\/groupebeauchesne.com\/en\/product\/chevalet-3-x-30-alum-csa-st0696\/","og_site_name":"Groupe Beauchesne","og_image":[{"width":500,"height":500,"url":"https:\/\/groupebeauchesne.com\/wp-content\/uploads\/2020\/09\/700836.png","type":"image\/png"}],"twitter_card":"summary_large_image","schema":{"@context":"https:\/\/schema.org","@graph":[{"@type":"WebPage","@id":"https:\/\/groupebeauchesne.com\/en\/product\/chevalet-3-x-30-alum-csa-st0696\/","url":"https:\/\/groupebeauchesne.com\/en\/product\/chevalet-3-x-30-alum-csa-st0696\/","name":"CHEVALET 3' X 30'' ALUM CSA ST0696 | Groupe Beauchesne","isPartOf":{"@id":"https:\/\/groupebeauchesne.com\/#website"},"primaryImageOfPage":{"@id":"https:\/\/groupebeauchesne.com\/en\/product\/chevalet-3-x-30-alum-csa-st0696\/#primaryimage"},"image":{"@id":"https:\/\/groupebeauchesne.com\/en\/product\/chevalet-3-x-30-alum-csa-st0696\/#primaryimage"},"thumbnailUrl":"https:\/\/groupebeauchesne.com\/wp-content\/uploads\/2020\/09\/700836.png","datePublished":"2020-09-25T19:55:39+00:00","breadcrumb":{"@id":"https:\/\/groupebeauchesne.com\/en\/product\/chevalet-3-x-30-alum-csa-st0696\/#breadcrumb"},"inLanguage":"en-CA","potentialAction":[{"@type":"ReadAction","target":["https:\/\/groupebeauchesne.com\/en\/product\/chevalet-3-x-30-alum-csa-st0696\/"]}]},{"@type":"ImageObject","inLanguage":"en-CA","@id":"https:\/\/groupebeauchesne.com\/en\/product\/chevalet-3-x-30-alum-csa-st0696\/#primaryimage","url":"https:\/\/groupebeauchesne.com\/wp-content\/uploads\/2020\/09\/700836.png","contentUrl":"https:\/\/groupebeauchesne.com\/wp-content\/uploads\/2020\/09\/700836.png","width":500,"height":500},{"@type":"BreadcrumbList","@id":"https:\/\/groupebeauchesne.com\/en\/product\/chevalet-3-x-30-alum-csa-st0696\/#breadcrumb","itemListElement":[{"@type":"ListItem","position":1,"name":"Home","item":"https:\/\/groupebeauchesne.com\/en\/"},{"@type":"ListItem","position":2,"name":"Online Catalog","item":"https:\/\/groupebeauchesne.com\/en\/?page_id=874"},{"@type":"ListItem","position":3,"name":"CHEVALET 3&#8242; X 30&#8221; ALUM CSA ST0696"}]},{"@type":"WebSite","@id":"https:\/\/groupebeauchesne.com\/#website","url":"https:\/\/groupebeauchesne.com\/","name":"Groupe Beauchesne","description":"La r\u00e9f\u00e9rence en syst\u00e8me d\u2019int\u00e9rieur","potentialAction":[{"@type":"SearchAction","target":{"@type":"EntryPoint","urlTemplate":"https:\/\/groupebeauchesne.com\/?s={search_term_string}"},"query-input":{"@type":"PropertyValueSpecification","valueRequired":true,"valueName":"search_term_string"}}],"inLanguage":"en-CA"}]}},"brands":[{"id":168,"name":"CIRCLE BRAND","slug":"circle-brand"},{"id":61,"name":"WALLBOARD TRIM AND TOOLS","slug":"wallboard-trim-and-tools"}],"_links":{"self":[{"href":"https:\/\/groupebeauchesne.com\/en\/wp-json\/wp\/v2\/product\/2736","targetHints":{"allow":["GET"]}}],"collection":[{"href":"https:\/\/groupebeauchesne.com\/en\/wp-json\/wp\/v2\/product"}],"about":[{"href":"https:\/\/groupebeauchesne.com\/en\/wp-json\/wp\/v2\/types\/product"}],"wp:featuredmedia":[{"embeddable":true,"href":"https:\/\/groupebeauchesne.com\/en\/wp-json\/wp\/v2\/media\/1194"}],"wp:attachment":[{"href":"https:\/\/groupebeauchesne.com\/en\/wp-json\/wp\/v2\/media?parent=2736"}],"wp:term":[{"taxonomy":"pwb-brand","embeddable":true,"href":"https:\/\/groupebeauchesne.com\/en\/wp-json\/wp\/v2\/pwb-brand?post=2736"},{"taxonomy":"product_brand","embeddable":true,"href":"https:\/\/groupebeauchesne.com\/en\/wp-json\/wp\/v2\/product_brand?post=2736"},{"taxonomy":"product_cat","embeddable":true,"href":"https:\/\/groupebeauchesne.com\/en\/wp-json\/wp\/v2\/product_cat?post=2736"},{"taxonomy":"product_tag","embeddable":true,"href":"https:\/\/groupebeauchesne.com\/en\/wp-json\/wp\/v2\/product_tag?post=2736"}],"curies":[{"name":"wp","href":"https:\/\/api.w.org\/{rel}","templated":true}]}}