{"id":2764,"date":"2020-09-25T19:55:35","date_gmt":"2020-09-25T19:55:35","guid":{"rendered":"https:\/\/groupebeauchesne.com\/product\/truelle-a-coin-ajustable-90-a-135-degre-cb010\/"},"modified":"2020-10-13T15:46:11","modified_gmt":"2020-10-13T15:46:11","slug":"truelle-a-coin-ajustable-90-a-135-degre-cb010","status":"publish","type":"product","link":"https:\/\/groupebeauchesne.com\/en\/product\/truelle-a-coin-ajustable-90-a-135-degre-cb010\/","title":{"rendered":"TRUELLE A COIN AJUSTABLE  90 A 135 DEGRE CB010"},"content":{"rendered":"<p>TRUELLES A COIN AJUSTABLE 90 A 135 DEGR? CB010<\/p>\n","protected":false},"excerpt":{"rendered":"<p>TRUELLES A COIN AJUSTABLE 90 A 135 DEGR? CB010<\/p>\n","protected":false},"featured_media":1238,"template":"","meta":{"_acf_changed":false},"pwb-brand":[168,61],"product_brand":[],"product_cat":[158,145],"product_tag":[],"class_list":{"0":"post-2764","1":"product","2":"type-product","3":"status-publish","4":"has-post-thumbnail","6":"pwb-brand-circle-brand","7":"pwb-brand-wallboard-trim-and-tools","8":"product_cat-trowels-and-pans","9":"product_cat-various-plastering-tools","11":"first","12":"instock","13":"taxable","14":"shipping-taxable","15":"product-type-simple"},"acf":[],"yoast_head":"<!-- This site is optimized with the Yoast SEO plugin v27.2 - https:\/\/yoast.com\/product\/yoast-seo-wordpress\/ -->\n<title>TRUELLE A COIN AJUSTABLE 90 A 135 DEGRE CB010 | Groupe Beauchesne<\/title>\n<meta name=\"robots\" content=\"index, follow, max-snippet:-1, max-image-preview:large, max-video-preview:-1\" \/>\n<link rel=\"canonical\" href=\"https:\/\/groupebeauchesne.com\/en\/product\/truelle-a-coin-ajustable-90-a-135-degre-cb010\/\" \/>\n<meta property=\"og:locale\" content=\"en_US\" \/>\n<meta property=\"og:type\" content=\"article\" \/>\n<meta property=\"og:title\" content=\"TRUELLE A COIN AJUSTABLE 90 A 135 DEGRE CB010 | Groupe Beauchesne\" \/>\n<meta property=\"og:description\" content=\"TRUELLES A COIN AJUSTABLE 90 A 135 DEGR? CB010\" \/>\n<meta property=\"og:url\" content=\"https:\/\/groupebeauchesne.com\/en\/product\/truelle-a-coin-ajustable-90-a-135-degre-cb010\/\" \/>\n<meta property=\"og:site_name\" content=\"Groupe Beauchesne\" \/>\n<meta property=\"article:modified_time\" content=\"2020-10-13T15:46:11+00:00\" \/>\n<meta property=\"og:image\" content=\"https:\/\/groupebeauchesne.com\/wp-content\/uploads\/2020\/09\/701025.jpg\" \/>\n\t<meta property=\"og:image:width\" content=\"225\" \/>\n\t<meta property=\"og:image:height\" content=\"225\" \/>\n\t<meta property=\"og:image:type\" content=\"image\/jpeg\" \/>\n<meta name=\"twitter:card\" content=\"summary_large_image\" \/>\n<script type=\"application\/ld+json\" class=\"yoast-schema-graph\">{\"@context\":\"https:\/\/schema.org\",\"@graph\":[{\"@type\":\"WebPage\",\"@id\":\"https:\/\/groupebeauchesne.com\/en\/product\/truelle-a-coin-ajustable-90-a-135-degre-cb010\/\",\"url\":\"https:\/\/groupebeauchesne.com\/en\/product\/truelle-a-coin-ajustable-90-a-135-degre-cb010\/\",\"name\":\"TRUELLE A COIN AJUSTABLE 90 A 135 DEGRE CB010 | Groupe Beauchesne\",\"isPartOf\":{\"@id\":\"https:\/\/groupebeauchesne.com\/#website\"},\"primaryImageOfPage\":{\"@id\":\"https:\/\/groupebeauchesne.com\/en\/product\/truelle-a-coin-ajustable-90-a-135-degre-cb010\/#primaryimage\"},\"image\":{\"@id\":\"https:\/\/groupebeauchesne.com\/en\/product\/truelle-a-coin-ajustable-90-a-135-degre-cb010\/#primaryimage\"},\"thumbnailUrl\":\"https:\/\/groupebeauchesne.com\/wp-content\/uploads\/2020\/09\/701025.jpg\",\"datePublished\":\"2020-09-25T19:55:35+00:00\",\"dateModified\":\"2020-10-13T15:46:11+00:00\",\"breadcrumb\":{\"@id\":\"https:\/\/groupebeauchesne.com\/en\/product\/truelle-a-coin-ajustable-90-a-135-degre-cb010\/#breadcrumb\"},\"inLanguage\":\"en-CA\",\"potentialAction\":[{\"@type\":\"ReadAction\",\"target\":[\"https:\/\/groupebeauchesne.com\/en\/product\/truelle-a-coin-ajustable-90-a-135-degre-cb010\/\"]}]},{\"@type\":\"ImageObject\",\"inLanguage\":\"en-CA\",\"@id\":\"https:\/\/groupebeauchesne.com\/en\/product\/truelle-a-coin-ajustable-90-a-135-degre-cb010\/#primaryimage\",\"url\":\"https:\/\/groupebeauchesne.com\/wp-content\/uploads\/2020\/09\/701025.jpg\",\"contentUrl\":\"https:\/\/groupebeauchesne.com\/wp-content\/uploads\/2020\/09\/701025.jpg\",\"width\":225,\"height\":225},{\"@type\":\"BreadcrumbList\",\"@id\":\"https:\/\/groupebeauchesne.com\/en\/product\/truelle-a-coin-ajustable-90-a-135-degre-cb010\/#breadcrumb\",\"itemListElement\":[{\"@type\":\"ListItem\",\"position\":1,\"name\":\"Home\",\"item\":\"https:\/\/groupebeauchesne.com\/en\/\"},{\"@type\":\"ListItem\",\"position\":2,\"name\":\"Online Catalog\",\"item\":\"https:\/\/groupebeauchesne.com\/en\/?page_id=874\"},{\"@type\":\"ListItem\",\"position\":3,\"name\":\"TRUELLE A COIN AJUSTABLE 90 A 135 DEGRE CB010\"}]},{\"@type\":\"WebSite\",\"@id\":\"https:\/\/groupebeauchesne.com\/#website\",\"url\":\"https:\/\/groupebeauchesne.com\/\",\"name\":\"Groupe Beauchesne\",\"description\":\"La r\u00e9f\u00e9rence en syst\u00e8me d\u2019int\u00e9rieur\",\"potentialAction\":[{\"@type\":\"SearchAction\",\"target\":{\"@type\":\"EntryPoint\",\"urlTemplate\":\"https:\/\/groupebeauchesne.com\/?s={search_term_string}\"},\"query-input\":{\"@type\":\"PropertyValueSpecification\",\"valueRequired\":true,\"valueName\":\"search_term_string\"}}],\"inLanguage\":\"en-CA\"}]}<\/script>\n<!-- \/ Yoast SEO plugin. -->","yoast_head_json":{"title":"TRUELLE A COIN AJUSTABLE 90 A 135 DEGRE CB010 | Groupe Beauchesne","robots":{"index":"index","follow":"follow","max-snippet":"max-snippet:-1","max-image-preview":"max-image-preview:large","max-video-preview":"max-video-preview:-1"},"canonical":"https:\/\/groupebeauchesne.com\/en\/product\/truelle-a-coin-ajustable-90-a-135-degre-cb010\/","og_locale":"en_US","og_type":"article","og_title":"TRUELLE A COIN AJUSTABLE 90 A 135 DEGRE CB010 | Groupe Beauchesne","og_description":"TRUELLES A COIN AJUSTABLE 90 A 135 DEGR? CB010","og_url":"https:\/\/groupebeauchesne.com\/en\/product\/truelle-a-coin-ajustable-90-a-135-degre-cb010\/","og_site_name":"Groupe Beauchesne","article_modified_time":"2020-10-13T15:46:11+00:00","og_image":[{"width":225,"height":225,"url":"https:\/\/groupebeauchesne.com\/wp-content\/uploads\/2020\/09\/701025.jpg","type":"image\/jpeg"}],"twitter_card":"summary_large_image","schema":{"@context":"https:\/\/schema.org","@graph":[{"@type":"WebPage","@id":"https:\/\/groupebeauchesne.com\/en\/product\/truelle-a-coin-ajustable-90-a-135-degre-cb010\/","url":"https:\/\/groupebeauchesne.com\/en\/product\/truelle-a-coin-ajustable-90-a-135-degre-cb010\/","name":"TRUELLE A COIN AJUSTABLE 90 A 135 DEGRE CB010 | Groupe Beauchesne","isPartOf":{"@id":"https:\/\/groupebeauchesne.com\/#website"},"primaryImageOfPage":{"@id":"https:\/\/groupebeauchesne.com\/en\/product\/truelle-a-coin-ajustable-90-a-135-degre-cb010\/#primaryimage"},"image":{"@id":"https:\/\/groupebeauchesne.com\/en\/product\/truelle-a-coin-ajustable-90-a-135-degre-cb010\/#primaryimage"},"thumbnailUrl":"https:\/\/groupebeauchesne.com\/wp-content\/uploads\/2020\/09\/701025.jpg","datePublished":"2020-09-25T19:55:35+00:00","dateModified":"2020-10-13T15:46:11+00:00","breadcrumb":{"@id":"https:\/\/groupebeauchesne.com\/en\/product\/truelle-a-coin-ajustable-90-a-135-degre-cb010\/#breadcrumb"},"inLanguage":"en-CA","potentialAction":[{"@type":"ReadAction","target":["https:\/\/groupebeauchesne.com\/en\/product\/truelle-a-coin-ajustable-90-a-135-degre-cb010\/"]}]},{"@type":"ImageObject","inLanguage":"en-CA","@id":"https:\/\/groupebeauchesne.com\/en\/product\/truelle-a-coin-ajustable-90-a-135-degre-cb010\/#primaryimage","url":"https:\/\/groupebeauchesne.com\/wp-content\/uploads\/2020\/09\/701025.jpg","contentUrl":"https:\/\/groupebeauchesne.com\/wp-content\/uploads\/2020\/09\/701025.jpg","width":225,"height":225},{"@type":"BreadcrumbList","@id":"https:\/\/groupebeauchesne.com\/en\/product\/truelle-a-coin-ajustable-90-a-135-degre-cb010\/#breadcrumb","itemListElement":[{"@type":"ListItem","position":1,"name":"Home","item":"https:\/\/groupebeauchesne.com\/en\/"},{"@type":"ListItem","position":2,"name":"Online Catalog","item":"https:\/\/groupebeauchesne.com\/en\/?page_id=874"},{"@type":"ListItem","position":3,"name":"TRUELLE A COIN AJUSTABLE 90 A 135 DEGRE CB010"}]},{"@type":"WebSite","@id":"https:\/\/groupebeauchesne.com\/#website","url":"https:\/\/groupebeauchesne.com\/","name":"Groupe Beauchesne","description":"La r\u00e9f\u00e9rence en syst\u00e8me d\u2019int\u00e9rieur","potentialAction":[{"@type":"SearchAction","target":{"@type":"EntryPoint","urlTemplate":"https:\/\/groupebeauchesne.com\/?s={search_term_string}"},"query-input":{"@type":"PropertyValueSpecification","valueRequired":true,"valueName":"search_term_string"}}],"inLanguage":"en-CA"}]}},"brands":[{"id":168,"name":"CIRCLE BRAND","slug":"circle-brand"},{"id":61,"name":"WALLBOARD TRIM AND TOOLS","slug":"wallboard-trim-and-tools"}],"_links":{"self":[{"href":"https:\/\/groupebeauchesne.com\/en\/wp-json\/wp\/v2\/product\/2764","targetHints":{"allow":["GET"]}}],"collection":[{"href":"https:\/\/groupebeauchesne.com\/en\/wp-json\/wp\/v2\/product"}],"about":[{"href":"https:\/\/groupebeauchesne.com\/en\/wp-json\/wp\/v2\/types\/product"}],"wp:featuredmedia":[{"embeddable":true,"href":"https:\/\/groupebeauchesne.com\/en\/wp-json\/wp\/v2\/media\/1238"}],"wp:attachment":[{"href":"https:\/\/groupebeauchesne.com\/en\/wp-json\/wp\/v2\/media?parent=2764"}],"wp:term":[{"taxonomy":"pwb-brand","embeddable":true,"href":"https:\/\/groupebeauchesne.com\/en\/wp-json\/wp\/v2\/pwb-brand?post=2764"},{"taxonomy":"product_brand","embeddable":true,"href":"https:\/\/groupebeauchesne.com\/en\/wp-json\/wp\/v2\/product_brand?post=2764"},{"taxonomy":"product_cat","embeddable":true,"href":"https:\/\/groupebeauchesne.com\/en\/wp-json\/wp\/v2\/product_cat?post=2764"},{"taxonomy":"product_tag","embeddable":true,"href":"https:\/\/groupebeauchesne.com\/en\/wp-json\/wp\/v2\/product_tag?post=2764"}],"curies":[{"name":"wp","href":"https:\/\/api.w.org\/{rel}","templated":true}]}}