{"id":2810,"date":"2020-08-25T15:17:05","date_gmt":"2020-08-25T15:17:05","guid":{"rendered":"https:\/\/groupebeauchesne.com\/product\/pince-couper-9-crescent\/"},"modified":"2020-08-25T15:17:05","modified_gmt":"2020-08-25T15:17:05","slug":"pince-couper-9-crescent","status":"publish","type":"product","link":"https:\/\/groupebeauchesne.com\/en\/product\/pince-couper-9-crescent\/","title":{"rendered":"PINCE RONDE  A COUPER  9&#8221;  CRESCENT 729CVN"},"content":{"rendered":"<p>PINCE A COUPER\u00a0 ARRONDI 9&#8221; (NIPPER) CRESCENT 729CVN<\/p>\n","protected":false},"excerpt":{"rendered":"<p>PINCE A COUPER\u00a0 ARRONDI 9&#8221; (NIPPER) CRESCENT 729CVN<\/p>\n","protected":false},"featured_media":1440,"template":"","meta":{"_acf_changed":false},"pwb-brand":[86,184],"product_brand":[],"product_cat":[149],"product_tag":[],"class_list":{"0":"post-2810","1":"product","2":"type-product","3":"status-publish","4":"has-post-thumbnail","6":"pwb-brand-apex-tools","7":"pwb-brand-crescent-wiss","8":"product_cat-pliers-and-snips","10":"first","11":"instock","12":"taxable","13":"shipping-taxable","14":"product-type-simple"},"acf":[],"yoast_head":"<!-- This site is optimized with the Yoast SEO plugin v27.4 - https:\/\/yoast.com\/product\/yoast-seo-wordpress\/ -->\n<title>PINCE RONDE A COUPER 9&#039;&#039; CRESCENT 729CVN | Groupe Beauchesne<\/title>\n<meta name=\"robots\" content=\"index, follow, max-snippet:-1, max-image-preview:large, max-video-preview:-1\" \/>\n<link rel=\"canonical\" href=\"https:\/\/groupebeauchesne.com\/en\/product\/pince-couper-9-crescent\/\" \/>\n<meta property=\"og:locale\" content=\"en_US\" \/>\n<meta property=\"og:type\" content=\"article\" \/>\n<meta property=\"og:title\" content=\"PINCE RONDE A COUPER 9&#039;&#039; CRESCENT 729CVN | Groupe Beauchesne\" \/>\n<meta property=\"og:description\" content=\"PINCE A COUPER\u00a0 ARRONDI 9&#8221; (NIPPER) CRESCENT 729CVN\" \/>\n<meta property=\"og:url\" content=\"https:\/\/groupebeauchesne.com\/en\/product\/pince-couper-9-crescent\/\" \/>\n<meta property=\"og:site_name\" content=\"Groupe Beauchesne\" \/>\n<meta property=\"og:image\" content=\"https:\/\/groupebeauchesne.com\/wp-content\/uploads\/2020\/09\/700889.jpg\" \/>\n\t<meta property=\"og:image:width\" content=\"499\" \/>\n\t<meta property=\"og:image:height\" content=\"500\" \/>\n\t<meta property=\"og:image:type\" content=\"image\/jpeg\" \/>\n<meta name=\"twitter:card\" content=\"summary_large_image\" \/>\n<script type=\"application\/ld+json\" class=\"yoast-schema-graph\">{\"@context\":\"https:\\\/\\\/schema.org\",\"@graph\":[{\"@type\":\"WebPage\",\"@id\":\"https:\\\/\\\/groupebeauchesne.com\\\/en\\\/product\\\/pince-couper-9-crescent\\\/\",\"url\":\"https:\\\/\\\/groupebeauchesne.com\\\/en\\\/product\\\/pince-couper-9-crescent\\\/\",\"name\":\"PINCE RONDE A COUPER 9'' CRESCENT 729CVN | Groupe Beauchesne\",\"isPartOf\":{\"@id\":\"https:\\\/\\\/groupebeauchesne.com\\\/#website\"},\"primaryImageOfPage\":{\"@id\":\"https:\\\/\\\/groupebeauchesne.com\\\/en\\\/product\\\/pince-couper-9-crescent\\\/#primaryimage\"},\"image\":{\"@id\":\"https:\\\/\\\/groupebeauchesne.com\\\/en\\\/product\\\/pince-couper-9-crescent\\\/#primaryimage\"},\"thumbnailUrl\":\"https:\\\/\\\/groupebeauchesne.com\\\/wp-content\\\/uploads\\\/2020\\\/09\\\/700889.jpg\",\"datePublished\":\"2020-08-25T15:17:05+00:00\",\"breadcrumb\":{\"@id\":\"https:\\\/\\\/groupebeauchesne.com\\\/en\\\/product\\\/pince-couper-9-crescent\\\/#breadcrumb\"},\"inLanguage\":\"en-CA\",\"potentialAction\":[{\"@type\":\"ReadAction\",\"target\":[\"https:\\\/\\\/groupebeauchesne.com\\\/en\\\/product\\\/pince-couper-9-crescent\\\/\"]}]},{\"@type\":\"ImageObject\",\"inLanguage\":\"en-CA\",\"@id\":\"https:\\\/\\\/groupebeauchesne.com\\\/en\\\/product\\\/pince-couper-9-crescent\\\/#primaryimage\",\"url\":\"https:\\\/\\\/groupebeauchesne.com\\\/wp-content\\\/uploads\\\/2020\\\/09\\\/700889.jpg\",\"contentUrl\":\"https:\\\/\\\/groupebeauchesne.com\\\/wp-content\\\/uploads\\\/2020\\\/09\\\/700889.jpg\",\"width\":499,\"height\":500},{\"@type\":\"BreadcrumbList\",\"@id\":\"https:\\\/\\\/groupebeauchesne.com\\\/en\\\/product\\\/pince-couper-9-crescent\\\/#breadcrumb\",\"itemListElement\":[{\"@type\":\"ListItem\",\"position\":1,\"name\":\"Home\",\"item\":\"https:\\\/\\\/groupebeauchesne.com\\\/en\\\/\"},{\"@type\":\"ListItem\",\"position\":2,\"name\":\"Online Catalog\",\"item\":\"https:\\\/\\\/groupebeauchesne.com\\\/en\\\/?page_id=874\"},{\"@type\":\"ListItem\",\"position\":3,\"name\":\"PINCE RONDE A COUPER 9&#8221; CRESCENT 729CVN\"}]},{\"@type\":\"WebSite\",\"@id\":\"https:\\\/\\\/groupebeauchesne.com\\\/#website\",\"url\":\"https:\\\/\\\/groupebeauchesne.com\\\/\",\"name\":\"Groupe Beauchesne\",\"description\":\"La r\u00e9f\u00e9rence en syst\u00e8me d\u2019int\u00e9rieur\",\"potentialAction\":[{\"@type\":\"SearchAction\",\"target\":{\"@type\":\"EntryPoint\",\"urlTemplate\":\"https:\\\/\\\/groupebeauchesne.com\\\/?s={search_term_string}\"},\"query-input\":{\"@type\":\"PropertyValueSpecification\",\"valueRequired\":true,\"valueName\":\"search_term_string\"}}],\"inLanguage\":\"en-CA\"}]}<\/script>\n<!-- \/ Yoast SEO plugin. -->","yoast_head_json":{"title":"PINCE RONDE A COUPER 9'' CRESCENT 729CVN | Groupe Beauchesne","robots":{"index":"index","follow":"follow","max-snippet":"max-snippet:-1","max-image-preview":"max-image-preview:large","max-video-preview":"max-video-preview:-1"},"canonical":"https:\/\/groupebeauchesne.com\/en\/product\/pince-couper-9-crescent\/","og_locale":"en_US","og_type":"article","og_title":"PINCE RONDE A COUPER 9'' CRESCENT 729CVN | Groupe Beauchesne","og_description":"PINCE A COUPER\u00a0 ARRONDI 9&#8221; (NIPPER) CRESCENT 729CVN","og_url":"https:\/\/groupebeauchesne.com\/en\/product\/pince-couper-9-crescent\/","og_site_name":"Groupe Beauchesne","og_image":[{"width":499,"height":500,"url":"https:\/\/groupebeauchesne.com\/wp-content\/uploads\/2020\/09\/700889.jpg","type":"image\/jpeg"}],"twitter_card":"summary_large_image","schema":{"@context":"https:\/\/schema.org","@graph":[{"@type":"WebPage","@id":"https:\/\/groupebeauchesne.com\/en\/product\/pince-couper-9-crescent\/","url":"https:\/\/groupebeauchesne.com\/en\/product\/pince-couper-9-crescent\/","name":"PINCE RONDE A COUPER 9'' CRESCENT 729CVN | Groupe Beauchesne","isPartOf":{"@id":"https:\/\/groupebeauchesne.com\/#website"},"primaryImageOfPage":{"@id":"https:\/\/groupebeauchesne.com\/en\/product\/pince-couper-9-crescent\/#primaryimage"},"image":{"@id":"https:\/\/groupebeauchesne.com\/en\/product\/pince-couper-9-crescent\/#primaryimage"},"thumbnailUrl":"https:\/\/groupebeauchesne.com\/wp-content\/uploads\/2020\/09\/700889.jpg","datePublished":"2020-08-25T15:17:05+00:00","breadcrumb":{"@id":"https:\/\/groupebeauchesne.com\/en\/product\/pince-couper-9-crescent\/#breadcrumb"},"inLanguage":"en-CA","potentialAction":[{"@type":"ReadAction","target":["https:\/\/groupebeauchesne.com\/en\/product\/pince-couper-9-crescent\/"]}]},{"@type":"ImageObject","inLanguage":"en-CA","@id":"https:\/\/groupebeauchesne.com\/en\/product\/pince-couper-9-crescent\/#primaryimage","url":"https:\/\/groupebeauchesne.com\/wp-content\/uploads\/2020\/09\/700889.jpg","contentUrl":"https:\/\/groupebeauchesne.com\/wp-content\/uploads\/2020\/09\/700889.jpg","width":499,"height":500},{"@type":"BreadcrumbList","@id":"https:\/\/groupebeauchesne.com\/en\/product\/pince-couper-9-crescent\/#breadcrumb","itemListElement":[{"@type":"ListItem","position":1,"name":"Home","item":"https:\/\/groupebeauchesne.com\/en\/"},{"@type":"ListItem","position":2,"name":"Online Catalog","item":"https:\/\/groupebeauchesne.com\/en\/?page_id=874"},{"@type":"ListItem","position":3,"name":"PINCE RONDE A COUPER 9&#8221; CRESCENT 729CVN"}]},{"@type":"WebSite","@id":"https:\/\/groupebeauchesne.com\/#website","url":"https:\/\/groupebeauchesne.com\/","name":"Groupe Beauchesne","description":"La r\u00e9f\u00e9rence en syst\u00e8me d\u2019int\u00e9rieur","potentialAction":[{"@type":"SearchAction","target":{"@type":"EntryPoint","urlTemplate":"https:\/\/groupebeauchesne.com\/?s={search_term_string}"},"query-input":{"@type":"PropertyValueSpecification","valueRequired":true,"valueName":"search_term_string"}}],"inLanguage":"en-CA"}]}},"brands":[{"id":86,"name":"APEX TOOLS","slug":"apex-tools"},{"id":184,"name":"CRESCENT -WISS","slug":"crescent-wiss"}],"_links":{"self":[{"href":"https:\/\/groupebeauchesne.com\/en\/wp-json\/wp\/v2\/product\/2810","targetHints":{"allow":["GET"]}}],"collection":[{"href":"https:\/\/groupebeauchesne.com\/en\/wp-json\/wp\/v2\/product"}],"about":[{"href":"https:\/\/groupebeauchesne.com\/en\/wp-json\/wp\/v2\/types\/product"}],"wp:featuredmedia":[{"embeddable":true,"href":"https:\/\/groupebeauchesne.com\/en\/wp-json\/wp\/v2\/media\/1440"}],"wp:attachment":[{"href":"https:\/\/groupebeauchesne.com\/en\/wp-json\/wp\/v2\/media?parent=2810"}],"wp:term":[{"taxonomy":"pwb-brand","embeddable":true,"href":"https:\/\/groupebeauchesne.com\/en\/wp-json\/wp\/v2\/pwb-brand?post=2810"},{"taxonomy":"product_brand","embeddable":true,"href":"https:\/\/groupebeauchesne.com\/en\/wp-json\/wp\/v2\/product_brand?post=2810"},{"taxonomy":"product_cat","embeddable":true,"href":"https:\/\/groupebeauchesne.com\/en\/wp-json\/wp\/v2\/product_cat?post=2810"},{"taxonomy":"product_tag","embeddable":true,"href":"https:\/\/groupebeauchesne.com\/en\/wp-json\/wp\/v2\/product_tag?post=2810"}],"curies":[{"name":"wp","href":"https:\/\/api.w.org\/{rel}","templated":true}]}}